{"id":7925,"date":"2023-04-13T08:00:42","date_gmt":"2023-04-13T06:00:42","guid":{"rendered":"https:\/\/www.ira-nantes.gouv.fr\/?page_id=7925"},"modified":"2026-03-04T14:49:01","modified_gmt":"2026-03-04T13:49:01","slug":"presentation-cpt-jlg","status":"publish","type":"page","link":"https:\/\/www.ira-nantes.gouv.fr\/index.php\/presentation-cpt-jlg\/","title":{"rendered":"Pr\u00e9sentation"},"content":{"rendered":"<p>[et_pb_section fb_built=\u00a0\u00bb1&Prime; _builder_version=\u00a0\u00bb4.16&Prime; custom_padding=\u00a0\u00bb0|0px|0|0|false|false\u00a0\u00bb global_colors_info=\u00a0\u00bb{}\u00a0\u00bb][et_pb_row column_structure=\u00a0\u00bb3_4,1_4&Prime; _builder_version=\u00a0\u00bb4.25.0&Prime; custom_margin=\u00a0\u00bb|auto||148px|false|false\u00a0\u00bb custom_margin_tablet=\u00a0\u00bb|||0px|false|false\u00a0\u00bb custom_margin_phone=\u00a0\u00bb|||0px|false|false\u00a0\u00bb custom_margin_last_edited=\u00a0\u00bbon|desktop\u00a0\u00bb custom_padding=\u00a0\u00bb0px|0|0px|0|false|false\u00a0\u00bb global_colors_info=\u00a0\u00bb{}\u00a0\u00bb][et_pb_column type=\u00a0\u00bb3_4&Prime; _builder_version=\u00a0\u00bb4.16&Prime; custom_padding=\u00a0\u00bb|||\u00a0\u00bb global_colors_info=\u00a0\u00bb{}\u00a0\u00bb custom_padding__hover=\u00a0\u00bb|||\u00a0\u00bb][et_pb_text _builder_version=\u00a0\u00bb4.27.4&Prime; text_font=\u00a0\u00bb|700|||||||\u00a0\u00bb text_text_color=\u00a0\u00bb#E09900&Prime; text_font_size=\u00a0\u00bb1.5em\u00a0\u00bb text_line_height=\u00a0\u00bb1.6em\u00a0\u00bb hover_enabled=\u00a0\u00bb0&Prime; global_colors_info=\u00a0\u00bb{}\u00a0\u00bb sticky_enabled=\u00a0\u00bb0&Prime; min_height=\u00a0\u00bb35px\u00a0\u00bb custom_padding=\u00a0\u00bb49px|||||\u00a0\u00bb]<\/p>\n<h1><strong><span style=\"color: #0000ff;\">\u00a0 \u00a0 \u00a0 \u00a0 \u00a0 \u00a0 \u00a0Classe Pr\u00e9pa Talents 2026 &#8211; 2027<\/span><\/strong><\/h1>\n<p>[\/et_pb_text][et_pb_image src=\u00a0\u00bbhttps:\/\/www.ira-nantes.gouv.fr\/wp-content\/uploads\/2026\/03\/Campagne-CPT-1-Affiche-IRA.png\u00a0\u00bb title_text=\u00a0\u00bbCampagne CPT-1-Affiche IRA\u00a0\u00bb align_tablet=\u00a0\u00bbcenter\u00a0\u00bb align_phone=\u00a0\u00bbcenter\u00a0\u00bb align_last_edited=\u00a0\u00bbon|desktop\u00a0\u00bb _builder_version=\u00a0\u00bb4.27.4&Prime; global_colors_info=\u00a0\u00bb{}\u00a0\u00bb custom_padding=\u00a0\u00bb0px|||||\u00a0\u00bb custom_margin=\u00a0\u00bb43px|||||\u00a0\u00bb][\/et_pb_image][et_pb_text _builder_version=\u00a0\u00bb4.27.4&Prime; text_font=\u00a0\u00bb|700|||||||\u00a0\u00bb text_text_color=\u00a0\u00bb#E09900&Prime; text_font_size=\u00a0\u00bb1.5em\u00a0\u00bb text_line_height=\u00a0\u00bb1.6em\u00a0\u00bb link_option_url=\u00a0\u00bbhttps:\/\/www.ira-nantes.gouv.fr\/wp-content\/uploads\/2026\/03\/Plaquette-CPT-2026.pdf\u00a0\u00bb hover_enabled=\u00a0\u00bb0&Prime; global_colors_info=\u00a0\u00bb{}\u00a0\u00bb sticky_enabled=\u00a0\u00bb0&Prime;]<\/p>\n<p><span style=\"text-decoration: underline; color: #ff6600;\">Fascicule \u00ab\u00a0Pr\u00e9pa Talents\u00a0\u00bb<\/span><\/p>\n<p>[\/et_pb_text][et_pb_text _builder_version=\u00a0\u00bb4.27.4&Prime; text_font=\u00a0\u00bb||||||||\u00a0\u00bb header_font=\u00a0\u00bb||||||||\u00a0\u00bb header_text_color=\u00a0\u00bb#0c71c3&Prime; box_shadow_style=\u00a0\u00bbpreset4&Prime; box_shadow_blur=\u00a0\u00bb9px\u00a0\u00bb box_shadow_spread=\u00a0\u00bb-6px\u00a0\u00bb global_colors_info=\u00a0\u00bb{}\u00a0\u00bb]<\/p>\n<h3><span style=\"color: #3366ff;\"><strong>La Pr\u00e9pa Talents de l&rsquo;IRA de Nantes<br \/><\/strong><\/span><\/h3>\n<p>La classe Pr\u00e9pa Talents de l&rsquo;IRA de Nantes s&rsquo;inscrit dans le plan \u00ab\u00a0<a href=\"https:\/\/www.fonction-publique.gouv.fr\/devenir-agent-public\/legalite-des-chances-le-plan-talents-du-service-public\" target=\"_blank\" rel=\"noopener noreferrer\"><span style=\"color: #3366ff;\">Talents du service public<\/span><\/a>\u00ab\u00a0, annonc\u00e9 par le Pr\u00e9sident de la R\u00e9publique lors de sa venue \u00e0 l&rsquo;IRA de Nantes le 11 f\u00e9vrier 2021.<\/p>\n<p>La mise en place des classes Pr\u00e9pa Talents aux Instituts r\u00e9gionaux d&rsquo;administration, a vocation \u00e0 permettre \u00e0 <strong>tous ceux qui souhaitent servir l&rsquo;int\u00e9r\u00eat g\u00e9n\u00e9ral, quel que soit leur milieu d&rsquo;origine, d&rsquo;int\u00e9grer l&rsquo;IRA dans les meilleures conditions, et de servir deux objectifs :<br \/><\/strong><a href=\"https:\/\/www.fonction-publique.gouv.fr\/devenir-agent-public\/le-plan-talents-du-service-public-des-mesures-concretes-et-ambitieuses-pour-les-jeunes\" target=\"_blank\" rel=\"noopener noreferrer\"><strong><span style=\"color: #3366ff;\">Lutter contre l'\u00a0\u00bbautocensure\u00a0\u00bb<\/span> <\/strong><\/a>des jeunes face aux concours de la fonction publique, et <a href=\"https:\/\/www.fonction-publique.gouv.fr\/devenir-agent-public\/le-plan-talents-du-service-public-des-mesures-concretes-et-ambitieuses-pour-les-jeunes\" target=\"_blank\" rel=\"noopener noreferrer\"><strong><span style=\"color: #3366ff;\">diversifier la fonction publique<\/span><\/strong><\/a><\/p>\n<p><span style=\"color: #3366ff;\"><strong>La pr\u00e9pa talent, c\u2019est quoi ?<\/strong><\/span><\/p>\n<ul>\n<li>Une pr\u00e9paration intensive au concours de l\u2019ira de Nantes<\/li>\n<li>Une formation de 1 an gratuite et dipl\u00f4mante<\/li>\n<li>Une bourse suppl\u00e9mentaire de <span style=\"color: #0000ff;\">5000 \u20ac<\/span><\/li>\n<li>Un soutien pour le logement et la restauration<\/li>\n<li>Un stage en immersion<\/li>\n<li>L\u2019acc\u00e8s \u00e0 une grande diversit\u00e9 de m\u00e9tiers de cadres du service public<\/li>\n<\/ul>\n<p><span style=\"color: #3366ff;\"><strong>Comment \u00e7a se passe ?<\/strong><\/span><\/p>\n<ul>\n<li>Des enseignements intensifs en droit, finances et politiques publiques<\/li>\n<li>Un tutorat personnalise<\/li>\n<li>L\u2019entrainement aux \u00e9preuves du concours<\/li>\n<li>De septembre 2026 \u00e0 juin 2027<\/li>\n<li>4 lieux de formation au choix : Nantes &#8211; Rennes &#8211; Brest \u2013 Limoges<\/li>\n<\/ul>\n<p><span style=\"color: #3366ff;\"><strong>Pour qui ?<\/strong><\/span><\/p>\n<ul>\n<li>\u00c9tudiants boursiers titulaires d\u2019un bac +3 et plus<\/li>\n<li>Demandeurs d\u2019emploi justifiant d\u2019au moins 5 ann\u00e9es d\u2019exp\u00e9riences professionnelles dans le secteur priv\u00e9<\/li>\n<\/ul>\n<p><span style=\"color: #3366ff;\"><strong>Comment \u00e7a se passe ?<\/strong><\/span><\/p>\n<ol>\n<li>Un dossier \u00e0 remplir<\/li>\n<li>Un examen de votre candidature<\/li>\n<li>Un entretien de motivation avec un jury<\/li>\n<\/ol>\n<p>Avec pr\u00e8s de <span style=\"color: #3366ff;\"><strong>80%<\/strong><\/span> de taux d\u2019insertion professionnelle \u00e0 l\u2019issue de cette pr\u00e9paration (tous concours confondus), et la possibilit\u00e9 de se voir d\u00e9livrer une Licence d\u2019administration publique, la classe pr\u00e9pa Talents est une vraie opportunit\u00e9\u00a0!<\/p>\n<p>Les \u00e9l\u00e8ves qui int\u00e8grent l&rsquo;IRA de Nantes pourront, \u00e0 l&rsquo;issue de 8 mois de formation au sein de l&rsquo;institut, occuper un premier poste dans le Grand Ouest ou en R\u00e9gion Parisienne et acc\u00e9der au statut de fonctionnaire, en tant qu&rsquo;attach\u00e9 d&rsquo;administration de l\u2019\u00c9tat.<\/p>\n<p>Oubliez vite les clich\u00e9s sur les fonctionnaires qui sont enferm\u00e9s dans une carri\u00e8re pr\u00e9d\u00e9termin\u00e9e et monotone: apr\u00e8s l&rsquo;IRA de Nantes, un parcours ouvert, diversifi\u00e9 et ascendant s&rsquo;offre \u00e0 vous.<\/p>\n<p>En tant que cadre interminist\u00e9riel vous pourrez naviguer entre diff\u00e9rentes administrations &#8211; \u00e0 Paris, dans toutes les r\u00e9gions de France, et m\u00eame en outre-mer &#8211; au sein de tous les minist\u00e8res et au service de toutes les politiques publiques : la transition \u00e9cologique, les finances, l&rsquo;\u00e9ducation nationale, la s\u00e9curit\u00e9 publique, la coh\u00e9sion sociale ou par exemple la justice.<\/p>\n<p>Vous pourrez \u00e9galement occuper des postes en collectivit\u00e9s territoriales, et m\u00eame faire des allers-retours entre public et priv\u00e9.<\/p>\n<p><span style=\"color: #3366ff;\">Apr\u00e8s de l\u2019IRA de Nantes\u00a0: 1001 m\u00e9tiers possibles, 1 emploi garantie \u00e0 la cl\u00e9\u00a0!<\/span><\/p>\n<p>&nbsp;<\/p>\n<p>[\/et_pb_text][et_pb_video src=\u00a0\u00bbhttps:\/\/www.ira-nantes.gouv.fr\/wp-content\/uploads\/2024\/05\/Classe-prepa-talents-2024-V2-1080p-240403.mp4&Prime; _builder_version=\u00a0\u00bb4.27.4&Prime; global_colors_info=\u00a0\u00bb{}\u00a0\u00bb][\/et_pb_video][et_pb_text _builder_version=\u00a0\u00bb4.16&Prime; text_font=\u00a0\u00bb||||||||\u00a0\u00bb header_font=\u00a0\u00bb||||||||\u00a0\u00bb header_text_color=\u00a0\u00bb#0c71c3&Prime; global_colors_info=\u00a0\u00bb{}\u00a0\u00bb]<\/p>\n<h3><strong><span style=\"color: #000080;\"><\/span><\/strong><\/h3>\n<h3><strong><span style=\"color: #000080;\"><\/span><\/strong><\/h3>\n<h3><strong><span style=\"color: #000080;\"><\/span><\/strong><\/h3>\n<h3><strong><span style=\"color: #000080;\"><\/span><\/strong><\/h3>\n<h3><strong><span style=\"color: #000080;\">Le calendrier de la formation :<\/span><\/strong><\/h3>\n<p>[\/et_pb_text][et_pb_accordion _builder_version=\u00a0\u00bb4.16&Prime; global_colors_info=\u00a0\u00bb{}\u00a0\u00bb][et_pb_accordion_item title=\u00a0\u00bbDe septembre \u00e0 f\u00e9vrier : la pr\u00e9paration aux \u00e9preuves \u00e9crites\u00a0\u00bb open=\u00a0\u00bbon\u00a0\u00bb _builder_version=\u00a0\u00bb4.16&Prime; global_colors_info=\u00a0\u00bb{}\u00a0\u00bb]<\/p>\n<ul>\n<li>Entra\u00eenements \u00e0 l&rsquo;\u00e9preuve de cas pratique sur les grands domaines de l\u2019intervention<br \/>publique (concours externe et 3\u00e8me concours)<\/li>\n<li>Les mati\u00e8res faisant l\u2019objet d\u2019un questionnaire \u00e0 choix multiples (QCM) : droit administratif, droit constitutionnel, questions europ\u00e9ennes, institutions administratives, finances publiques, gestion des ressources humaines&#8230;<\/li>\n<li>Des conf\u00e9rences sur les politiques publiques<\/li>\n<\/ul>\n<p>[\/et_pb_accordion_item][et_pb_accordion_item title=\u00a0\u00bbDe d\u00e9but mars \u00e0 fin avril : la pr\u00e9paration aux \u00e9preuves orales\u00a0\u00bb _builder_version=\u00a0\u00bb4.16&Prime; global_colors_info=\u00a0\u00bb{}\u00a0\u00bb open=\u00a0\u00bboff\u00a0\u00bb]<\/p>\n<ul>\n<li>Entra\u00eenement \u00e0 l\u2019entretien devant le jury (pr\u00e9paration \u00e0 l&rsquo;oral)<\/li>\n<li>D\u00e9couverte de l\u2019administration (immersions de courte dur\u00e9e)<\/li>\n<li>Jury blanc<\/li>\n<li>Un stage d&rsquo;une semaine au sein d&rsquo;une administration partenaire<\/li>\n<\/ul>\n<p>[\/et_pb_accordion_item][\/et_pb_accordion][et_pb_button button_url=\u00a0\u00bbhttps:\/\/www.ira-nantes.gouv.fr\/index.php\/deroule-de-la-formation\/\u00a0\u00bb button_text=\u00a0\u00bbEn savoir + \u00a0\u00bb button_alignment=\u00a0\u00bbcenter\u00a0\u00bb _builder_version=\u00a0\u00bb4.16&Prime; custom_button=\u00a0\u00bbon\u00a0\u00bb button_text_color=\u00a0\u00bb#ffffff\u00a0\u00bb button_bg_color=\u00a0\u00bb#0c71c3&Prime; button_font=\u00a0\u00bb||||||||\u00a0\u00bb button_icon=\u00a0\u00bb&#x49;||divi||400&Prime; background_layout=\u00a0\u00bbdark\u00a0\u00bb global_colors_info=\u00a0\u00bb{}\u00a0\u00bb][\/et_pb_button][et_pb_text _builder_version=\u00a0\u00bb4.16&Prime; global_colors_info=\u00a0\u00bb{}\u00a0\u00bb]<\/p>\n<h3><strong><span style=\"color: #000080;\">Quels sont les crit\u00e8res pour candidater \u00e0 la Pr\u00e9pa Talents?<\/span><\/strong><\/h3>\n<p>[\/et_pb_text][et_pb_tabs active_tab_background_color=\u00a0\u00bb#0c71c3&Prime; _builder_version=\u00a0\u00bb4.16&Prime; tab_font=\u00a0\u00bb||||||||\u00a0\u00bb global_colors_info=\u00a0\u00bb{}\u00a0\u00bb][et_pb_tab title=\u00a0\u00bb\u00e9tudiants boursiers \u00a0\u00bb _builder_version=\u00a0\u00bb4.16&Prime; body_font=\u00a0\u00bb||||||||\u00a0\u00bb tab_font=\u00a0\u00bb||||||||\u00a0\u00bb global_colors_info=\u00a0\u00bb{}\u00a0\u00bb]<\/p>\n<ul>\n<li><strong>poss\u00e9der un dipl\u00f4me \u00e0 bac+3<\/strong> ou un dipl\u00f4me class\u00e9 au moins au niveau II, ou une qualification reconnue au moins \u00e9quivalente \u00e0 l\u2019un de ces titres ou dipl\u00f4mes (qui est l&rsquo;une des conditions pour passer ensuite le concours externe des IRA)<\/li>\n<li><span data-contrast=\"auto\" style=\"font-size: 11pt; line-height: 20.5042px; font-family: Calibri, 'Calibri_EmbeddedFont', 'Calibri_MSFontService', sans-serif;\" xml:lang=\"FR-FR\" class=\"TextRun SCXW12845523 BCX2\" lang=\"FR-FR\"><span class=\"NormalTextRun SCXW12845523 BCX2\">c<\/span><\/span><span data-contrast=\"auto\" xml:lang=\"FR-FR\" lang=\"FR-FR\">orrespondre aux crit\u00e8res d&rsquo;attribution d&rsquo;une <strong>bourse sur crit\u00e8res sociaux<\/strong> de l&rsquo;enseignement sup\u00e9rieur<\/span><\/li>\n<li><span data-contrast=\"auto\" xml:lang=\"FR-FR\" lang=\"FR-FR\"><strong>d\u00e9montrer sa motivation<\/strong> \u00e0 int\u00e9grer la classe Pr\u00e9pa Talents, et son int\u00e9r\u00eat pour la fonction publique d\u2019\u00c9tat<\/span><\/li>\n<li>avoir un revenu brut global pour l&rsquo;ann\u00e9e N-2 ne d\u00e9passant pas 35086\u20ac (hors points de charge)<span data-contrast=\"auto\" xml:lang=\"FR-FR\" lang=\"FR-FR\"><\/span><\/li>\n<\/ul>\n<p><a href=\"https:\/\/www.service-public.fr\/particuliers\/vosdroits\/F12214\" target=\"_blank\" rel=\"noopener noreferrer\"><span data-contrast=\"auto\" xml:lang=\"FR-FR\" lang=\"FR-FR\">+ d&rsquo;information sur les bourses sur crit\u00e8res sociaux<\/span><\/a><\/p>\n<p><span data-contrast=\"auto\" xml:lang=\"FR-FR\" lang=\"FR-FR\">Les \u00e9tudiants sont s\u00e9lectionn\u00e9s sous conditions de ressources et de m\u00e9rite, sur la base d\u2019un dossier et d\u2019un entretien tenant compte du parcours du candidat, de ses aptitudes, de sa motivation et de son potentiel.<\/span><\/p>\n<p><span data-contrast=\"auto\" xml:lang=\"FR-FR\" lang=\"FR-FR\">La pr\u00e9pa Talents est ouverte en priorit\u00e9 aux \u00e9tudiants domicili\u00e9s et ayant suivi une scolarit\u00e9 ou formation universitaire au sein des QPV (quartiers prioritaires de la politique de la ville), ZRR (zones de revitalisation rurale) ou collectivit\u00e9s d&rsquo;outre-mer.<\/span><\/p>\n<p>&nbsp;<\/p>\n<p>[\/et_pb_tab][et_pb_tab title=\u00a0\u00bbDemandeurs d&#8217;emploi\u00a0\u00bb _builder_version=\u00a0\u00bb4.16&Prime; global_colors_info=\u00a0\u00bb{}\u00a0\u00bb]<\/p>\n<p>Les demandeurs d&#8217;emploi souhaitant int\u00e9grer la classe Pr\u00e9pa Talents doivent :<\/p>\n<ul>\n<li>\u00eatre titulaire d&rsquo;un Bac + 3 ou \u00e9quivalent (pour ensuite pouvoir passer le concours externe des IRA)<\/li>\n<li>justifier de cinq ann\u00e9es d&rsquo;exp\u00e9rience dans le secteur priv\u00e9 (pour pouvoir passer le 3e concours* des IRA)<\/li>\n<li>avoir un revenu brut global pour l&rsquo;ann\u00e9e N-2 ne d\u00e9passant pas 35086\u20ac (hors points de charge)<\/li>\n<\/ul>\n<p>* Il existe trois concours d&rsquo;acc\u00e8s aux IRA. + d&rsquo;information dans la <a href=\"https:\/\/www.ira-nantes.gouv.fr\/index.php\/faq-concours\/\" target=\"_blank\" rel=\"noopener noreferrer\">rubrique CONCOURS<\/a>, ou sur le <a href=\"https:\/\/ira-inscription.fonction-publique.gouv.fr\/presentation.html\" target=\"_blank\" rel=\"noopener noreferrer\">site internet d\u00e9di\u00e9 aux inscriptions aux concours des IRA<\/a> du minist\u00e8re de la Transformation et de la Fonction publiques.<\/p>\n<p>[\/et_pb_tab][\/et_pb_tabs][et_pb_text _builder_version=\u00a0\u00bb4.16&Prime; global_colors_info=\u00a0\u00bb{}\u00a0\u00bb]<\/p>\n<h3><strong><span style=\"color: #000080;\">Quelles sont les aides financi\u00e8res possibles ?<\/span><\/strong><\/h3>\n<p>[\/et_pb_text][et_pb_tabs active_tab_background_color=\u00a0\u00bb#0c71c3&Prime; _builder_version=\u00a0\u00bb4.16&Prime; tab_font=\u00a0\u00bb||||||||\u00a0\u00bb global_colors_info=\u00a0\u00bb{}\u00a0\u00bb][et_pb_tab title=\u00a0\u00bb\u00e9tudiants boursiers \u00a0\u00bb _builder_version=\u00a0\u00bb4.16&Prime; global_colors_info=\u00a0\u00bb{}\u00a0\u00bb]<\/p>\n<p>Chaque \u00e9tudiant qui r\u00e9pond aux conditions d&rsquo;attribution d&rsquo;une bourse sur crit\u00e8res sociaux est \u00e9ligible \u00e0 la <a href=\"https:\/\/www.service-public.fr\/particuliers\/vosdroits\/F17482\" target=\"_blank\" rel=\"noopener noreferrer\">bourse Talents<\/a>. Son montant est de <strong>4000\u20ac<\/strong>, et est vers\u00e9e en deux fois :<\/p>\n<ul>\n<li>2000\u20ac le mois suivant le mois de la rentr\u00e9e<\/li>\n<li>2000\u20ac entre mars et avril<\/li>\n<\/ul>\n<p>Il n&rsquo;y a aucune d\u00e9marche \u00e0 faire de la part de l&rsquo;\u00e9tudiant, d\u00e8s lors que son inscription \u00e0 la Pr\u00e9pa Talents est valid\u00e9e. La r\u00e9f\u00e9rente p\u00e9dagogique de l&rsquo;IRA de Nantes transmet les demandes au service instructeur de la pr\u00e9fecture de r\u00e9gion.<\/p>\n<p>La bourse Pr\u00e9pa Talents est cumulable avec d&rsquo;autres aides, notamment avec une bourse sur crit\u00e8res sociaux.<\/p>\n<p>[\/et_pb_tab][et_pb_tab title=\u00a0\u00bbDemandeurs d&#8217;emploi\u00a0\u00bb _builder_version=\u00a0\u00bb4.16&Prime; global_colors_info=\u00a0\u00bb{}\u00a0\u00bb]<\/p>\n<p>Les demandeurs d&#8217;emploi admis \u00e0 la Pr\u00e9pa Talents, dont les revenus de l&rsquo;ann\u00e9e N-2 ne d\u00e9passent pas le <a href=\"https:\/\/www.legifrance.gouv.fr\/jorf\/id\/JORFTEXT000046096036\" target=\"_blank\" rel=\"noopener noreferrer\">plafond annuel fix\u00e9 pour l&rsquo;attribution d&rsquo;une bourse sur crit\u00e8res sociaux<\/a> ont le droit \u00e0 la <a href=\"https:\/\/www.service-public.fr\/particuliers\/vosdroits\/F17482\" target=\"_blank\" rel=\"noopener noreferrer\">bourse Talents<\/a>. Son montant est de <strong>4000\u20ac<\/strong>, et est vers\u00e9e en deux fois :<\/p>\n<ul>\n<li>2000\u20ac le mois suivant le mois de la rentr\u00e9e<\/li>\n<li>2000\u20ac entre mars et avril<\/li>\n<\/ul>\n<p>Il n&rsquo;y a aucune d\u00e9marche \u00e0 faire de la part de l&rsquo;\u00e9l\u00e8ve, d\u00e8s lors que son inscription \u00e0 la Pr\u00e9pa Talents est valid\u00e9e. La r\u00e9f\u00e9rente p\u00e9dagogique de l&rsquo;IRA de Nantes transmet les demandes au service instructeur de la pr\u00e9fecture de r\u00e9gion.<\/p>\n<p>La bourse Pr\u00e9pa Talents est cumulable avec d&rsquo;autres aides, notamment avec l&rsquo;Allocation d&rsquo;Aide au Retour \u00e0 l&rsquo;Emploi et le Revenu de solidarit\u00e9 active.<\/p>\n<p>+ d&rsquo;informations : <a href=\"https:\/\/www.fonction-publique.gouv.fr\/files\/files\/Autres%20pages\/20220629-Circulaire_bourses_Prepas_Talents.pdf\" target=\"_blank\" rel=\"noopener noreferrer\">circulaire minist\u00e9rielle traitant du versement des bourses Talents<\/a><\/p>\n<p>[\/et_pb_tab][\/et_pb_tabs][et_pb_text _builder_version=\u00a0\u00bb4.16&Prime; global_colors_info=\u00a0\u00bb{}\u00a0\u00bb]<\/p>\n<h3><strong><span style=\"color: #000080;\">O\u00f9 se d\u00e9roule la formation de la Pr\u00e9pa Talent IRA de Nantes ?<\/span><\/strong><\/h3>\n<p>La Pr\u00e9pa Talents de l&rsquo;IRA de Nantes est r\u00e9partie sur quatre sites :<\/p>\n<ul>\n<li>l&rsquo;<span style=\"color: #0c71c3;\">IRA de Nantes<\/span><\/li>\n<li>l&rsquo;<a href=\"https:\/\/ipag.univ-rennes.fr\/\" target=\"_blank\" rel=\"noopener noreferrer\">IPAG de Rennes<\/a><\/li>\n<li>L&rsquo;<a href=\"https:\/\/nouveau.univ-brest.fr\/ipag\/fr\" target=\"_blank\" rel=\"noopener noreferrer\">IPAG de Brest<\/a><\/li>\n<li>L&rsquo;<a href=\"https:\/\/www.ipag.unilim.fr\/\" target=\"_blank\" rel=\"noopener noreferrer\">IPAG de Limoges<\/a><\/li>\n<\/ul>\n<p>[\/et_pb_text][et_pb_text _builder_version=\u00a0\u00bb4.27.4&Prime; text_font=\u00a0\u00bb|700|||||||\u00a0\u00bb text_text_color=\u00a0\u00bb#E09900&Prime; text_font_size=\u00a0\u00bb1.5em\u00a0\u00bb text_line_height=\u00a0\u00bb1.6em\u00a0\u00bb link_option_url=\u00a0\u00bbhttps:\/\/www.ira-nantes.gouv.fr\/wp-content\/uploads\/2025\/03\/Plaquette-CPT-2025.pdf\u00a0\u00bb global_colors_info=\u00a0\u00bb{}\u00a0\u00bb]<\/p>\n<p>Fascicule \u00ab\u00a0Pr\u00e9pa Talents\u00a0\u00bb<\/p>\n<p>[\/et_pb_text][et_pb_text _builder_version=\u00a0\u00bb4.16&Prime; global_colors_info=\u00a0\u00bb{}\u00a0\u00bb]<\/p>\n<h3><strong><span style=\"color: #000080;\">A quels m\u00e9tiers pr\u00e9pare l&rsquo;IRA de Nantes ?<\/span><\/strong><\/h3>\n<p>&gt; liens vers une nouvelle page?<\/p>\n<p>[\/et_pb_text][\/et_pb_column][et_pb_column type=\u00a0\u00bb1_4&Prime; _builder_version=\u00a0\u00bb4.16&Prime; custom_padding=\u00a0\u00bb|||\u00a0\u00bb global_colors_info=\u00a0\u00bb{}\u00a0\u00bb custom_padding__hover=\u00a0\u00bb|||\u00a0\u00bb][\/et_pb_column][\/et_pb_row][\/et_pb_section]<\/p>\n","protected":false},"excerpt":{"rendered":"<p>\u00a0 \u00a0 \u00a0 \u00a0 \u00a0 \u00a0 \u00a0Classe Pr\u00e9pa Talents 2026 &#8211; 2027Fascicule \u00ab\u00a0Pr\u00e9pa Talents\u00a0\u00bbLa Pr\u00e9pa Talents de l&rsquo;IRA de Nantes La classe Pr\u00e9pa Talents de l&rsquo;IRA de Nantes s&rsquo;inscrit dans le plan \u00ab\u00a0Talents du service public\u00a0\u00bb, annonc\u00e9 par le Pr\u00e9sident de la R\u00e9publique lors de sa venue \u00e0 l&rsquo;IRA de Nantes le 11 f\u00e9vrier 2021. [&hellip;]<\/p>\n","protected":false},"author":2,"featured_media":0,"parent":0,"menu_order":0,"comment_status":"closed","ping_status":"closed","template":"","meta":{"_et_pb_use_builder":"on","_et_pb_old_content":"","_et_gb_content_width":"","footnotes":""},"class_list":["post-7925","page","type-page","status-publish","hentry"],"_links":{"self":[{"href":"https:\/\/www.ira-nantes.gouv.fr\/index.php\/wp-json\/wp\/v2\/pages\/7925","targetHints":{"allow":["GET"]}}],"collection":[{"href":"https:\/\/www.ira-nantes.gouv.fr\/index.php\/wp-json\/wp\/v2\/pages"}],"about":[{"href":"https:\/\/www.ira-nantes.gouv.fr\/index.php\/wp-json\/wp\/v2\/types\/page"}],"author":[{"embeddable":true,"href":"https:\/\/www.ira-nantes.gouv.fr\/index.php\/wp-json\/wp\/v2\/users\/2"}],"replies":[{"embeddable":true,"href":"https:\/\/www.ira-nantes.gouv.fr\/index.php\/wp-json\/wp\/v2\/comments?post=7925"}],"version-history":[{"count":20,"href":"https:\/\/www.ira-nantes.gouv.fr\/index.php\/wp-json\/wp\/v2\/pages\/7925\/revisions"}],"predecessor-version":[{"id":12125,"href":"https:\/\/www.ira-nantes.gouv.fr\/index.php\/wp-json\/wp\/v2\/pages\/7925\/revisions\/12125"}],"wp:attachment":[{"href":"https:\/\/www.ira-nantes.gouv.fr\/index.php\/wp-json\/wp\/v2\/media?parent=7925"}],"curies":[{"name":"wp","href":"https:\/\/api.w.org\/{rel}","templated":true}]}}