{"id":701,"date":"2019-01-19T18:48:39","date_gmt":"2019-01-19T17:48:39","guid":{"rendered":"https:\/\/www.ira-nantes.gouv.fr\/?page_id=701"},"modified":"2019-01-19T18:48:39","modified_gmt":"2019-01-19T17:48:39","slug":"jury-de-sortie","status":"publish","type":"page","link":"https:\/\/www.ira-nantes.gouv.fr\/index.php\/jury-de-sortie\/","title":{"rendered":"Jury de sortie"},"content":{"rendered":"<p>[et_pb_section fb_built=\u00a0\u00bb1&Prime; _builder_version=\u00a0\u00bb4.16&Prime; module_alignment=\u00a0\u00bbleft\u00a0\u00bb custom_padding=\u00a0\u00bb0|0px|0|0px|false|false\u00a0\u00bb global_colors_info=\u00a0\u00bb{}\u00a0\u00bb][et_pb_row column_structure=\u00a0\u00bb2_3,1_3&Prime; _builder_version=\u00a0\u00bb4.25.0&Prime; width=\u00a0\u00bb85%\u00a0\u00bb max_width=\u00a0\u00bb85%\u00a0\u00bb custom_margin=\u00a0\u00bb|||150px|false|false\u00a0\u00bb custom_padding=\u00a0\u00bb0px|0px|0px|0|false|false\u00a0\u00bb hover_enabled=\u00a0\u00bb0&Prime; use_custom_width=\u00a0\u00bbon\u00a0\u00bb width_unit=\u00a0\u00bboff\u00a0\u00bb custom_width_percent=\u00a0\u00bb85%\u00a0\u00bb global_colors_info=\u00a0\u00bb{}\u00a0\u00bb custom_margin_last_edited=\u00a0\u00bbon|desktop\u00a0\u00bb sticky_enabled=\u00a0\u00bb0&Prime; custom_margin_tablet=\u00a0\u00bb|||0px|false|false\u00a0\u00bb custom_margin_phone=\u00a0\u00bb|||0px|false|false\u00a0\u00bb][et_pb_column type=\u00a0\u00bb2_3&Prime; _builder_version=\u00a0\u00bb4.16&Prime; custom_padding=\u00a0\u00bb|||\u00a0\u00bb global_colors_info=\u00a0\u00bb{}\u00a0\u00bb custom_padding__hover=\u00a0\u00bb|||\u00a0\u00bb][et_pb_text _builder_version=\u00a0\u00bb4.16&Prime; text_font=\u00a0\u00bb||||||||\u00a0\u00bb text_font_size=\u00a0\u00bb1em\u00a0\u00bb global_colors_info=\u00a0\u00bb{}\u00a0\u00bb]<\/p>\n<p>Le jury a pour mission\u00a0:<\/p>\n<ul>\n<li><strong>La conception des sujets<\/strong> d\u2019\u00e9preuves de classement.<\/li>\n<li><strong>L\u2019\u00e9valuation<\/strong> lors des \u00e9preuves de classement.<\/li>\n<\/ul>\n<p><strong>Le classement de fin de 1<sup>\u00e8re<\/sup> p\u00e9riode probatoire<\/strong>, celui-ci :<\/p>\n<ul>\n<li>vaut quitus pour poursuivre la formation au cours de la 2\u00e8me p\u00e9riode probatoire,<\/li>\n<li>est utilis\u00e9 pour le choix du 1er poste, dans lequel s\u2019effectuera la 2\u00e8me p\u00e9riode probatoire.<\/li>\n<\/ul>\n<p>[\/et_pb_text][\/et_pb_column][et_pb_column type=\u00a0\u00bb1_3&Prime; _builder_version=\u00a0\u00bb4.16&Prime; custom_padding=\u00a0\u00bb|||\u00a0\u00bb global_colors_info=\u00a0\u00bb{}\u00a0\u00bb custom_padding__hover=\u00a0\u00bb|||\u00a0\u00bb][et_pb_cta title=\u00a0\u00bbR\u00e9f\u00e9rence \u00a0\u00bb button_text=\u00a0\u00bbClick Here\u00a0\u00bb _builder_version=\u00a0\u00bb4.16&Prime; header_font=\u00a0\u00bb|800|||||||\u00a0\u00bb body_font=\u00a0\u00bb|600|||||||\u00a0\u00bb background_color=\u00a0\u00bb#009dcf\u00a0\u00bb text_orientation=\u00a0\u00bbleft\u00a0\u00bb global_colors_info=\u00a0\u00bb{}\u00a0\u00bb]<\/p>\n<p style=\"text-align: left;\"><strong><\/strong><\/p>\n<p style=\"text-align: left;\"><strong>D\u00e9cret n\u00b02019-86 du 8 f\u00e9vrier 2019 <\/strong>organisant la nouvelle scolarit\u00e9 des attach\u00e9s-stagiaires publi\u00e9 au JO du 10 f\u00e9vrier 2019<\/p>\n<p><a style=\"border-color: transparent; background-color: #13357a;\" class=\"et_pb_button et_pb_custom_button_icon et_pb_bg_layout_dark\" target=\"blank\" href=\"https:\/\/www.ira-nantes.gouv.fr\/wp-content\/uploads\/2019\/05\/decret_n2019-86_du_8_fevrier_2019.pdf\" rel=\"noopener noreferrer\">Consulter<img decoding=\"async\" src=\"https:\/\/www.ira-nantes.gouv.fr\/wp-content\/uploads\/2019\/05\/IRA_consulter_white.png\" style=\"width: 35px; vertical-align: -32%;\" \/><\/a><\/p>\n<p style=\"text-align: left;\">[\/et_pb_cta][\/et_pb_column][\/et_pb_row][\/et_pb_section]<\/p>\n","protected":false},"excerpt":{"rendered":"<p>Le jury a pour mission\u00a0: La conception des sujets d\u2019\u00e9preuves de classement. L\u2019\u00e9valuation lors des \u00e9preuves de classement. Le classement de fin de 1\u00e8re p\u00e9riode probatoire, celui-ci : vaut quitus pour poursuivre la formation au cours de la 2\u00e8me p\u00e9riode probatoire, est utilis\u00e9 pour le choix du 1er poste, dans lequel s\u2019effectuera la 2\u00e8me p\u00e9riode [&hellip;]<\/p>\n","protected":false},"author":1,"featured_media":0,"parent":0,"menu_order":0,"comment_status":"closed","ping_status":"closed","template":"","meta":{"_et_pb_use_builder":"on","_et_pb_old_content":"","_et_gb_content_width":"","footnotes":""},"class_list":["post-701","page","type-page","status-publish","hentry"],"_links":{"self":[{"href":"https:\/\/www.ira-nantes.gouv.fr\/index.php\/wp-json\/wp\/v2\/pages\/701","targetHints":{"allow":["GET"]}}],"collection":[{"href":"https:\/\/www.ira-nantes.gouv.fr\/index.php\/wp-json\/wp\/v2\/pages"}],"about":[{"href":"https:\/\/www.ira-nantes.gouv.fr\/index.php\/wp-json\/wp\/v2\/types\/page"}],"author":[{"embeddable":true,"href":"https:\/\/www.ira-nantes.gouv.fr\/index.php\/wp-json\/wp\/v2\/users\/1"}],"replies":[{"embeddable":true,"href":"https:\/\/www.ira-nantes.gouv.fr\/index.php\/wp-json\/wp\/v2\/comments?post=701"}],"version-history":[{"count":0,"href":"https:\/\/www.ira-nantes.gouv.fr\/index.php\/wp-json\/wp\/v2\/pages\/701\/revisions"}],"wp:attachment":[{"href":"https:\/\/www.ira-nantes.gouv.fr\/index.php\/wp-json\/wp\/v2\/media?parent=701"}],"curies":[{"name":"wp","href":"https:\/\/api.w.org\/{rel}","templated":true}]}}