{"id":6684,"date":"2024-06-14T09:14:36","date_gmt":"2024-06-14T07:14:36","guid":{"rendered":"https:\/\/www.ira-nantes.gouv.fr\/?page_id=6684"},"modified":"2026-04-08T15:25:43","modified_gmt":"2026-04-08T13:25:43","slug":"calendrier-2021-2","status":"publish","type":"page","link":"https:\/\/www.ira-nantes.gouv.fr\/index.php\/calendrier-2021-2\/","title":{"rendered":"Calendrier 2025"},"content":{"rendered":"<p>[et_pb_section fb_built=\u00a0\u00bb1&Prime; _builder_version=\u00a0\u00bb4.16&Prime; module_alignment=\u00a0\u00bbleft\u00a0\u00bb custom_padding=\u00a0\u00bb0|0px|0|0px|false|false\u00a0\u00bb global_colors_info=\u00a0\u00bb{}\u00a0\u00bb][et_pb_row _builder_version=\u00a0\u00bb4.25.0&Prime; min_height=\u00a0\u00bb885.9px\u00a0\u00bb custom_margin=\u00a0\u00bb|||150px|false|false\u00a0\u00bb custom_margin_tablet=\u00a0\u00bb|||0px|false|false\u00a0\u00bb custom_margin_phone=\u00a0\u00bb|||0px|false|false\u00a0\u00bb custom_margin_last_edited=\u00a0\u00bbon|desktop\u00a0\u00bb custom_padding=\u00a0\u00bb152px|||||\u00a0\u00bb global_colors_info=\u00a0\u00bb{}\u00a0\u00bb][et_pb_column type=\u00a0\u00bb4_4&Prime; _builder_version=\u00a0\u00bb4.16&Prime; custom_padding=\u00a0\u00bb|||\u00a0\u00bb global_colors_info=\u00a0\u00bb{}\u00a0\u00bb custom_padding__hover=\u00a0\u00bb|||\u00a0\u00bb][et_pb_text _builder_version=\u00a0\u00bb4.27.4&Prime; custom_margin=\u00a0\u00bb-77px|||||\u00a0\u00bb global_colors_info=\u00a0\u00bb{}\u00a0\u00bb]<\/p>\n<h1><span style=\"color: #ffa300; font-family: 'Nunito Sans', Helvetica, Arial, Lucida, sans-serif;\"><b>CALENDRIER 2026<\/b><\/span><\/h1>\n<p>[\/et_pb_text][et_pb_cta button_text=\u00a0\u00bbClick Here\u00a0\u00bb _builder_version=\u00a0\u00bb4.27.4&Prime; header_font=\u00a0\u00bb|800|||||||\u00a0\u00bb header_text_align=\u00a0\u00bbleft\u00a0\u00bb header_text_color=\u00a0\u00bb##ff9900&Prime; header_font_size=\u00a0\u00bb1.75em\u00a0\u00bb body_font=\u00a0\u00bb||||||||\u00a0\u00bb body_text_align=\u00a0\u00bbleft\u00a0\u00bb body_text_color=\u00a0\u00bb#000000&Prime; body_font_size=\u00a0\u00bb16px\u00a0\u00bb use_background_color=\u00a0\u00bboff\u00a0\u00bb text_orientation=\u00a0\u00bbleft\u00a0\u00bb width=\u00a0\u00bb50%\u00a0\u00bb max_width=\u00a0\u00bb50%\u00a0\u00bb hover_enabled=\u00a0\u00bb0&Prime; border_color_all=\u00a0\u00bb#8f8f8f\u00a0\u00bb global_colors_info=\u00a0\u00bb{}\u00a0\u00bb sticky_enabled=\u00a0\u00bb0&Prime;]<\/p>\n<table border=\"1\">\n<tbody>\n<tr>\n<td><strong>Date de d\u00e9but des inscriptions<\/strong><\/td>\n<td><span style=\"color: #ff9900;\"><strong><strong style=\"box-sizing: border-box; margin: 0px; padding: 0px; border: 0px; outline: 0px; background: 0px 0px #ffffff; font-size: 16px; vertical-align: baseline; text-size-adjust: 100%; font-weight: bold; color: #ff9900; font-family: 'Nunito Sans', Helvetica, Arial, Lucida, sans-serif; font-style: normal; font-variant-ligatures: normal; font-variant-caps: normal; letter-spacing: normal; orphans: 2; text-align: left; text-indent: 0px; text-transform: none; widows: 2; word-spacing: 0px; -webkit-text-stroke-width: 0px; white-space: normal; text-decoration-thickness: initial; text-decoration-style: initial; text-decoration-color: initial;\">9 f\u00e9vrier 2026 \u00e0 9H00<\/strong><span style=\"color: #ff9900; font-family: 'Nunito Sans', Helvetica, Arial, Lucida, sans-serif; font-size: 16px; font-style: normal; font-variant-ligatures: normal; font-variant-caps: normal; font-weight: 500; letter-spacing: normal; orphans: 2; text-align: left; text-indent: 0px; text-transform: none; widows: 2; word-spacing: 0px; -webkit-text-stroke-width: 0px; white-space: normal; background-color: #ffffff; text-decoration-thickness: initial; text-decoration-style: initial; text-decoration-color: initial; display: inline !important; float: none;\"><span>\u00a0<\/span>(heure de Paris)<\/span><\/strong><\/span><\/td>\n<\/tr>\n<tr>\n<td><strong>Date limite des inscriptions<\/strong><\/td>\n<td><span style=\"color: #ff9900;\"><strong><strong style=\"box-sizing: border-box; margin: 0px; padding: 0px; border: 0px; outline: 0px; background: 0px 0px #ffffff; font-size: 16px; vertical-align: baseline; text-size-adjust: 100%; font-weight: bold; color: #ff9900; font-family: 'Nunito Sans', Helvetica, Arial, Lucida, sans-serif; font-style: normal; font-variant-ligatures: normal; font-variant-caps: normal; letter-spacing: normal; orphans: 2; text-align: left; text-indent: 0px; text-transform: none; widows: 2; word-spacing: 0px; -webkit-text-stroke-width: 0px; white-space: normal; text-decoration-thickness: initial; text-decoration-style: initial; text-decoration-color: initial;\">9 mars 2026 \u00e0 18H00<\/strong><span style=\"color: #ff9900; font-family: 'Nunito Sans', Helvetica, Arial, Lucida, sans-serif; font-size: 16px; font-style: normal; font-variant-ligatures: normal; font-variant-caps: normal; font-weight: 500; letter-spacing: normal; orphans: 2; text-align: left; text-indent: 0px; text-transform: none; widows: 2; word-spacing: 0px; -webkit-text-stroke-width: 0px; white-space: normal; background-color: #ffffff; text-decoration-thickness: initial; text-decoration-style: initial; text-decoration-color: initial; display: inline !important; float: none;\"><span>\u00a0<\/span>(heure de Paris)<\/span><\/strong><\/span><\/td>\n<\/tr>\n<tr>\n<td><strong>Date des \u00e9preuves \u00e9crites<\/strong><\/td>\n<td><strong style=\"box-sizing: border-box; margin: 0px; padding: 0px; border: 0px; outline: 0px; background: 0px 0px #ffffff; font-size: 16px; vertical-align: baseline; text-size-adjust: 100%; font-weight: bold; color: #000000; font-family: 'Nunito Sans', Helvetica, Arial, Lucida, sans-serif; font-style: normal; font-variant-ligatures: normal; font-variant-caps: normal; letter-spacing: normal; orphans: 2; text-align: left; text-indent: 0px; text-transform: none; widows: 2; word-spacing: 0px; -webkit-text-stroke-width: 0px; white-space: normal; text-decoration-thickness: initial; text-decoration-style: initial; text-decoration-color: initial;\"><span style=\"box-sizing: border-box; margin: 0px; padding: 0px; border: 0px; outline: 0px; background: 0px 0px #ffffff; font-size: 16px; vertical-align: baseline; text-size-adjust: 100%; color: #161616; font-family: Marianne, sans-serif; font-style: normal; font-variant-ligatures: normal; font-variant-caps: normal; letter-spacing: normal; text-align: left; text-indent: 0px; text-transform: none; word-spacing: 0px; -webkit-text-stroke-width: 0px; white-space: normal; text-decoration-thickness: initial; text-decoration-style: initial; text-decoration-color: initial; display: inline !important;\">21 avril 2026<\/span><\/strong><\/td>\n<\/tr>\n<tr>\n<td><strong>R\u00e9sultats d&rsquo;admissibilit\u00e9<\/strong><\/td>\n<td><strong>22 mai 2026<br \/><\/strong><\/td>\n<\/tr>\n<tr>\n<td><strong>\u00c9preuve orale<\/strong><\/td>\n<td><strong>16 au 26 juin 2026 <\/strong>\u00a0<\/td>\n<\/tr>\n<tr>\n<td><strong>R\u00e9sultats d&rsquo;admission<\/strong><\/td>\n<td><strong>26 juin 2026<\/strong><\/td>\n<\/tr>\n<tr>\n<td><strong>Entr\u00e9e \u00e0 l&rsquo;IRA<\/strong><\/td>\n<td><strong><span class=\"elementor-icon-list-text\">automne 2026<\/span><\/strong><\/td>\n<\/tr>\n<tr>\n<td><strong>Affectation en service<\/strong><\/td>\n<td><strong>Printemps 2027<\/strong><\/td>\n<\/tr>\n<\/tbody>\n<\/table>\n<p>&nbsp;<\/p>\n<p>[\/et_pb_cta][et_pb_button button_url=\u00a0\u00bbhttps:\/\/ira-inscription.fonction-publique.gouv.fr\/\u00a0\u00bb button_text=\u00a0\u00bbS&rsquo;inscrire\u00a0\u00bb _builder_version=\u00a0\u00bb4.25.2&Prime; custom_button=\u00a0\u00bbon\u00a0\u00bb button_text_color=\u00a0\u00bb#ffffff\u00a0\u00bb button_bg_color=\u00a0\u00bb#ff9900&Prime; button_border_color=\u00a0\u00bbrgba(0,0,0,0)\u00a0\u00bb button_font=\u00a0\u00bb|700|||||||\u00a0\u00bb button_icon=\u00a0\u00bb&#x45;||divi||400&Prime; button_icon_color=\u00a0\u00bb#ffffff\u00a0\u00bb custom_margin=\u00a0\u00bb-28px|||||\u00a0\u00bb global_colors_info=\u00a0\u00bb{}\u00a0\u00bb][\/et_pb_button][\/et_pb_column][\/et_pb_row][\/et_pb_section]<\/p>\n","protected":false},"excerpt":{"rendered":"<p>CALENDRIER 2026 Date de d\u00e9but des inscriptions 9 f\u00e9vrier 2026 \u00e0 9H00\u00a0(heure de Paris) Date limite des inscriptions 9 mars 2026 \u00e0 18H00\u00a0(heure de Paris) Date des \u00e9preuves \u00e9crites 21 avril 2026 R\u00e9sultats d&rsquo;admissibilit\u00e9 22 mai 2026 \u00c9preuve orale 16 au 26 juin 2026 \u00a0 R\u00e9sultats d&rsquo;admission 26 juin 2026 Entr\u00e9e \u00e0 l&rsquo;IRA automne 2026 [&hellip;]<\/p>\n","protected":false},"author":1,"featured_media":0,"parent":0,"menu_order":0,"comment_status":"closed","ping_status":"closed","template":"","meta":{"_et_pb_use_builder":"on","_et_pb_old_content":"<!-- wp:divi\/placeholder \/-->","_et_gb_content_width":"","footnotes":""},"class_list":["post-6684","page","type-page","status-publish","hentry"],"_links":{"self":[{"href":"https:\/\/www.ira-nantes.gouv.fr\/index.php\/wp-json\/wp\/v2\/pages\/6684","targetHints":{"allow":["GET"]}}],"collection":[{"href":"https:\/\/www.ira-nantes.gouv.fr\/index.php\/wp-json\/wp\/v2\/pages"}],"about":[{"href":"https:\/\/www.ira-nantes.gouv.fr\/index.php\/wp-json\/wp\/v2\/types\/page"}],"author":[{"embeddable":true,"href":"https:\/\/www.ira-nantes.gouv.fr\/index.php\/wp-json\/wp\/v2\/users\/1"}],"replies":[{"embeddable":true,"href":"https:\/\/www.ira-nantes.gouv.fr\/index.php\/wp-json\/wp\/v2\/comments?post=6684"}],"version-history":[{"count":29,"href":"https:\/\/www.ira-nantes.gouv.fr\/index.php\/wp-json\/wp\/v2\/pages\/6684\/revisions"}],"predecessor-version":[{"id":12231,"href":"https:\/\/www.ira-nantes.gouv.fr\/index.php\/wp-json\/wp\/v2\/pages\/6684\/revisions\/12231"}],"wp:attachment":[{"href":"https:\/\/www.ira-nantes.gouv.fr\/index.php\/wp-json\/wp\/v2\/media?parent=6684"}],"curies":[{"name":"wp","href":"https:\/\/api.w.org\/{rel}","templated":true}]}}