{"id":664,"date":"2019-02-19T18:27:03","date_gmt":"2019-02-19T17:27:03","guid":{"rendered":"https:\/\/www.ira-nantes.gouv.fr\/?page_id=664"},"modified":"2025-02-11T12:49:48","modified_gmt":"2025-02-11T11:49:48","slug":"organigramme-et-equipes","status":"publish","type":"page","link":"https:\/\/www.ira-nantes.gouv.fr\/index.php\/organigramme-et-equipes\/","title":{"rendered":"Organigramme et \u00e9quipes"},"content":{"rendered":"<p>[et_pb_section fb_built=\u00a0\u00bb1&Prime; _builder_version=\u00a0\u00bb4.16&Prime; module_alignment=\u00a0\u00bbleft\u00a0\u00bb custom_padding=\u00a0\u00bb0|0px|0|0px|false|false\u00a0\u00bb global_colors_info=\u00a0\u00bb{}\u00a0\u00bb][et_pb_row column_structure=\u00a0\u00bb3_5,2_5&Prime; _builder_version=\u00a0\u00bb4.25.0&Prime; width=\u00a0\u00bb85%\u00a0\u00bb max_width=\u00a0\u00bb85%\u00a0\u00bb custom_margin=\u00a0\u00bb|||150px|false|false\u00a0\u00bb custom_margin_tablet=\u00a0\u00bb|||0px|false|false\u00a0\u00bb custom_margin_phone=\u00a0\u00bb|||0px|false|false\u00a0\u00bb custom_margin_last_edited=\u00a0\u00bbon|desktop\u00a0\u00bb custom_padding=\u00a0\u00bb0px|0px|0px|0px|false|false\u00a0\u00bb use_custom_width=\u00a0\u00bbon\u00a0\u00bb width_unit=\u00a0\u00bboff\u00a0\u00bb custom_width_percent=\u00a0\u00bb85%\u00a0\u00bb global_colors_info=\u00a0\u00bb{}\u00a0\u00bb][et_pb_column type=\u00a0\u00bb3_5&Prime; _builder_version=\u00a0\u00bb4.16&Prime; custom_padding=\u00a0\u00bb|||\u00a0\u00bb global_colors_info=\u00a0\u00bb{}\u00a0\u00bb custom_padding__hover=\u00a0\u00bb|||\u00a0\u00bb][et_pb_text _builder_version=\u00a0\u00bb4.16&Prime; text_font=\u00a0\u00bb|600|||||||\u00a0\u00bb text_text_color=\u00a0\u00bb#666666&Prime; text_font_size=\u00a0\u00bb1.2em\u00a0\u00bb header_font=\u00a0\u00bb||||||||\u00a0\u00bb header_font_size=\u00a0\u00bb16px\u00a0\u00bb inline_fonts=\u00a0\u00bbVerdana\u00a0\u00bb global_colors_info=\u00a0\u00bb{}\u00a0\u00bb]<\/p>\n<p><span>Une \u00e9quipe d\u2019une vingtaine d\u2019agents est au service des stagiaires et r\u00e9pond aux besoins exprim\u00e9s par les administrations, avec une r\u00e9partition dans les services :<\/span><\/p>\n<p>[\/et_pb_text][\/et_pb_column][et_pb_column type=\u00a0\u00bb2_5&Prime; _builder_version=\u00a0\u00bb4.16&Prime; custom_padding=\u00a0\u00bb|||\u00a0\u00bb global_colors_info=\u00a0\u00bb{}\u00a0\u00bb custom_padding__hover=\u00a0\u00bb|||\u00a0\u00bb][\/et_pb_column][\/et_pb_row][et_pb_row column_structure=\u00a0\u00bb1_3,1_3,1_3&Prime; _builder_version=\u00a0\u00bb4.25.0&Prime; width=\u00a0\u00bb85%\u00a0\u00bb max_width=\u00a0\u00bb85%\u00a0\u00bb custom_margin=\u00a0\u00bb|||150px|false|false\u00a0\u00bb custom_margin_tablet=\u00a0\u00bb|||0px|false|false\u00a0\u00bb custom_margin_phone=\u00a0\u00bb|||0px|false|false\u00a0\u00bb custom_margin_last_edited=\u00a0\u00bbon|desktop\u00a0\u00bb custom_padding=\u00a0\u00bb0|0px|47px|5px|false|false\u00a0\u00bb use_custom_width=\u00a0\u00bbon\u00a0\u00bb width_unit=\u00a0\u00bboff\u00a0\u00bb custom_width_percent=\u00a0\u00bb85%\u00a0\u00bb global_colors_info=\u00a0\u00bb{}\u00a0\u00bb][et_pb_column type=\u00a0\u00bb1_3&Prime; _builder_version=\u00a0\u00bb4.16&Prime; custom_padding=\u00a0\u00bb|||\u00a0\u00bb global_colors_info=\u00a0\u00bb{}\u00a0\u00bb custom_padding__hover=\u00a0\u00bb|||\u00a0\u00bb][et_pb_text _builder_version=\u00a0\u00bb4.16&Prime; text_font=\u00a0\u00bb|800|||||||\u00a0\u00bb text_text_color=\u00a0\u00bb#666666&Prime; text_font_size=\u00a0\u00bb1.57em\u00a0\u00bb header_font=\u00a0\u00bb||||||||\u00a0\u00bb header_font_size=\u00a0\u00bb16px\u00a0\u00bb inline_fonts=\u00a0\u00bbVerdana\u00a0\u00bb global_colors_info=\u00a0\u00bb{}\u00a0\u00bb]<\/p>\n<p><span style=\"color: #13357a;\">La direction<\/span><\/p>\n<p>[\/et_pb_text][et_pb_text _builder_version=\u00a0\u00bb4.16&Prime; text_font=\u00a0\u00bb||||||||\u00a0\u00bb text_text_color=\u00a0\u00bb#666666&Prime; text_font_size=\u00a0\u00bb1em\u00a0\u00bb header_font=\u00a0\u00bb||||||||\u00a0\u00bb header_font_size=\u00a0\u00bb16px\u00a0\u00bb inline_fonts=\u00a0\u00bbVerdana\u00a0\u00bb global_colors_info=\u00a0\u00bb{}\u00a0\u00bb]<\/p>\n<p><span size=\"3\">Elle s\u2019appuie sur :<\/span><\/p>\n<p><span><\/span><\/p>\n<p><span style=\"color: #13357a;\">\u2713\u00a0<\/span>La mission Innovation et syst\u00e8mes d\u2019information<br \/> <span style=\"color: #666666;\"><span style=\"color: #13357a;\">\u2713<\/span>\u00a0<\/span>Le service Communication et secr\u00e9tariat de direction<br \/> <span style=\"color: #13357a;\">\u2713 <\/span>La coordination de l\u2019innovation p\u00e9dagogique inter-IRA<\/p>\n<p>[\/et_pb_text][et_pb_code _builder_version=\u00a0\u00bb4.16&Prime; global_colors_info=\u00a0\u00bb{}\u00a0\u00bb]<a style=\"background-color:#13357a\"class=\"et_pb_button et_pb_custom_button_icon et_pb_bg_layout_dark\" targe=\"blank\" href=\"mailto:direction@ira-nantes.gouv.fr\" rel=\"noopener noreferrer\">Contactez la direction <img decoding=\"async\" src=\"https:\/\/www.ira-nantes.gouv.fr\/wp-content\/uploads\/2019\/05\/IRA_contact_white.png\" style=\"width: 35px;<!-- [et_pb_line_break_holder] -->vertical-align: -32%;\u00a0\u00bb><\/a>[\/et_pb_code][et_pb_divider color=\u00a0\u00bb#E3E6EB\u00a0\u00bb divider_weight=\u00a0\u00bb2px\u00a0\u00bb _builder_version=\u00a0\u00bb4.16&Prime; global_colors_info=\u00a0\u00bb{}\u00a0\u00bb][\/et_pb_divider][et_pb_text _builder_version=\u00a0\u00bb4.16&Prime; text_font=\u00a0\u00bb|800|||||||\u00a0\u00bb text_text_color=\u00a0\u00bb#13357a\u00a0\u00bb text_font_size=\u00a0\u00bb1.57em\u00a0\u00bb header_font=\u00a0\u00bb||||||||\u00a0\u00bb global_colors_info=\u00a0\u00bb{}\u00a0\u00bb]<\/p>\n<p>Le secr\u00e9tariat g\u00e9n\u00e9ral<\/p>\n<p>[\/et_pb_text][et_pb_text _builder_version=\u00a0\u00bb4.16&Prime; text_font=\u00a0\u00bb||||||||\u00a0\u00bb text_font_size=\u00a0\u00bb1em\u00a0\u00bb header_font=\u00a0\u00bb||||||||\u00a0\u00bb header_font_size=\u00a0\u00bb22px\u00a0\u00bb global_colors_info=\u00a0\u00bb{}\u00a0\u00bb]<\/p>\n<p><span size=\"3\">Il intervient dans le domaine administratif, financier et budg\u00e9taire :<\/span><\/p>\n<p><span size=\"3\"><span style=\"color: #13357a;\">\u2713 <\/span>Le service financier<br \/> <span style=\"color: #13357a;\">\u2713 <\/span>Le service recrutement \u2013 concours<br \/> <span style=\"color: #13357a;\">\u2713 <\/span>Les services int\u00e9rieurs (accueil, logistique, maintenance, reprographie)<br \/> <\/span><\/p>\n<p>[\/et_pb_text][et_pb_code _builder_version=\u00a0\u00bb4.16&Prime; global_colors_info=\u00a0\u00bb{}\u00a0\u00bb]<a style=\"background-color:#13357a\"class=\"et_pb_button et_pb_custom_button_icon et_pb_bg_layout_dark\"target=\"blank\" rel=\"noopener noreferrer\" href=\"mailto:secretariat.general@ira-nantes.gouv.fr\" rel=\"noopener noreferrer\">Contactez le secr\u00e9tariat g\u00e9n\u00e9ral <img decoding=\"async\" src=\"https:\/\/www.ira-nantes.gouv.fr\/wp-content\/uploads\/2019\/05\/IRA_contact_white.png\" style=\"width: 35px;<!-- [et_pb_line_break_holder] -->vertical-align: -32%;\u00a0\u00bb><\/a>[\/et_pb_code][et_pb_divider color=\u00a0\u00bb#E3E6EB\u00a0\u00bb divider_weight=\u00a0\u00bb2px\u00a0\u00bb _builder_version=\u00a0\u00bb4.16&Prime; global_colors_info=\u00a0\u00bb{}\u00a0\u00bb][\/et_pb_divider][\/et_pb_column][et_pb_column type=\u00a0\u00bb1_3&Prime; _builder_version=\u00a0\u00bb4.16&Prime; custom_padding=\u00a0\u00bb|||\u00a0\u00bb global_colors_info=\u00a0\u00bb{}\u00a0\u00bb custom_padding__hover=\u00a0\u00bb|||\u00a0\u00bb][et_pb_text _builder_version=\u00a0\u00bb4.16&Prime; text_font=\u00a0\u00bb|800|||||||\u00a0\u00bb text_text_color=\u00a0\u00bb#13357a\u00a0\u00bb text_font_size=\u00a0\u00bb1.57em\u00a0\u00bb header_font=\u00a0\u00bb||||||||\u00a0\u00bb global_colors_info=\u00a0\u00bb{}\u00a0\u00bb]<\/p>\n<p>La direction de la formation initiale<\/p>\n<p>[\/et_pb_text][et_pb_text _builder_version=\u00a0\u00bb4.16&Prime; text_font=\u00a0\u00bb|800|||||||\u00a0\u00bb text_text_color=\u00a0\u00bb#666666&Prime; text_font_size=\u00a0\u00bb1.57em\u00a0\u00bb header_font=\u00a0\u00bb||||||||\u00a0\u00bb header_font_size=\u00a0\u00bb16px\u00a0\u00bb inline_fonts=\u00a0\u00bbVerdana\u00a0\u00bb global_colors_info=\u00a0\u00bb{}\u00a0\u00bb]<\/p>\n<p><span style=\"color: #13357a;\">La direction de la formation initiale<br \/><\/span><\/p>\n<p>[\/et_pb_text][et_pb_text _builder_version=\u00a0\u00bb4.16&Prime; text_font=\u00a0\u00bb||||||||\u00a0\u00bb global_colors_info=\u00a0\u00bb{}\u00a0\u00bb]<\/p>\n<h2><strong><span style=\"color: #000080;\">La direction de la formation initiale<\/span><\/strong><\/h2>\n<p>[\/et_pb_text][et_pb_text _builder_version=\u00a0\u00bb4.16&Prime; text_font=\u00a0\u00bb||||||||\u00a0\u00bb text_font_size=\u00a0\u00bb1em\u00a0\u00bb global_colors_info=\u00a0\u00bb{}\u00a0\u00bb]<\/p>\n<p>Elle intervient dans l\u2019\u00e9laboration et le suivi de la formation initiale :<\/p>\n<p><span style=\"color: #13357a;\">\u2713 <\/span>Mise en \u0153uvre de la formation initiale des attach\u00e9s stagiaires<br \/> <span style=\"color: #13357a;\">\u2713 <\/span>Gestion du Centre de ressources documentaires<br \/> <span style=\"color: #13357a;\">\u2713 <\/span>Gestion de la Classe pr\u00e9paratoire int\u00e9gr\u00e9e<\/p>\n<p>[\/et_pb_text][et_pb_code _builder_version=\u00a0\u00bb4.16&Prime; global_colors_info=\u00a0\u00bb{}\u00a0\u00bb]<a style=\"background-color:#13357a\"class=\"et_pb_button et_pb_custom_button_icon et_pb_bg_layout_dark\"target=\"blank\" href=\"mailto:formation.initiale@ira-nantes.gouv.fr\" rel=\"noopener noreferrer\">Contactez la formation initiale <img decoding=\"async\" src=\"https:\/\/www.ira-nantes.gouv.fr\/wp-content\/uploads\/2019\/05\/IRA_contact_white.png\" style=\"width: 35px;<!-- [et_pb_line_break_holder] -->vertical-align: -32%;\u00a0\u00bb><\/a>[\/et_pb_code][et_pb_divider color=\u00a0\u00bb#E3E6EB\u00a0\u00bb divider_weight=\u00a0\u00bb2px\u00a0\u00bb _builder_version=\u00a0\u00bb4.16&Prime; global_colors_info=\u00a0\u00bb{}\u00a0\u00bb][\/et_pb_divider][et_pb_text _builder_version=\u00a0\u00bb4.16&Prime; text_font=\u00a0\u00bb|800|||||||\u00a0\u00bb text_font_size=\u00a0\u00bb1.57em\u00a0\u00bb header_font=\u00a0\u00bb||||||||\u00a0\u00bb header_font_size=\u00a0\u00bb20px\u00a0\u00bb header_6_font=\u00a0\u00bb||||||||\u00a0\u00bb global_colors_info=\u00a0\u00bb{}\u00a0\u00bb]<\/p>\n<p><span style=\"color: #13357a;\">La direction de la formation continue et de la coop\u00e9ration internationale<\/span><\/p>\n<p>[\/et_pb_text][et_pb_text _builder_version=\u00a0\u00bb4.16&Prime; text_font=\u00a0\u00bb||||||||\u00a0\u00bb text_font_size=\u00a0\u00bb1em\u00a0\u00bb global_colors_info=\u00a0\u00bb{}\u00a0\u00bb]<\/p>\n<p><span>Elle assiste la direction dans sa mission de formation tout au long de la vie des fonctionnaires.<\/span><\/p>\n<p><span><strong>Formation continue interminist\u00e9rielle<\/strong><\/span><\/p>\n<p><span><span style=\"color: #13357a;\">\u2713<\/span> Propose des actions de formation continue interminist\u00e9rielle sur des th\u00e8mes en prise directe avec les orientations nationales et les pr\u00e9occupations des services.<\/span><br \/> <span><span style=\"color: #13357a;\">\u2713<\/span> R\u00e9pond aux besoins sp\u00e9cifiques en formation que peuvent exprimer les administrations de l\u2019interr\u00e9gion.<\/span><\/p>\n<p><span><strong>Coop\u00e9ration administrative Internationale<\/strong><\/span><\/p>\n<p><span><span style=\"color: #13357a;\">\u2713<\/span> \u00c9labore les programmes de visite des partenaires \u00e9trangers dans le cadre de la coop\u00e9ration Internationale.<\/span><\/p>\n<p>[\/et_pb_text][et_pb_code _builder_version=\u00a0\u00bb4.16&Prime; global_colors_info=\u00a0\u00bb{}\u00a0\u00bb]<a style=\"background-color:#13357a\"class=\"et_pb_button et_pb_custom_button_icon et_pb_bg_layout_dark\"target=\"blank\" rel=\"noopener noreferrer\" href=\"mailto:formationcontinue.interministerielle@ira-nantes.gouv.fr\" rel=\"noopener noreferrer\">Contacter le Service Formation Continue <img decoding=\"async\" src=\"https:\/\/www.ira-nantes.gouv.fr\/wp-content\/uploads\/2019\/05\/IRA_contact_white.png\" style=\"width: 35px;<!-- [et_pb_line_break_holder] -->vertical-align: -32%;\u00a0\u00bb><\/a>[\/et_pb_code][et_pb_sidebar area=\u00a0\u00bbsidebar-1&Prime; _builder_version=\u00a0\u00bb4.16&Prime; global_colors_info=\u00a0\u00bb{}\u00a0\u00bb][\/et_pb_sidebar][et_pb_gallery gallery_ids=\u00a0\u00bb7337&Prime; fullwidth=\u00a0\u00bbon\u00a0\u00bb _builder_version=\u00a0\u00bb4.16&Prime; global_colors_info=\u00a0\u00bb{}\u00a0\u00bb][\/et_pb_gallery][\/et_pb_column][et_pb_column type=\u00a0\u00bb1_3&Prime; _builder_version=\u00a0\u00bb4.16&Prime; custom_padding=\u00a0\u00bb|||\u00a0\u00bb global_colors_info=\u00a0\u00bb{}\u00a0\u00bb custom_padding__hover=\u00a0\u00bb|||\u00a0\u00bb][et_pb_image src=\u00a0\u00bbhttps:\/\/www.ira-nantes.gouv.fr\/wp-content\/uploads\/2025\/02\/Organigramme-decembre-2024.jpg\u00a0\u00bb title_text=\u00a0\u00bbOrganigramme d\u00e9cembre 2024&Prime; url=\u00a0\u00bbhttps:\/\/www.ira-nantes.gouv.fr\/wp-content\/uploads\/2025\/02\/Organigramme-decembre-2024.jpg\u00a0\u00bb align_tablet=\u00a0\u00bbcenter\u00a0\u00bb align_phone=\u00a0\u00bbcenter\u00a0\u00bb align_last_edited=\u00a0\u00bbon|desktop\u00a0\u00bb _builder_version=\u00a0\u00bb4.27.4&Prime; background_image=\u00a0\u00bbhttps:\/\/www.ira-nantes.gouv.fr\/wp-content\/uploads\/2022\/06\/Organigramme-Septembre-2022.jpg\u00a0\u00bb background_position=\u00a0\u00bbtop_left\u00a0\u00bb hover_enabled=\u00a0\u00bb0&Prime; global_colors_info=\u00a0\u00bb{}\u00a0\u00bb sticky_enabled=\u00a0\u00bb0&Prime;][\/et_pb_image][\/et_pb_column][\/et_pb_row][\/et_pb_section]<\/p>\n","protected":false},"excerpt":{"rendered":"<p>Une \u00e9quipe d\u2019une vingtaine d\u2019agents est au service des stagiaires et r\u00e9pond aux besoins exprim\u00e9s par les administrations, avec une r\u00e9partition dans les services :La directionElle s\u2019appuie sur : \u2713\u00a0La mission Innovation et syst\u00e8mes d\u2019information \u2713\u00a0Le service Communication et secr\u00e9tariat de direction \u2713 La coordination de l\u2019innovation p\u00e9dagogique inter-IRAContactez la direction<\/p>\n","protected":false},"author":1,"featured_media":0,"parent":0,"menu_order":0,"comment_status":"closed","ping_status":"closed","template":"","meta":{"_et_pb_use_builder":"on","_et_pb_old_content":"","_et_gb_content_width":"","footnotes":""},"class_list":["post-664","page","type-page","status-publish","hentry"],"_links":{"self":[{"href":"https:\/\/www.ira-nantes.gouv.fr\/index.php\/wp-json\/wp\/v2\/pages\/664","targetHints":{"allow":["GET"]}}],"collection":[{"href":"https:\/\/www.ira-nantes.gouv.fr\/index.php\/wp-json\/wp\/v2\/pages"}],"about":[{"href":"https:\/\/www.ira-nantes.gouv.fr\/index.php\/wp-json\/wp\/v2\/types\/page"}],"author":[{"embeddable":true,"href":"https:\/\/www.ira-nantes.gouv.fr\/index.php\/wp-json\/wp\/v2\/users\/1"}],"replies":[{"embeddable":true,"href":"https:\/\/www.ira-nantes.gouv.fr\/index.php\/wp-json\/wp\/v2\/comments?post=664"}],"version-history":[{"count":5,"href":"https:\/\/www.ira-nantes.gouv.fr\/index.php\/wp-json\/wp\/v2\/pages\/664\/revisions"}],"predecessor-version":[{"id":11440,"href":"https:\/\/www.ira-nantes.gouv.fr\/index.php\/wp-json\/wp\/v2\/pages\/664\/revisions\/11440"}],"wp:attachment":[{"href":"https:\/\/www.ira-nantes.gouv.fr\/index.php\/wp-json\/wp\/v2\/media?parent=664"}],"curies":[{"name":"wp","href":"https:\/\/api.w.org\/{rel}","templated":true}]}}