{"id":663,"date":"2019-03-19T18:27:00","date_gmt":"2019-03-19T17:27:00","guid":{"rendered":"https:\/\/www.ira-nantes.gouv.fr\/?page_id=663"},"modified":"2025-03-03T17:40:26","modified_gmt":"2025-03-03T16:40:26","slug":"conseil-dadministration","status":"publish","type":"page","link":"https:\/\/www.ira-nantes.gouv.fr\/index.php\/conseil-dadministration\/","title":{"rendered":"Conseil d\u2019administration"},"content":{"rendered":"<p>[et_pb_section fb_built=\u00a0\u00bb1&Prime; _builder_version=\u00a0\u00bb4.16&Prime; module_alignment=\u00a0\u00bbleft\u00a0\u00bb custom_padding=\u00a0\u00bb0|0px|0|0px|false|false\u00a0\u00bb global_colors_info=\u00a0\u00bb{}\u00a0\u00bb][et_pb_row column_structure=\u00a0\u00bb1_3,1_3,1_3&Prime; custom_padding_last_edited=\u00a0\u00bbon|phone\u00a0\u00bb _builder_version=\u00a0\u00bb4.25.0&Prime; width=\u00a0\u00bb85%\u00a0\u00bb max_width=\u00a0\u00bb85%\u00a0\u00bb custom_margin=\u00a0\u00bb|||150px|false|false\u00a0\u00bb custom_margin_tablet=\u00a0\u00bb|||0px|false|false\u00a0\u00bb custom_margin_phone=\u00a0\u00bb0px|0px|0px|0px|false|false\u00a0\u00bb custom_margin_last_edited=\u00a0\u00bbon|desktop\u00a0\u00bb custom_padding=\u00a0\u00bb13px|0|85px|0|false|false\u00a0\u00bb custom_padding_tablet=\u00a0\u00bb27px|0|85px|0|false|false\u00a0\u00bb custom_padding_phone=\u00a0\u00bb0px||0px||false|false\u00a0\u00bb use_custom_width=\u00a0\u00bbon\u00a0\u00bb width_unit=\u00a0\u00bboff\u00a0\u00bb custom_width_percent=\u00a0\u00bb85%\u00a0\u00bb global_colors_info=\u00a0\u00bb{}\u00a0\u00bb][et_pb_column type=\u00a0\u00bb1_3&Prime; _builder_version=\u00a0\u00bb4.16&Prime; custom_padding=\u00a0\u00bb|||\u00a0\u00bb global_colors_info=\u00a0\u00bb{}\u00a0\u00bb custom_padding__hover=\u00a0\u00bb|||\u00a0\u00bb][et_pb_button button_text=\u00a0\u00bbGouvernance\u00a0\u00bb _builder_version=\u00a0\u00bb4.27.4&Prime; _module_preset=\u00a0\u00bbdefault\u00a0\u00bb custom_button=\u00a0\u00bbon\u00a0\u00bb button_text_color=\u00a0\u00bb#FFFFFF\u00a0\u00bb button_bg_color=\u00a0\u00bb#60ccee\u00a0\u00bb button_font=\u00a0\u00bb|700|||||||\u00a0\u00bb button_use_icon=\u00a0\u00bboff\u00a0\u00bb global_colors_info=\u00a0\u00bb{}\u00a0\u00bb][\/et_pb_button][et_pb_text _builder_version=\u00a0\u00bb4.27.4&Prime; text_font=\u00a0\u00bb|800|||||||\u00a0\u00bb text_text_color=\u00a0\u00bb#60ccee\u00a0\u00bb text_font_size=\u00a0\u00bb1.57em\u00a0\u00bb global_colors_info=\u00a0\u00bb{}\u00a0\u00bb]Fiche d&rsquo;identit\u00e9 de l&rsquo;IRA de Nantes[\/et_pb_text][et_pb_text _builder_version=\u00a0\u00bb4.27.4&Prime; text_font=\u00a0\u00bb||||||||\u00a0\u00bb text_font_size=\u00a0\u00bb1em\u00a0\u00bb global_colors_info=\u00a0\u00bb{}\u00a0\u00bb]<\/p>\n<p>&nbsp;<\/p>\n<p>L&rsquo;Institut R\u00e9gional d\u2019Administration de Nantes est un \u00e9tablissement public \u00e0 caract\u00e8re administratif et \u00e0 vocation interminist\u00e9rielle dont la tutelle est exerc\u00e9e par la direction g\u00e9n\u00e9rale de l&rsquo;administration et de la fonction publique (DGAFP). Il a \u00e9t\u00e9 cr\u00e9\u00e9 par d\u00e9cret du 29 juin 1972.<br \/>Il est dirig\u00e9 par une directrice, assist\u00e9e d&rsquo;un conseil d&rsquo;administration. Il est compos\u00e9 d\u2019un secr\u00e9tariat g\u00e9n\u00e9ral en charge des questions administratives, financi\u00e8res et budg\u00e9taires, d\u2019une direction de la formation initiale en charge du concours et de la formation initiale des attach\u00e9s, d\u2019une direction de la formation continue, d\u2019un p\u00f4le attractivit\u00e9 et innovation, et d\u2019un charg\u00e9 de mission en charge des syst\u00e8mes d\u2019information. <br \/>L&rsquo;IRA comprend 24 personnels permanents et fait intervenir plus de 200 formateurs occasionnels.<br \/>Il accueille chaque ann\u00e9e une promotion de pr\u00e8s de 200 \u00e9l\u00e8ves-attach\u00e9s ainsi que pr\u00e8s de 2 000 stagiaires en formation continue. <br \/>Il dispose d&rsquo;un budget de 10 millions d&rsquo;euros environ, qui comprend notamment la r\u00e9mun\u00e9ration des \u00e9l\u00e8ves-attach\u00e9s.<br \/>Le p\u00e9rim\u00e8tre d&rsquo;intervention de l&rsquo;IRA concerne l&rsquo;ensemble du territoire du Grand Ouest (Pays de la Loire, Bretagne, Nouvelle Aquitaine, Centre Val de Loire), sur lequel il d\u00e9veloppe des partenariats avec les acteurs locaux : administrations de l&rsquo;Etat, \u00e9tablissements d&rsquo;enseignements, collectivit\u00e9s, services de l&#8217;emploi, etc.<br \/>Il travaille en forte coordination avec les 4 autres IRA implant\u00e9s \u00e0 Bastia, Lille, Lyon et Metz.<\/p>\n<p>[\/et_pb_text][\/et_pb_column][et_pb_column type=\u00a0\u00bb1_3&Prime; _builder_version=\u00a0\u00bb4.16&Prime; custom_padding=\u00a0\u00bb|||\u00a0\u00bb global_colors_info=\u00a0\u00bb{}\u00a0\u00bb custom_padding__hover=\u00a0\u00bb|||\u00a0\u00bb][et_pb_text _builder_version=\u00a0\u00bb4.27.4&Prime; text_font=\u00a0\u00bb|800|||||||\u00a0\u00bb text_text_color=\u00a0\u00bb#60ccee\u00a0\u00bb text_font_size=\u00a0\u00bb1.57em\u00a0\u00bb global_colors_info=\u00a0\u00bb{}\u00a0\u00bb]Le Conseil d&rsquo;Administration de l&rsquo;IRA de Nantes[\/et_pb_text][et_pb_text _builder_version=\u00a0\u00bb4.16&Prime; text_font=\u00a0\u00bb|800|||||||\u00a0\u00bb text_text_color=\u00a0\u00bb#60ccee\u00a0\u00bb text_font_size=\u00a0\u00bb1.57em\u00a0\u00bb global_colors_info=\u00a0\u00bb{}\u00a0\u00bb]<\/p>\n<p>Le Pr\u00e9sident<\/p>\n<p>[\/et_pb_text][et_pb_text _builder_version=\u00a0\u00bb4.27.4&Prime; text_font=\u00a0\u00bb||||||||\u00a0\u00bb text_font_size=\u00a0\u00bb1em\u00a0\u00bb hover_enabled=\u00a0\u00bb0&Prime; global_colors_info=\u00a0\u00bb{}\u00a0\u00bb sticky_enabled=\u00a0\u00bb0&Prime;]<\/p>\n<p>&nbsp;<\/p>\n<p>M. Marc JOYAU, professeur des universit\u00e9s, est nomm\u00e9, par <a href=\"https:\/\/www.legifrance.gouv.fr\/jorf\/id\/JORFTEXT000049631542\">d\u00e9cret en date du 31 mai 2024<\/a>, Pr\u00e9sident du conseil d\u2019administration de l\u2019institut r\u00e9gional d\u2019administration de Nantes.<\/p>\n<p>[\/et_pb_text][et_pb_text _builder_version=\u00a0\u00bb4.27.4&Prime; text_font=\u00a0\u00bb||||||||\u00a0\u00bb text_font_size=\u00a0\u00bb1em\u00a0\u00bb global_colors_info=\u00a0\u00bb{}\u00a0\u00bb]<\/p>\n<p><span style=\"color: #60ccee;\">\u25cf<\/span> Un repr\u00e9sentant des personnels enseignants \u00e0 l&rsquo;institut<br \/><span style=\"color: #60ccee;\">\u25cf<\/span> Un repr\u00e9sentant du personnel administratif et de service, en fonction \u00e0 l&rsquo;institut,<br \/><span style=\"color: #60ccee;\">\u25cf<\/span> Deux repr\u00e9sentants des \u00e9l\u00e8ves \u00e9lus pour la dur\u00e9e de la scolarit\u00e9, par l&rsquo;ensemble de la promotion, dans les conditions fix\u00e9es par le r\u00e8glement int\u00e9rieur.<br \/>Le conseil se r\u00e9unit au moins deux fois par an.<\/p>\n<p>[\/et_pb_text][et_pb_text _builder_version=\u00a0\u00bb4.27.4&Prime; global_colors_info=\u00a0\u00bb{}\u00a0\u00bb]M. Marc JOYAU, inspecteur g\u00e9n\u00e9ral des affaires sociales, est nomm\u00e9, par <a href=\"https:\/\/www.legifrance.gouv.fr\/jorf\/id\/JORFTEXT000049631542\">d\u00e9cret en date du 31 mai 2024<\/a>, Pr\u00e9sident du conseil d\u2019administration de l\u2019institut r\u00e9gional d\u2019administration de Nantes.[\/et_pb_text][et_pb_text _builder_version=\u00a0\u00bb4.27.4&Prime; text_font=\u00a0\u00bb|800|||||||\u00a0\u00bb text_text_color=\u00a0\u00bb#60ccee\u00a0\u00bb text_font_size=\u00a0\u00bb1.57em\u00a0\u00bb global_colors_info=\u00a0\u00bb{}\u00a0\u00bb]<\/p>\n<p>Les membres de droit ou d\u00e9sign\u00e9s<\/p>\n<p>[\/et_pb_text][et_pb_text _builder_version=\u00a0\u00bb4.16&Prime; text_font=\u00a0\u00bb||||||||\u00a0\u00bb text_font_size=\u00a0\u00bb1em\u00a0\u00bb global_colors_info=\u00a0\u00bb{}\u00a0\u00bb]<\/p>\n<p><span style=\"color: #60ccee;\">\u25cf <\/span>Le directeur g\u00e9n\u00e9ral de l&rsquo;administration et de la fonction publique ou son<br \/> repr\u00e9sentant,<br \/> <span style=\"color: #60ccee;\">\u25cf<\/span> Trois fonctionnaires appartenant aux administrations dans lesquelles<br \/> peuvent \u00eatre affect\u00e9s les \u00e9l\u00e8ves de l&rsquo;institut,<br \/> <span style=\"color: #60ccee;\">\u25cf<\/span> Le pr\u00e9sident du conseil r\u00e9gional, le pr\u00e9sident du conseil d\u00e9partemental et le<br \/> maire de la ville, ou leurs repr\u00e9sentants,<br \/> <span style=\"color: #60ccee;\">\u25cf<\/span> Un membre choisi parmi les personnels enseignants des universit\u00e9s et<br \/> d\u00e9sign\u00e9 sur proposition du ministre de l&rsquo;\u00e9ducation,<br \/> <span style=\"color: #60ccee;\">\u25cf<\/span> Trois personnalit\u00e9s qualifi\u00e9es dont deux d\u00e9sign\u00e9es sur proposition des<br \/> f\u00e9d\u00e9rations syndicales de fonctionnaires repr\u00e9sent\u00e9es au Conseil<br \/> sup\u00e9rieur de la fonction publique de l&rsquo;Etat,<br \/> <span style=\"color: #60ccee;\">\u25cf <\/span>Un ancien \u00e9l\u00e8ve de l&rsquo;institut ou, \u00e0 d\u00e9faut, choisi par le conseil<br \/> d&rsquo;administration sur une liste de trois noms \u00e9tablie par le directeur de<br \/> l&rsquo;institut.<\/p>\n<p>[\/et_pb_text][et_pb_text _builder_version=\u00a0\u00bb4.16&Prime; text_font=\u00a0\u00bb|800|||||||\u00a0\u00bb text_text_color=\u00a0\u00bb#60ccee\u00a0\u00bb text_font_size=\u00a0\u00bb1.57em\u00a0\u00bb global_colors_info=\u00a0\u00bb{}\u00a0\u00bb]<\/p>\n<p>Les membres \u00e9lus<\/p>\n<p>[\/et_pb_text][et_pb_text _builder_version=\u00a0\u00bb4.27.4&Prime; text_font=\u00a0\u00bb||||||||\u00a0\u00bb text_font_size=\u00a0\u00bb1em\u00a0\u00bb global_colors_info=\u00a0\u00bb{}\u00a0\u00bb]<\/p>\n<p><span style=\"color: #60ccee;\">\u25cf<\/span> Un repr\u00e9sentant des personnels enseignants \u00e0 l&rsquo;institut<br \/><span style=\"color: #60ccee;\">\u25cf<\/span> Un repr\u00e9sentant du personnel administratif et de service, en fonction \u00e0 l&rsquo;institut,<br \/><span style=\"color: #60ccee;\">\u25cf<\/span> Deux repr\u00e9sentants des \u00e9l\u00e8ves \u00e9lus pour la dur\u00e9e de la scolarit\u00e9, par l&rsquo;ensemble de la promotion, dans les conditions fix\u00e9es par le r\u00e8glement int\u00e9rieur.<br \/>Le conseil se r\u00e9unit au moins deux fois par an.<\/p>\n<p>[\/et_pb_text][\/et_pb_column][et_pb_column type=\u00a0\u00bb1_3&Prime; _builder_version=\u00a0\u00bb4.16&Prime; custom_padding=\u00a0\u00bb|||\u00a0\u00bb global_colors_info=\u00a0\u00bb{}\u00a0\u00bb custom_padding__hover=\u00a0\u00bb|||\u00a0\u00bb][\/et_pb_column][\/et_pb_row][\/et_pb_section]<\/p>\n","protected":false},"excerpt":{"rendered":"<p>Fiche d&rsquo;identit\u00e9 de l&rsquo;IRA de Nantes&nbsp; L&rsquo;Institut R\u00e9gional d\u2019Administration de Nantes est un \u00e9tablissement public \u00e0 caract\u00e8re administratif et \u00e0 vocation interminist\u00e9rielle dont la tutelle est exerc\u00e9e par la direction g\u00e9n\u00e9rale de l&rsquo;administration et de la fonction publique (DGAFP). Il a \u00e9t\u00e9 cr\u00e9\u00e9 par d\u00e9cret du 29 juin 1972.Il est dirig\u00e9 par une directrice, assist\u00e9e [&hellip;]<\/p>\n","protected":false},"author":1,"featured_media":0,"parent":0,"menu_order":0,"comment_status":"closed","ping_status":"closed","template":"","meta":{"_et_pb_use_builder":"on","_et_pb_old_content":"","_et_gb_content_width":"","footnotes":""},"class_list":["post-663","page","type-page","status-publish","hentry"],"_links":{"self":[{"href":"https:\/\/www.ira-nantes.gouv.fr\/index.php\/wp-json\/wp\/v2\/pages\/663","targetHints":{"allow":["GET"]}}],"collection":[{"href":"https:\/\/www.ira-nantes.gouv.fr\/index.php\/wp-json\/wp\/v2\/pages"}],"about":[{"href":"https:\/\/www.ira-nantes.gouv.fr\/index.php\/wp-json\/wp\/v2\/types\/page"}],"author":[{"embeddable":true,"href":"https:\/\/www.ira-nantes.gouv.fr\/index.php\/wp-json\/wp\/v2\/users\/1"}],"replies":[{"embeddable":true,"href":"https:\/\/www.ira-nantes.gouv.fr\/index.php\/wp-json\/wp\/v2\/comments?post=663"}],"version-history":[{"count":13,"href":"https:\/\/www.ira-nantes.gouv.fr\/index.php\/wp-json\/wp\/v2\/pages\/663\/revisions"}],"predecessor-version":[{"id":11567,"href":"https:\/\/www.ira-nantes.gouv.fr\/index.php\/wp-json\/wp\/v2\/pages\/663\/revisions\/11567"}],"wp:attachment":[{"href":"https:\/\/www.ira-nantes.gouv.fr\/index.php\/wp-json\/wp\/v2\/media?parent=663"}],"curies":[{"name":"wp","href":"https:\/\/api.w.org\/{rel}","templated":true}]}}