{"id":655,"date":"2019-04-19T18:12:03","date_gmt":"2019-04-19T16:12:03","guid":{"rendered":"https:\/\/www.ira-nantes.gouv.fr\/?page_id=655"},"modified":"2019-04-19T18:12:03","modified_gmt":"2019-04-19T16:12:03","slug":"hebergement-et-restauration","status":"publish","type":"page","link":"https:\/\/www.ira-nantes.gouv.fr\/index.php\/hebergement-et-restauration\/","title":{"rendered":"H\u00e9bergement et restauration"},"content":{"rendered":"<p>[et_pb_section fb_built=\u00a0\u00bb1&Prime; _builder_version=\u00a0\u00bb4.16&Prime; module_alignment=\u00a0\u00bbleft\u00a0\u00bb custom_padding=\u00a0\u00bb0|0px|0|0px|false|false\u00a0\u00bb global_colors_info=\u00a0\u00bb{}\u00a0\u00bb][et_pb_row column_structure=\u00a0\u00bb1_2,1_2&Prime; _builder_version=\u00a0\u00bb4.25.0&Prime; width=\u00a0\u00bb85%\u00a0\u00bb max_width=\u00a0\u00bb85%\u00a0\u00bb custom_margin=\u00a0\u00bb|||150px|false|false\u00a0\u00bb custom_padding=\u00a0\u00bb0px|0px|0px|0|false|false\u00a0\u00bb hover_enabled=\u00a0\u00bb0&Prime; use_custom_width=\u00a0\u00bbon\u00a0\u00bb width_unit=\u00a0\u00bboff\u00a0\u00bb custom_width_percent=\u00a0\u00bb85%\u00a0\u00bb global_colors_info=\u00a0\u00bb{}\u00a0\u00bb custom_margin_last_edited=\u00a0\u00bbon|desktop\u00a0\u00bb sticky_enabled=\u00a0\u00bb0&Prime; custom_margin_tablet=\u00a0\u00bb|||0px|false|false\u00a0\u00bb custom_margin_phone=\u00a0\u00bb|||0px|false|false\u00a0\u00bb][et_pb_column type=\u00a0\u00bb1_2&Prime; _builder_version=\u00a0\u00bb4.16&Prime; custom_padding=\u00a0\u00bb|||\u00a0\u00bb global_colors_info=\u00a0\u00bb{}\u00a0\u00bb custom_padding__hover=\u00a0\u00bb|||\u00a0\u00bb][et_pb_text _builder_version=\u00a0\u00bb4.16&Prime; text_font=\u00a0\u00bb||||||||\u00a0\u00bb text_text_color=\u00a0\u00bb#ff9f00&Prime; text_font_size=\u00a0\u00bb1.57em\u00a0\u00bb global_colors_info=\u00a0\u00bb{}\u00a0\u00bb]<\/p>\n<p><b>H\u00e9bergement<\/b><\/p>\n<p>[\/et_pb_text][et_pb_text _builder_version=\u00a0\u00bb4.16&Prime; text_font=\u00a0\u00bb||||||||\u00a0\u00bb text_font_size=\u00a0\u00bb1em\u00a0\u00bb global_colors_info=\u00a0\u00bb{}\u00a0\u00bb]<\/p>\n<p>Des offres de logements sont mises en ligne sur l&rsquo;intranet des futurs \u00e9l\u00e8ves,\u00a0\u00e0 compter de la publication des r\u00e9sultats d\u2019admission, \u00e0 charge pour eux de se mettre directement en relation avec les propri\u00e9taires.<\/p>\n<p>[\/et_pb_text][et_pb_divider color=\u00a0\u00bb#e3e6eb\u00a0\u00bb divider_weight=\u00a0\u00bb2px\u00a0\u00bb _builder_version=\u00a0\u00bb4.16&Prime; global_colors_info=\u00a0\u00bb{}\u00a0\u00bb][\/et_pb_divider][et_pb_text _builder_version=\u00a0\u00bb4.16&Prime; text_font=\u00a0\u00bb||||||||\u00a0\u00bb text_text_color=\u00a0\u00bb#ff9f00&Prime; text_font_size=\u00a0\u00bb1.57em\u00a0\u00bb global_colors_info=\u00a0\u00bb{}\u00a0\u00bb]<\/p>\n<p><b>Restauration<\/b><\/p>\n<p>[\/et_pb_text][et_pb_text _builder_version=\u00a0\u00bb4.16&Prime; text_font=\u00a0\u00bb||||||||\u00a0\u00bb text_font_size=\u00a0\u00bb1em\u00a0\u00bb global_colors_info=\u00a0\u00bb{}\u00a0\u00bb]<\/p>\n<p>Les \u00e9l\u00e8ves attach\u00e9s ont acc\u00e8s aux services de restauration suivants :<\/p>\n<p>Restaurants universitaires (tarification usager ext\u00e9rieur)<\/p>\n<p><span style=\"display: inline !important; float: none; background-color: transparent; color: #ff9f00; font-family: sans-serif; font-size: 15.33px; font-style: normal; font-variant: normal; font-weight: 400; letter-spacing: normal; line-height: 18.4px; text-align: left; text-decoration: none; text-indent: 0px; text-transform: none; -webkit-text-stroke-width: 0px; white-space: normal; word-spacing: 0px;\">\u2713<\/span>\u00a0Restaurant universitaire du Tertre, route de la Joneli\u00e8re (\u00e0 deux stations de tram)<\/p>\n<p><span style=\"display: inline !important; float: none; background-color: transparent; color: #ff9f00; font-family: sans-serif; font-size: 15.33px; font-style: normal; font-variant: normal; font-weight: 400; letter-spacing: normal; line-height: 18.4px; text-align: left; text-decoration: none; text-indent: 0px; text-transform: none; -webkit-text-stroke-width: 0px; white-space: normal; word-spacing: 0px;\">\u2713<\/span>\u00a0Restaurant universitaire de la Lombarderie, 38 boulevard Michelet (\u00e9galement desservi par le tram),<\/p>\n<p><span style=\"float: none; background-color: transparent; color: #ff9f00; font-family: sans-serif; font-size: 15.33px; font-style: normal; font-variant: normal; font-weight: 400; letter-spacing: normal; line-height: 18.4px; text-align: left; text-decoration: none; text-indent: 0px; text-transform: none; -webkit-text-stroke-width: 0px; white-space: normal; word-spacing: 0px; display: inline !important;\">\u2713<\/span>\u00a0Restaurant universitaire Ricordeau, 1 place Alexis Ricordeau (centre de Nantes).<\/p>\n<p>Restaurant du lyc\u00e9e professionnel Fran\u00e7ois ARAGO, rue du Recteur Schmitt (face parking attach\u00e9s), le lundi jusqu\u2019\u00e0 13h10 et du mardi au vendredi de 12h \u00e013h.<\/p>\n<p>&nbsp;<\/p>\n<p>Par ailleurs, un espace de travail et d\u00e9tente est propos\u00e9 dans l\u2019espace Senghor.\u00a0 A cet effet, sont install\u00e9s deux microondes et des distributeurs de boissons et de denr\u00e9es alimentaires.<\/p>\n<p>&nbsp;<\/p>\n<p>A noter\u00a0: Le statut d\u2019attach\u00e9 n\u2019est pas compatible avec le statut d\u2019\u00e9tudiant et les droits que ce dernier ouvre.<\/p>\n<p>[\/et_pb_text][\/et_pb_column][et_pb_column type=\u00a0\u00bb1_2&Prime; _builder_version=\u00a0\u00bb4.16&Prime; custom_padding=\u00a0\u00bb|||\u00a0\u00bb global_colors_info=\u00a0\u00bb{}\u00a0\u00bb custom_padding__hover=\u00a0\u00bb|||\u00a0\u00bb][et_pb_sidebar area=\u00a0\u00bbsidebar-1&Prime; _builder_version=\u00a0\u00bb4.16&Prime; global_colors_info=\u00a0\u00bb{}\u00a0\u00bb][\/et_pb_sidebar][\/et_pb_column][\/et_pb_row][\/et_pb_section]<\/p>\n","protected":false},"excerpt":{"rendered":"<p>H\u00e9bergementDes offres de logements sont mises en ligne sur l&rsquo;intranet des futurs \u00e9l\u00e8ves,\u00a0\u00e0 compter de la publication des r\u00e9sultats d\u2019admission, \u00e0 charge pour eux de se mettre directement en relation avec les propri\u00e9taires.RestaurationLes \u00e9l\u00e8ves attach\u00e9s ont acc\u00e8s aux services de restauration suivants : Restaurants universitaires (tarification usager ext\u00e9rieur) \u2713\u00a0Restaurant universitaire du Tertre, route de la [&hellip;]<\/p>\n","protected":false},"author":1,"featured_media":0,"parent":0,"menu_order":0,"comment_status":"closed","ping_status":"closed","template":"","meta":{"_et_pb_use_builder":"on","_et_pb_old_content":"","_et_gb_content_width":"","footnotes":""},"class_list":["post-655","page","type-page","status-publish","hentry"],"_links":{"self":[{"href":"https:\/\/www.ira-nantes.gouv.fr\/index.php\/wp-json\/wp\/v2\/pages\/655","targetHints":{"allow":["GET"]}}],"collection":[{"href":"https:\/\/www.ira-nantes.gouv.fr\/index.php\/wp-json\/wp\/v2\/pages"}],"about":[{"href":"https:\/\/www.ira-nantes.gouv.fr\/index.php\/wp-json\/wp\/v2\/types\/page"}],"author":[{"embeddable":true,"href":"https:\/\/www.ira-nantes.gouv.fr\/index.php\/wp-json\/wp\/v2\/users\/1"}],"replies":[{"embeddable":true,"href":"https:\/\/www.ira-nantes.gouv.fr\/index.php\/wp-json\/wp\/v2\/comments?post=655"}],"version-history":[{"count":0,"href":"https:\/\/www.ira-nantes.gouv.fr\/index.php\/wp-json\/wp\/v2\/pages\/655\/revisions"}],"wp:attachment":[{"href":"https:\/\/www.ira-nantes.gouv.fr\/index.php\/wp-json\/wp\/v2\/media?parent=655"}],"curies":[{"name":"wp","href":"https:\/\/api.w.org\/{rel}","templated":true}]}}