{"id":3526,"date":"2019-01-16T11:41:53","date_gmt":"2019-01-16T10:41:53","guid":{"rendered":"https:\/\/www.ira-nantes.gouv.fr\/?page_id=3526"},"modified":"2025-02-11T14:35:47","modified_gmt":"2025-02-11T13:35:47","slug":"votre-accompagnement","status":"publish","type":"page","link":"https:\/\/www.ira-nantes.gouv.fr\/index.php\/votre-accompagnement\/","title":{"rendered":"Votre accompagnement"},"content":{"rendered":"<p>[et_pb_section fb_built=\u00a0\u00bb1&Prime; _builder_version=\u00a0\u00bb4.16&Prime; module_alignment=\u00a0\u00bbleft\u00a0\u00bb custom_padding=\u00a0\u00bb0|0px|0|0px|false|false\u00a0\u00bb global_colors_info=\u00a0\u00bb{}\u00a0\u00bb][et_pb_row _builder_version=\u00a0\u00bb4.25.0&Prime; _module_preset=\u00a0\u00bbdefault\u00a0\u00bb module_alignment=\u00a0\u00bbcenter\u00a0\u00bb custom_margin=\u00a0\u00bb|||150px|false|false\u00a0\u00bb custom_margin_tablet=\u00a0\u00bb|||0px|false|false\u00a0\u00bb custom_margin_phone=\u00a0\u00bb|||0px|false|false\u00a0\u00bb custom_margin_last_edited=\u00a0\u00bbon|desktop\u00a0\u00bb global_colors_info=\u00a0\u00bb{}\u00a0\u00bb][et_pb_column type=\u00a0\u00bb4_4&Prime; _builder_version=\u00a0\u00bb4.25.0&Prime; _module_preset=\u00a0\u00bbdefault\u00a0\u00bb global_colors_info=\u00a0\u00bb{}\u00a0\u00bb][et_pb_text _builder_version=\u00a0\u00bb4.27.4&Prime; _module_preset=\u00a0\u00bbdefault\u00a0\u00bb global_colors_info=\u00a0\u00bb{}\u00a0\u00bb]<\/p>\n<h4><strong><span style=\"color: #808080;\"><a href=\"presentation-formation-initiale\" style=\"color: #808080;\"><span style=\"color: #808080;\">Pr\u00e9sentation<\/span> <\/a>|<a href=\"periode-probatoire-a-lira\" style=\"color: #808080;\"> P\u00e9riode probatoire \u00e0 l&rsquo;IRA <\/a>|<\/span><a href=\"votre-accompagnement\"> <span style=\"color: #808080;\">Votre accompagnement<\/span> <\/a><\/strong><\/h4>\n<p>[\/et_pb_text][\/et_pb_column][\/et_pb_row][et_pb_row column_structure=\u00a0\u00bb1_4,1_4,1_4,1_4&Prime; _builder_version=\u00a0\u00bb4.25.0&Prime; width=\u00a0\u00bb85%\u00a0\u00bb max_width=\u00a0\u00bb85%\u00a0\u00bb custom_margin=\u00a0\u00bb|||150px|false|false\u00a0\u00bb custom_margin_tablet=\u00a0\u00bb|||0px|false|false\u00a0\u00bb custom_margin_phone=\u00a0\u00bb|||0px|false|false\u00a0\u00bb custom_margin_last_edited=\u00a0\u00bbon|tablet\u00a0\u00bb custom_padding=\u00a0\u00bb0px|0px|0px|0|false|false\u00a0\u00bb use_custom_width=\u00a0\u00bbon\u00a0\u00bb width_unit=\u00a0\u00bboff\u00a0\u00bb custom_width_percent=\u00a0\u00bb85%\u00a0\u00bb global_colors_info=\u00a0\u00bb{}\u00a0\u00bb][et_pb_column type=\u00a0\u00bb1_4&Prime; _builder_version=\u00a0\u00bb4.16&Prime; custom_padding=\u00a0\u00bb|||\u00a0\u00bb global_colors_info=\u00a0\u00bb{}\u00a0\u00bb custom_padding__hover=\u00a0\u00bb|||\u00a0\u00bb][et_pb_text _builder_version=\u00a0\u00bb4.16&Prime; text_font=\u00a0\u00bb|800|||||||\u00a0\u00bb text_text_color=\u00a0\u00bb#ff9f00&Prime; text_font_size=\u00a0\u00bb1.57em\u00a0\u00bb header_font=\u00a0\u00bb||||||||\u00a0\u00bb global_colors_info=\u00a0\u00bb{}\u00a0\u00bb]<\/p>\n<p>L&rsquo;\u00e9l\u00e8ve attach\u00e9<span style=\"color: #e09900;\"><br \/> <\/span><\/p>\n<p>[\/et_pb_text][et_pb_text _builder_version=\u00a0\u00bb4.27.4&Prime; text_font=\u00a0\u00bb||||||||\u00a0\u00bb text_font_size=\u00a0\u00bb1em\u00a0\u00bb global_colors_info=\u00a0\u00bb{}\u00a0\u00bb]<\/p>\n<ul>\n<li style=\"text-align: left;\">Le dispositif vise \u00e0 rendre l\u2019\u00e9l\u00e8ve\u00a0 <strong>davantage \u00ab\u00a0acteur\u00a0\u00bb de sa formation<\/strong> : passeport de comp\u00e9tences, choix du terrain de stage parmi les missions propos\u00e9es par les administrations et valid\u00e9es par l\u2019IRA, s\u00e9lection des formations dans le cadre de la p\u00e9riode de formation diff\u00e9renci\u00e9e,<\/li>\n<li style=\"text-align: left;\">Les <strong>m\u00e9thodes p\u00e9dagogiques retenues<\/strong> visent \u00e0 le rendre <strong>responsable du rythme auquel il va acqu\u00e9rir les comp\u00e9tences<\/strong> requises pour servir son projet professionnel (d\u00e9veloppement de m\u00e9thodes telles que e-learning, jeux s\u00e9rieux,\u2026).<\/li>\n<\/ul>\n<p>[\/et_pb_text][et_pb_divider color=\u00a0\u00bb#E3E6EB\u00a0\u00bb _builder_version=\u00a0\u00bb4.16&Prime; global_colors_info=\u00a0\u00bb{}\u00a0\u00bb][\/et_pb_divider][\/et_pb_column][et_pb_column type=\u00a0\u00bb1_4&Prime; _builder_version=\u00a0\u00bb4.16&Prime; custom_padding=\u00a0\u00bb|||\u00a0\u00bb global_colors_info=\u00a0\u00bb{}\u00a0\u00bb custom_padding__hover=\u00a0\u00bb|||\u00a0\u00bb][et_pb_text _builder_version=\u00a0\u00bb4.16&Prime; text_font=\u00a0\u00bb|800|||||||\u00a0\u00bb text_text_color=\u00a0\u00bb#ff9f00&Prime; text_font_size=\u00a0\u00bb1.57em\u00a0\u00bb header_font=\u00a0\u00bb||||||||\u00a0\u00bb global_colors_info=\u00a0\u00bb{}\u00a0\u00bb]<\/p>\n<p>Les intervenants formateurs<span style=\"color: #e09900;\"><br \/> <\/span><\/p>\n<p>[\/et_pb_text][et_pb_text _builder_version=\u00a0\u00bb4.27.4&Prime; text_font=\u00a0\u00bb||||||||\u00a0\u00bb text_font_size=\u00a0\u00bb1em\u00a0\u00bb global_colors_info=\u00a0\u00bb{}\u00a0\u00bb]<\/p>\n<ul>\n<li style=\"text-align: left;\">Ils <strong>transmettent des savoir-faire <\/strong>en compl\u00e9tant, le cas \u00e9ch\u00e9ant, les savoirs ou connaissances n\u00e9cessaires (la \u00ab\u00a0v\u00e9rification\u00a0\u00bb de ces derni\u00e8res peut notamment \u00eatre faite \u00e0 l\u2019aide d\u2019outils p\u00e9dagogiques adapt\u00e9s).<\/li>\n<li style=\"text-align: left;\">La <strong>relation \u00ab\u00a0formateur-\u00e9l\u00e8ve\u00a0\u00bb<\/strong> doit prendre, de plus en plus, la forme d\u2019un<strong> \u00e9change<\/strong>.<\/li>\n<li style=\"text-align: left;\">Ils <strong>mettent en place des activit\u00e9s permettant<\/strong> \u00e9ventuellement, au fil de leur enseignement ou en fin de leur module, <strong>d\u2019\u00e9valuer l\u2019atteinte des objectifs <\/strong>de formation (\u00e9valuation formative). Les intervenants vont ainsi participer \u00e0 l\u2019\u00e9valuation de l\u2019acquisition des comp\u00e9tences<\/li>\n<\/ul>\n<p>[\/et_pb_text][et_pb_divider color=\u00a0\u00bb#E3E6EB\u00a0\u00bb _builder_version=\u00a0\u00bb4.16&Prime; global_colors_info=\u00a0\u00bb{}\u00a0\u00bb][\/et_pb_divider][et_pb_sidebar area=\u00a0\u00bbsidebar-1&Prime; _builder_version=\u00a0\u00bb4.16&Prime; global_colors_info=\u00a0\u00bb{}\u00a0\u00bb][\/et_pb_sidebar][\/et_pb_column][et_pb_column type=\u00a0\u00bb1_4&Prime; _builder_version=\u00a0\u00bb4.16&Prime; custom_padding=\u00a0\u00bb|||\u00a0\u00bb global_colors_info=\u00a0\u00bb{}\u00a0\u00bb custom_padding__hover=\u00a0\u00bb|||\u00a0\u00bb][et_pb_text _builder_version=\u00a0\u00bb4.16&Prime; text_font=\u00a0\u00bb|800|||||||\u00a0\u00bb text_text_color=\u00a0\u00bb#ff9f00&Prime; text_font_size=\u00a0\u00bb1.57em\u00a0\u00bb global_colors_info=\u00a0\u00bb{}\u00a0\u00bb]<\/p>\n<p>Le personnel de l&rsquo;IRA<span style=\"color: #e09900;\"><br \/> <\/span><\/p>\n<p>[\/et_pb_text][et_pb_text _builder_version=\u00a0\u00bb4.16&Prime; text_font=\u00a0\u00bb|800|||||||\u00a0\u00bb text_text_color=\u00a0\u00bb#0c71c3&Prime; text_font_size=\u00a0\u00bb1.57em\u00a0\u00bb global_colors_info=\u00a0\u00bb{}\u00a0\u00bb]<\/p>\n<p><span style=\"color: #e09900;\">Le personnel de l&rsquo;IRA<br \/><\/span><\/p>\n<p>[\/et_pb_text][et_pb_text _builder_version=\u00a0\u00bb4.25.2&Prime; text_font=\u00a0\u00bb|800|||||||\u00a0\u00bb text_text_color=\u00a0\u00bb#ff9f00&Prime; text_font_size=\u00a0\u00bb1.57em\u00a0\u00bb global_colors_info=\u00a0\u00bb{}\u00a0\u00bb]<\/p>\n<p>Le personnel de l&rsquo;IRA<span style=\"color: #e09900;\"><br \/> <\/span><\/p>\n<p>[\/et_pb_text][et_pb_text _builder_version=\u00a0\u00bb4.27.4&Prime; text_font=\u00a0\u00bb||||||||\u00a0\u00bb text_font_size=\u00a0\u00bb1em\u00a0\u00bb global_colors_info=\u00a0\u00bb{}\u00a0\u00bb]<\/p>\n<ul>\n<li style=\"text-align: left;\"><strong>Organisation p\u00e9dagogique et mat\u00e9rielle<\/strong> des activit\u00e9s de formation,<\/li>\n<li style=\"text-align: left;\"><strong>Mise en place et professionnalisation du jury de classement<\/strong> (dont les personnels de l\u2019IRA ne font pas partie)<\/li>\n<li style=\"text-align: left;\"><strong>Formation des intervenants-formateurs <\/strong>aux m\u00e9thodes et outils p\u00e9dagogiques \u00ab\u00a0innovants\u00a0\u00bb et \u00e0 l\u2019\u00e9valuation formative.<\/li>\n<li style=\"text-align: left;\"><strong>Recrutement de coachs certifi\u00e9s : <\/strong>un acteur-cl\u00e9 du dispositif<\/li>\n<\/ul>\n<p>&nbsp;<\/p>\n<p>[\/et_pb_text][et_pb_divider color=\u00a0\u00bb#E3E6EB\u00a0\u00bb _builder_version=\u00a0\u00bb4.16&Prime; global_colors_info=\u00a0\u00bb{}\u00a0\u00bb][\/et_pb_divider][\/et_pb_column][et_pb_column type=\u00a0\u00bb1_4&Prime; _builder_version=\u00a0\u00bb4.16&Prime; custom_padding=\u00a0\u00bb|||\u00a0\u00bb global_colors_info=\u00a0\u00bb{}\u00a0\u00bb custom_padding__hover=\u00a0\u00bb|||\u00a0\u00bb][et_pb_text _builder_version=\u00a0\u00bb4.16&Prime; text_font=\u00a0\u00bb|800|||||||\u00a0\u00bb text_text_color=\u00a0\u00bb#ff9f00&Prime; text_font_size=\u00a0\u00bb1.57em\u00a0\u00bb global_colors_info=\u00a0\u00bb{}\u00a0\u00bb]<\/p>\n<p>Les employeurs<span style=\"color: #e09900;\"><br \/> <\/span><\/p>\n<p>[\/et_pb_text][et_pb_text _builder_version=\u00a0\u00bb4.27.4&Prime; text_font=\u00a0\u00bb||||||||\u00a0\u00bb text_font_size=\u00a0\u00bb1em\u00a0\u00bb hover_enabled=\u00a0\u00bb0&Prime; global_colors_info=\u00a0\u00bb{}\u00a0\u00bb sticky_enabled=\u00a0\u00bb0&Prime;]<\/p>\n<ul>\n<li style=\"text-align: left;\">Ils <strong>fournissent la liste des postes offerts <\/strong>aux \u00e9l\u00e8ves, dans leurs administrations.<\/li>\n<li style=\"text-align: left;\">Ils <strong>accueillent et accompagnent l\u2019\u00e9l\u00e8ve<\/strong>, qui devient ensuite stagiaire de leur administration, <strong>et compl\u00e8tent sa formation<\/strong>, en fonction des comp\u00e9tences professionnelles sp\u00e9cifiques li\u00e9es au poste d\u2019affectation.<\/li>\n<li style=\"text-align: left;\">Ils sont <strong>autorit\u00e9 de titularisation<\/strong>.<\/li>\n<\/ul>\n<p>[\/et_pb_text][et_pb_divider color=\u00a0\u00bb#E3E6EB\u00a0\u00bb _builder_version=\u00a0\u00bb4.16&Prime; global_colors_info=\u00a0\u00bb{}\u00a0\u00bb][\/et_pb_divider][\/et_pb_column][\/et_pb_row][\/et_pb_section]<\/p>\n","protected":false},"excerpt":{"rendered":"<p>Pr\u00e9sentation | P\u00e9riode probatoire \u00e0 l&rsquo;IRA | Votre accompagnement L&rsquo;\u00e9l\u00e8ve attach\u00e9 Le dispositif vise \u00e0 rendre l\u2019\u00e9l\u00e8ve\u00a0 davantage \u00ab\u00a0acteur\u00a0\u00bb de sa formation : passeport de comp\u00e9tences, choix du terrain de stage parmi les missions propos\u00e9es par les administrations et valid\u00e9es par l\u2019IRA, s\u00e9lection des formations dans le cadre de la p\u00e9riode de formation diff\u00e9renci\u00e9e, Les [&hellip;]<\/p>\n","protected":false},"author":1,"featured_media":0,"parent":0,"menu_order":0,"comment_status":"closed","ping_status":"closed","template":"","meta":{"_et_pb_use_builder":"on","_et_pb_old_content":"","_et_gb_content_width":"","footnotes":""},"class_list":["post-3526","page","type-page","status-publish","hentry"],"_links":{"self":[{"href":"https:\/\/www.ira-nantes.gouv.fr\/index.php\/wp-json\/wp\/v2\/pages\/3526","targetHints":{"allow":["GET"]}}],"collection":[{"href":"https:\/\/www.ira-nantes.gouv.fr\/index.php\/wp-json\/wp\/v2\/pages"}],"about":[{"href":"https:\/\/www.ira-nantes.gouv.fr\/index.php\/wp-json\/wp\/v2\/types\/page"}],"author":[{"embeddable":true,"href":"https:\/\/www.ira-nantes.gouv.fr\/index.php\/wp-json\/wp\/v2\/users\/1"}],"replies":[{"embeddable":true,"href":"https:\/\/www.ira-nantes.gouv.fr\/index.php\/wp-json\/wp\/v2\/comments?post=3526"}],"version-history":[{"count":5,"href":"https:\/\/www.ira-nantes.gouv.fr\/index.php\/wp-json\/wp\/v2\/pages\/3526\/revisions"}],"predecessor-version":[{"id":11444,"href":"https:\/\/www.ira-nantes.gouv.fr\/index.php\/wp-json\/wp\/v2\/pages\/3526\/revisions\/11444"}],"wp:attachment":[{"href":"https:\/\/www.ira-nantes.gouv.fr\/index.php\/wp-json\/wp\/v2\/media?parent=3526"}],"curies":[{"name":"wp","href":"https:\/\/api.w.org\/{rel}","templated":true}]}}