{"id":18,"date":"2019-04-20T10:21:22","date_gmt":"2019-04-20T08:21:22","guid":{"rendered":"https:\/\/www.ira-nantes.gouv.fr\/?page_id=18"},"modified":"2024-06-18T14:48:27","modified_gmt":"2024-06-18T12:48:27","slug":"activite-formation-continue","status":"publish","type":"page","link":"https:\/\/www.ira-nantes.gouv.fr\/index.php\/activite-formation-continue\/","title":{"rendered":"Notre activit\u00e9"},"content":{"rendered":"<p>[et_pb_section fb_built=\u00a0\u00bb1&Prime; _builder_version=\u00a0\u00bb4.16&Prime; module_alignment=\u00a0\u00bbleft\u00a0\u00bb custom_padding=\u00a0\u00bb0|0px|0|0px|false|false\u00a0\u00bb global_colors_info=\u00a0\u00bb{}\u00a0\u00bb][et_pb_row column_structure=\u00a0\u00bb2_3,1_3&Prime; _builder_version=\u00a0\u00bb4.25.0&Prime; width=\u00a0\u00bb85%\u00a0\u00bb max_width=\u00a0\u00bb85%\u00a0\u00bb custom_margin=\u00a0\u00bb|||150px|false|false\u00a0\u00bb custom_margin_tablet=\u00a0\u00bb|||0px|false|false\u00a0\u00bb custom_margin_phone=\u00a0\u00bb|||0px|false|false\u00a0\u00bb custom_margin_last_edited=\u00a0\u00bbon|desktop\u00a0\u00bb custom_padding=\u00a0\u00bb0px|0px|0px|0|false|false\u00a0\u00bb use_custom_width=\u00a0\u00bbon\u00a0\u00bb width_unit=\u00a0\u00bboff\u00a0\u00bb custom_width_percent=\u00a0\u00bb85%\u00a0\u00bb global_colors_info=\u00a0\u00bb{}\u00a0\u00bb][et_pb_column type=\u00a0\u00bb2_3&Prime; _builder_version=\u00a0\u00bb4.16&Prime; custom_padding=\u00a0\u00bb|||\u00a0\u00bb global_colors_info=\u00a0\u00bb{}\u00a0\u00bb custom_padding__hover=\u00a0\u00bb|||\u00a0\u00bb][et_pb_text _builder_version=\u00a0\u00bb4.16&Prime; text_font=\u00a0\u00bb|800|||||||\u00a0\u00bb text_text_color=\u00a0\u00bb#13357a\u00a0\u00bb text_font_size=\u00a0\u00bb1.57em\u00a0\u00bb global_colors_info=\u00a0\u00bb{}\u00a0\u00bb]<\/p>\n<p><span style=\"color: #ff9900;\">L&rsquo;IRA, \u00e9tablissement public national<\/span><\/p>\n<p>[\/et_pb_text][et_pb_text _builder_version=\u00a0\u00bb4.16&Prime; text_font=\u00a0\u00bb||||||||\u00a0\u00bb text_font_size=\u00a0\u00bb1em\u00a0\u00bb global_colors_info=\u00a0\u00bb{}\u00a0\u00bb]<\/p>\n<p><span style=\"color: #13357a;\"><\/span><\/p>\n<p><span style=\"color: #13357a;\">\u2026et \u00e9cole d&rsquo;application \u00e0 vocation interminist\u00e9rielle est plac\u00e9 sous la tutelle de la DGAFP, DRH de l\u2019Etat. L\u2019IRA de Nantes a pour mission de r\u00e9pondre aux besoins du service public d\u2019aujourd\u2019hui et de demain. Son offre de formation s\u2019adapte aux attentes de la fonction publique, du service public et des citoyens, tout comme aux exigences d\u2019efficience des administrations.<\/span><\/p>\n<p>[\/et_pb_text][et_pb_text _builder_version=\u00a0\u00bb4.16&Prime; text_font=\u00a0\u00bb|800|||||||\u00a0\u00bb text_text_color=\u00a0\u00bb#13357a\u00a0\u00bb text_font_size=\u00a0\u00bb1.57em\u00a0\u00bb global_colors_info=\u00a0\u00bb{}\u00a0\u00bb]<\/p>\n<p><span style=\"color: #ffd700;\"><span style=\"color: #ff9900;\">Une offre de formation interminist\u00e9rielle et partenariale<\/span><br \/> <\/span><\/p>\n<p>[\/et_pb_text][et_pb_text _builder_version=\u00a0\u00bb4.16&Prime; text_font=\u00a0\u00bb||||||||\u00a0\u00bb text_font_size=\u00a0\u00bb1em\u00a0\u00bb global_colors_info=\u00a0\u00bb{}\u00a0\u00bb]<\/p>\n<p>&#8230;structur\u00e9e autour de 5 axes r\u00e9pondant au sch\u00e9ma directeur de la formation professionnelle tout au long de la vie :<\/p>\n<p>\u2013 Porter les valeurs et les principes de la r\u00e9publique,<\/p>\n<p>\u2013 Acc\u00e9l\u00e9rer la transformation num\u00e9rique de l&rsquo;\u00e9tat,<\/p>\n<p>\u2013 Consolider la fonction et les postures manag\u00e9riales,<\/p>\n<p>\u2013 Accompagner le d\u00e9veloppement professionnel,<\/p>\n<p>\u2013 Piloter la politique interminist\u00e9rielle de formation.<\/p>\n<p>[\/et_pb_text][et_pb_text _builder_version=\u00a0\u00bb4.16&Prime; text_font=\u00a0\u00bb|800|||||||\u00a0\u00bb text_text_color=\u00a0\u00bb#13357a\u00a0\u00bb text_font_size=\u00a0\u00bb1.57em\u00a0\u00bb global_colors_info=\u00a0\u00bb{}\u00a0\u00bb]<\/p>\n<p><span style=\"color: #ff9900;\">Accompagner les administrations dans leurs transformations pour r\u00e9pondre aux besoins de leurs usagers<\/span><span style=\"color: #ffd700;\"><br \/> <\/span><\/p>\n<p>[\/et_pb_text][et_pb_text _builder_version=\u00a0\u00bb4.16&Prime; text_font=\u00a0\u00bb||||||||\u00a0\u00bb text_font_size=\u00a0\u00bb1em\u00a0\u00bb global_colors_info=\u00a0\u00bb{}\u00a0\u00bb]<\/p>\n<p>La direction de la formation continue interminist\u00e9rielle de l\u2019IRA apporte son concours dans l\u2019analyse des besoins et des comp\u00e9tences \u00e0 d\u00e9velopper. Elle prend en compte les contextes et sp\u00e9cificit\u00e9s des structures commanditaires pour s\u00e9lectionner le dispositif de formation le plus ad\u00e9quat.<\/p>\n<p>Ce travail d\u2019ing\u00e9nierie qui n\u00e9cessite \u00e9coute et r\u00e9activit\u00e9 pour r\u00e9pondre dans des d\u00e9lais contraints, se fait en lien avec le demandeur et l\u2019intervenant.<\/p>\n<p>[\/et_pb_text][et_pb_text _builder_version=\u00a0\u00bb4.16&Prime; text_font=\u00a0\u00bb|800|||||||\u00a0\u00bb text_text_color=\u00a0\u00bb#13357a\u00a0\u00bb text_font_size=\u00a0\u00bb1.57em\u00a0\u00bb global_colors_info=\u00a0\u00bb{}\u00a0\u00bb]<\/p>\n<p><span style=\"color: #e09900;\">Accompagner les administrations dans leurs transformations pour r\u00e9pondre aux besoins de leurs usagers<br \/> <\/span><\/p>\n<p>[\/et_pb_text][et_pb_text _builder_version=\u00a0\u00bb4.16&Prime; text_font=\u00a0\u00bb||||||||\u00a0\u00bb text_font_size=\u00a0\u00bb1em\u00a0\u00bb global_colors_info=\u00a0\u00bb{}\u00a0\u00bb]<\/p>\n<p>Le contexte de r\u00e9forme impacte l\u2019organisation des structures, les ressources, les missions. Un accompagnement au changement peut se r\u00e9v\u00e9ler utile.<\/p>\n<p>[\/et_pb_text][et_pb_text _builder_version=\u00a0\u00bb4.16&Prime; text_font=\u00a0\u00bb|800|||||||\u00a0\u00bb text_text_color=\u00a0\u00bb#13357a\u00a0\u00bb text_font_size=\u00a0\u00bb1.57em\u00a0\u00bb global_colors_info=\u00a0\u00bb{}\u00a0\u00bb]<\/p>\n<p><span style=\"color: #ffd700;\"><span style=\"color: #ff9900;\">Une expertise en ing\u00e9nierie de formation<\/span><br \/> <\/span><\/p>\n<p>[\/et_pb_text][et_pb_text _builder_version=\u00a0\u00bb4.16&Prime; text_font=\u00a0\u00bb||||||||\u00a0\u00bb text_font_size=\u00a0\u00bb1em\u00a0\u00bb global_colors_info=\u00a0\u00bb{}\u00a0\u00bb]<\/p>\n<p>La direction de la formation continue interminist\u00e9rielle de l\u2019IRA apporte son concours dans l\u2019analyse des besoins et des comp\u00e9tences \u00e0 d\u00e9velopper. Elle prend en compte les contextes et sp\u00e9cificit\u00e9s des structures commanditaires pour s\u00e9lectionner le dispositif de formation le plus ad\u00e9quat.<\/p>\n<p>Ce travail d\u2019ing\u00e9nierie qui n\u00e9cessite \u00e9coute et r\u00e9activit\u00e9 pour r\u00e9pondre dans des d\u00e9lais contraints, se fait en lien avec le demandeur et l\u2019intervenant.<\/p>\n<p>[\/et_pb_text][et_pb_text _builder_version=\u00a0\u00bb4.16&Prime; text_font=\u00a0\u00bb|800|||||||\u00a0\u00bb text_text_color=\u00a0\u00bb#13357a\u00a0\u00bb text_font_size=\u00a0\u00bb1.57em\u00a0\u00bb global_colors_info=\u00a0\u00bb{}\u00a0\u00bb]<\/p>\n<p><span style=\"color: #ffd700;\"><span style=\"color: #ff9900;\">Des formateurs experts dans leur domaine d\u2019intervention<\/span><br \/> <\/span><\/p>\n<p>[\/et_pb_text][et_pb_text _builder_version=\u00a0\u00bb4.16&Prime; text_font=\u00a0\u00bb||||||||\u00a0\u00bb text_font_size=\u00a0\u00bb1em\u00a0\u00bb global_colors_info=\u00a0\u00bb{}\u00a0\u00bb]<\/p>\n<p>L&rsquo;IRA de Nantes ne poss\u00e8de pas de corps enseignant en propre, les intervenants sont des cadres exp\u00e9riment\u00e9s, formateurs occasionnels, exer\u00e7ant au sein de la fonction publique et des cabinets de formation r\u00e9f\u00e9renc\u00e9s dans un march\u00e9 public. Ils sont reconnus pour leurs qualit\u00e9s p\u00e9dagogiques comme pour leurs connaissances de l\u2019administration et des \u00e9volutions en cours.<\/p>\n<p>[\/et_pb_text][et_pb_text _builder_version=\u00a0\u00bb4.16&Prime; text_font=\u00a0\u00bb|800|||||||\u00a0\u00bb text_text_color=\u00a0\u00bb#13357a\u00a0\u00bb text_font_size=\u00a0\u00bb1.57em\u00a0\u00bb global_colors_info=\u00a0\u00bb{}\u00a0\u00bb]<\/p>\n<p><span style=\"color: #ffd700;\"><span style=\"color: #ff9900;\">Des modalit\u00e9s p\u00e9dagogiques actives, centr\u00e9es sur l\u2019apprenant, acteur de son apprentissage<\/span><br \/> <\/span><\/p>\n<p>[\/et_pb_text][et_pb_text _builder_version=\u00a0\u00bb4.16&Prime; text_font=\u00a0\u00bb||||||||\u00a0\u00bb text_font_size=\u00a0\u00bb1em\u00a0\u00bb global_colors_info=\u00a0\u00bb{}\u00a0\u00bb]<\/p>\n<p><span>Les rapports formateur-apprenant se red\u00e9finissent pour un apprentissage plus horizontal. La p\u00e9dagogie \u00e9volue et se diversifie notamment par l\u2019int\u00e9gration progressive des modalit\u00e9s num\u00e9riques.<\/span><\/p>\n<p>[\/et_pb_text][et_pb_text _builder_version=\u00a0\u00bb4.16&Prime; text_font=\u00a0\u00bb|800|||||||\u00a0\u00bb text_text_color=\u00a0\u00bb#13357a\u00a0\u00bb text_font_size=\u00a0\u00bb1.57em\u00a0\u00bb global_colors_info=\u00a0\u00bb{}\u00a0\u00bb]<\/p>\n<p><span style=\"color: #ff9900;\">Des formations r\u00e9guli\u00e8rement \u00e9valu\u00e9es\u00a0: une d\u00e9marche d\u2019am\u00e9lioration continue<\/span><\/p>\n<p>[\/et_pb_text][et_pb_text _builder_version=\u00a0\u00bb4.16&Prime; text_font=\u00a0\u00bb||||||||\u00a0\u00bb text_font_size=\u00a0\u00bb1em\u00a0\u00bb global_colors_info=\u00a0\u00bb{}\u00a0\u00bb]<\/p>\n<p>Les formations sont \u00e9valu\u00e9es afin de mesurer l&rsquo;efficacit\u00e9 du dispositif p\u00e9dagogique et v\u00e9rifier l&rsquo;ad\u00e9quation entre les besoins et les acquis du stagiaire. Ces \u00e9valuations sont partag\u00e9es avec l\u2019intervenant. Les formations peuvent \u00e9voluer en cons\u00e9quence.<\/p>\n<p>[\/et_pb_text][et_pb_text _builder_version=\u00a0\u00bb4.16&Prime; text_font=\u00a0\u00bb|800|||||||\u00a0\u00bb text_text_color=\u00a0\u00bb#13357a\u00a0\u00bb text_font_size=\u00a0\u00bb1.57em\u00a0\u00bb global_colors_info=\u00a0\u00bb{}\u00a0\u00bb]<\/p>\n<p><span style=\"color: #ffd700;\"><span style=\"color: #ff9900;\">Des formations r\u00e9alis\u00e9es au plus pr\u00e8s du terrain pour favoriser l\u2019acc\u00e8s \u00e0 tous.<\/span><br \/> <\/span><\/p>\n<p>[\/et_pb_text][\/et_pb_column][et_pb_column type=\u00a0\u00bb1_3&Prime; _builder_version=\u00a0\u00bb4.16&Prime; custom_padding=\u00a0\u00bb|||\u00a0\u00bb global_colors_info=\u00a0\u00bb{}\u00a0\u00bb custom_padding__hover=\u00a0\u00bb|||\u00a0\u00bb][et_pb_text _builder_version=\u00a0\u00bb4.16&Prime; text_font=\u00a0\u00bb||||||||\u00a0\u00bb text_text_color=\u00a0\u00bb#13357a\u00a0\u00bb global_colors_info=\u00a0\u00bb{}\u00a0\u00bb]<\/p>\n<h2 style=\"color: #13357a; font-weight: 900;\">NOTRE ACTIVIT\u00c9 EN CHIFFRES :<\/h2>\n<h2 style=\"color: #13357a; font-weight: 900;\">2023<\/h2>\n<p>[\/et_pb_text][et_pb_text _builder_version=\u00a0\u00bb4.16&Prime; text_font=\u00a0\u00bb||||||||\u00a0\u00bb text_text_color=\u00a0\u00bb#13357a\u00a0\u00bb global_colors_info=\u00a0\u00bb{}\u00a0\u00bb]<\/p>\n<div style=\"color: #ff5b00; font-size: 420%; line-height: 1em; font-weight: 900; text-align: left;\">254<\/div>\n<p style=\"color: #666666; font-size: 120%; text-align: left;\">actions de formations r\u00e9alis\u00e9es<\/p>\n<div style=\"color: #ff9f00; font-size: 420%; line-height: 1em; font-weight: 900; text-align: left;\">2 573<\/div>\n<p style=\"color: #666666; font-size: 120%; text-align: left;\">agents form\u00e9s<\/p>\n<div style=\"color: #ffd700; font-size: 420%; line-height: 1em; font-weight: 900; text-align: left;\">444<\/div>\n<p style=\"color: #666666; font-size: 120%; text-align: left;\">jours de formation<\/p>\n<p>[\/et_pb_text][\/et_pb_column][\/et_pb_row][\/et_pb_section]<\/p>\n","protected":false},"excerpt":{"rendered":"<p>L&rsquo;IRA, \u00e9tablissement public national \u2026et \u00e9cole d&rsquo;application \u00e0 vocation interminist\u00e9rielle est plac\u00e9 sous la tutelle de la DGAFP, DRH de l\u2019Etat. L\u2019IRA de Nantes a pour mission de r\u00e9pondre aux besoins du service public d\u2019aujourd\u2019hui et de demain. Son offre de formation s\u2019adapte aux attentes de la fonction publique, du service public et des citoyens, [&hellip;]<\/p>\n","protected":false},"author":1,"featured_media":0,"parent":0,"menu_order":0,"comment_status":"closed","ping_status":"closed","template":"","meta":{"_et_pb_use_builder":"on","_et_pb_old_content":"","_et_gb_content_width":"","footnotes":""},"class_list":["post-18","page","type-page","status-publish","hentry"],"_links":{"self":[{"href":"https:\/\/www.ira-nantes.gouv.fr\/index.php\/wp-json\/wp\/v2\/pages\/18","targetHints":{"allow":["GET"]}}],"collection":[{"href":"https:\/\/www.ira-nantes.gouv.fr\/index.php\/wp-json\/wp\/v2\/pages"}],"about":[{"href":"https:\/\/www.ira-nantes.gouv.fr\/index.php\/wp-json\/wp\/v2\/types\/page"}],"author":[{"embeddable":true,"href":"https:\/\/www.ira-nantes.gouv.fr\/index.php\/wp-json\/wp\/v2\/users\/1"}],"replies":[{"embeddable":true,"href":"https:\/\/www.ira-nantes.gouv.fr\/index.php\/wp-json\/wp\/v2\/comments?post=18"}],"version-history":[{"count":3,"href":"https:\/\/www.ira-nantes.gouv.fr\/index.php\/wp-json\/wp\/v2\/pages\/18\/revisions"}],"predecessor-version":[{"id":10591,"href":"https:\/\/www.ira-nantes.gouv.fr\/index.php\/wp-json\/wp\/v2\/pages\/18\/revisions\/10591"}],"wp:attachment":[{"href":"https:\/\/www.ira-nantes.gouv.fr\/index.php\/wp-json\/wp\/v2\/media?parent=18"}],"curies":[{"name":"wp","href":"https:\/\/api.w.org\/{rel}","templated":true}]}}