{"id":17,"date":"2019-04-20T10:21:21","date_gmt":"2019-04-20T08:21:21","guid":{"rendered":"https:\/\/www.ira-nantes.gouv.fr\/?page_id=17"},"modified":"2025-02-07T18:13:13","modified_gmt":"2025-02-07T17:13:13","slug":"presentation-formation-initiale","status":"publish","type":"page","link":"https:\/\/www.ira-nantes.gouv.fr\/index.php\/presentation-formation-initiale\/","title":{"rendered":"Pr\u00e9sentation FI"},"content":{"rendered":"<p>[et_pb_section fb_built=\u00a0\u00bb1&Prime; _builder_version=\u00a0\u00bb4.16&Prime; module_alignment=\u00a0\u00bbleft\u00a0\u00bb custom_padding=\u00a0\u00bb0|0px|50px|0px|false|false\u00a0\u00bb global_colors_info=\u00a0\u00bb{}\u00a0\u00bb][et_pb_row _builder_version=\u00a0\u00bb4.25.0&Prime; _module_preset=\u00a0\u00bbdefault\u00a0\u00bb module_alignment=\u00a0\u00bbcenter\u00a0\u00bb custom_margin=\u00a0\u00bb|||150px|false|false\u00a0\u00bb custom_margin_tablet=\u00a0\u00bb|||0px|false|false\u00a0\u00bb custom_margin_phone=\u00a0\u00bb|||0px|false|false\u00a0\u00bb custom_margin_last_edited=\u00a0\u00bbon|desktop\u00a0\u00bb global_colors_info=\u00a0\u00bb{}\u00a0\u00bb][et_pb_column type=\u00a0\u00bb4_4&Prime; _builder_version=\u00a0\u00bb4.24.2&Prime; _module_preset=\u00a0\u00bbdefault\u00a0\u00bb global_colors_info=\u00a0\u00bb{}\u00a0\u00bb][et_pb_text _builder_version=\u00a0\u00bb4.27.4&Prime; _module_preset=\u00a0\u00bbdefault\u00a0\u00bb custom_padding=\u00a0\u00bb|0px||||\u00a0\u00bb hover_enabled=\u00a0\u00bb0&Prime; global_colors_info=\u00a0\u00bb{}\u00a0\u00bb sticky_enabled=\u00a0\u00bb0&Prime;]<\/p>\n<h4><strong><span style=\"color: #808080;\"><a href=\"presentation-formation-initiale\" style=\"color: #808080;\"><span style=\"color: #808080;\">Pr\u00e9sentation<\/span> <\/a>|<a href=\"periode-probatoire-a-lira\" style=\"color: #808080;\"> P\u00e9riode probatoire \u00e0 l&rsquo;IRA <\/a>|<\/span><a href=\"votre-accompagnement\"> <span style=\"color: #808080;\">Votre accompagnement<\/span> <\/a><\/strong><\/h4>\n<p>[\/et_pb_text][\/et_pb_column][\/et_pb_row][et_pb_row column_structure=\u00a0\u00bb2_3,1_3&Prime; _builder_version=\u00a0\u00bb4.25.0&Prime; width=\u00a0\u00bb85%\u00a0\u00bb max_width=\u00a0\u00bb85%\u00a0\u00bb custom_margin=\u00a0\u00bb|||150px|false|false\u00a0\u00bb custom_margin_tablet=\u00a0\u00bb|||0px|false|false\u00a0\u00bb custom_margin_phone=\u00a0\u00bb|||0px|false|false\u00a0\u00bb custom_margin_last_edited=\u00a0\u00bbon|desktop\u00a0\u00bb custom_padding=\u00a0\u00bb0px|0px|0px|0|false|false\u00a0\u00bb use_custom_width=\u00a0\u00bbon\u00a0\u00bb width_unit=\u00a0\u00bboff\u00a0\u00bb custom_width_percent=\u00a0\u00bb85%\u00a0\u00bb global_colors_info=\u00a0\u00bb{}\u00a0\u00bb][et_pb_column type=\u00a0\u00bb2_3&Prime; _builder_version=\u00a0\u00bb4.16&Prime; custom_padding=\u00a0\u00bb|||\u00a0\u00bb global_colors_info=\u00a0\u00bb{}\u00a0\u00bb custom_padding__hover=\u00a0\u00bb|||\u00a0\u00bb][et_pb_image src=\u00a0\u00bbhttps:\/\/www.ira-nantes.gouv.fr\/wp-content\/uploads\/2024\/04\/catalogue-FC.png\u00a0\u00bb title_text=\u00a0\u00bbcatalogue-FC\u00a0\u00bb _builder_version=\u00a0\u00bb4.27.4&Prime; _module_preset=\u00a0\u00bbdefault\u00a0\u00bb global_colors_info=\u00a0\u00bb{}\u00a0\u00bb][\/et_pb_image][et_pb_text _builder_version=\u00a0\u00bb4.27.4&Prime; text_font=\u00a0\u00bb||||||||\u00a0\u00bb text_font_size=\u00a0\u00bb1em\u00a0\u00bb hover_enabled=\u00a0\u00bb0&Prime; global_colors_info=\u00a0\u00bb{}\u00a0\u00bb sticky_enabled=\u00a0\u00bb0&Prime;]<\/p>\n<p style=\"text-align: justify;\">Les attach\u00e9s d\u2019administration sont des fonctionnaires de l\u2019Etat charg\u00e9s de missions vari\u00e9es : encadrement et animation d\u2019\u00e9quipes, conduite de projets ou expertise dans les diff\u00e9rentes politiques publiques de l\u2019Etat, ainsi que dans les domaines des ressources humaines, des questions juridiques, \u00e9conomiques et sociales, budg\u00e9taires et financi\u00e8res, de l\u2019achat public, de la communication, des moyens mat\u00e9riels ou encore de la gestion d\u2019un \u00e9tablissement public\u2026<br \/>Les concours permettent d\u2019acc\u00e9der \u00e0 un parcours de formation r\u00e9mun\u00e9r\u00e9 de 14 mois qui s\u2019organise en 2 temps : <strong>une formation de 8 mois au sein de l\u2019un des instituts et un stage statutaire en situation professionnelle d\u2019une dur\u00e9e de 6 mois.<\/strong><br \/>La titularisation est prononc\u00e9e par l\u2019employeur \u00e0 l\u2019issue du parcours de formation de 14 mois. Les fonctionnaires recrut\u00e9s par la voie des IRA s\u2019engagent \u00e0 servir l\u2019Etat durant 5 ann\u00e9es.<br \/>Les points-cl\u00e9s de la formation r\u00e9nov\u00e9e se r\u00e9sument par une approche par les comp\u00e9tences, un parcours de formation individualis\u00e9 et une p\u00e9dagogie innovante.<br \/>Les postes offerts aux \u00e9l\u00e8ves se situent au sein des administrations centrales, des services d\u00e9concentr\u00e9s de l\u2019Etat ou en \u00e9tablissement public. Les IRA permettent \u00e9galement, pour un nombre limit\u00e9 de postes, de devenir secr\u00e9taire des affaires \u00e9trang\u00e8res (cadre d\u2019administration, 3 \u00e0 4 postes par an) ou d\u2019int\u00e9grer la Caisse des d\u00e9p\u00f4ts et consignations (20 postes par an). Ce nombre de postes est r\u00e9parti sur les instituts.<\/p>\n<p>[\/et_pb_text][\/et_pb_column][et_pb_column type=\u00a0\u00bb1_3&Prime; _builder_version=\u00a0\u00bb4.16&Prime; custom_padding=\u00a0\u00bb|||\u00a0\u00bb global_colors_info=\u00a0\u00bb{}\u00a0\u00bb custom_padding__hover=\u00a0\u00bb|||\u00a0\u00bb][et_pb_cta title=\u00a0\u00bbR\u00e9f\u00e9rence \u00a0\u00bb button_text=\u00a0\u00bbClick Here\u00a0\u00bb _builder_version=\u00a0\u00bb4.27.4&Prime; header_font=\u00a0\u00bb|800|||||||\u00a0\u00bb body_font=\u00a0\u00bb|600|||||||\u00a0\u00bb background_color=\u00a0\u00bb#009dcf\u00a0\u00bb text_orientation=\u00a0\u00bbleft\u00a0\u00bb hover_enabled=\u00a0\u00bb0&Prime; global_colors_info=\u00a0\u00bb{}\u00a0\u00bb sticky_enabled=\u00a0\u00bb0&Prime;]<\/p>\n<p style=\"text-align: left;\"><strong><\/strong><\/p>\n<p style=\"text-align: left;\"><strong>D\u00e9cret n\u00b02019-86 du 8 f\u00e9vrier 2019 <\/strong>relatif aux instituts r\u00e9gionaux d&rsquo;administration modifi\u00e9 par le <strong>d\u00e9cret n\u00b02024-234 du 18 mars 2024<\/strong><\/p>\n<p style=\"text-align: left;\"><a style=\"border-color: transparent; background-color: #13357a;\" class=\"et_pb_button et_pb_custom_button_icon et_pb_bg_layout_dark\" target=\"blank\" href=\"https:\/\/www.legifrance.gouv.fr\/loda\/id\/JORFTEXT000038109474\" rel=\"noopener noreferrer\">Consulter<img decoding=\"async\" src=\"https:\/\/www.ira-nantes.gouv.fr\/wp-content\/uploads\/2019\/05\/IRA_consulter_white.png\" style=\"width: 35px; vertical-align: -32%;\" \/><\/a><\/p>\n<p style=\"text-align: left;\"><strong>Arr\u00eat\u00e9 du 12 d\u00e9cembre 2024<\/strong> relatif \u00e0 l\u2019organisation de la formation initiale dispens\u00e9e au sein des instituts r\u00e9gionaux d\u2019administration<\/p>\n<p><a style=\"border-color: transparent; background-color: #13357a;\" class=\"et_pb_button et_pb_custom_button_icon et_pb_bg_layout_dark\" target=\"blank\" href=\"https:\/\/www.legifrance.gouv.fr\/jorf\/id\/JORFTEXT000050777299\" rel=\"noopener noreferrer\">Consulter <img decoding=\"async\" src=\"https:\/\/www.ira-nantes.gouv.fr\/wp-content\/uploads\/2019\/05\/IRA_consulter_white.png\" style=\"width: 35px; vertical-align: -32%;\" \/><\/a><\/p>\n<p style=\"text-align: left;\"><span><strong>Arr\u00eat\u00e9 du <span property=\"eli:date_document\" datatype=\"xsd:date\" content=\"2019-07-05\">5 juillet 2019<\/span> <\/strong>fixant les unit\u00e9s de comp\u00e9tences \u00e9valu\u00e9es pendant le parcours de formation initiale<\/span><\/p>\n<p><a style=\"border-color: transparent; background-color: #13357a;\" class=\"et_pb_button et_pb_custom_button_icon et_pb_bg_layout_dark\" target=\"blank\" href=\"https:\/\/www.legifrance.gouv.fr\/affichTexte.do?cidTexte=JORFTEXT000038754485&amp;dateTexte=&amp;categorieLien=id\" rel=\"noopener noreferrer\">Consulter <img decoding=\"async\" src=\"https:\/\/www.ira-nantes.gouv.fr\/wp-content\/uploads\/2019\/05\/IRA_consulter_white.png\" style=\"width: 35px; vertical-align: -32%;\" \/><\/a><\/p>\n<p style=\"text-align: left;\"><span><strong>Arr\u00eat\u00e9 du <span property=\"eli:date_document\" datatype=\"xsd:date\" content=\"2019-07-05\">5 juillet 2019<\/span> <\/strong>fixant les langues pour lesquelles les \u00e9l\u00e8ves des IRA peuvent demander \u00e0 obtenir une certification<\/span><\/p>\n<p><a style=\"border-color: transparent; background-color: #13357a;\" class=\"et_pb_button et_pb_custom_button_icon et_pb_bg_layout_dark\" target=\"blank\" href=\"https:\/\/www.legifrance.gouv.fr\/affichTexte.do?cidTexte=JORFTEXT000038754478&amp;dateTexte=&amp;categorieLien=id\" rel=\"noopener noreferrer\">Consulter <img decoding=\"async\" src=\"https:\/\/www.ira-nantes.gouv.fr\/wp-content\/uploads\/2019\/05\/IRA_consulter_white.png\" style=\"width: 35px; vertical-align: -32%;\" \/><\/a>[\/et_pb_cta][\/et_pb_column][\/et_pb_row][\/et_pb_section]<\/p>\n","protected":false},"excerpt":{"rendered":"<p>Pr\u00e9sentation | P\u00e9riode probatoire \u00e0 l&rsquo;IRA | Votre accompagnement Les attach\u00e9s d\u2019administration sont des fonctionnaires de l\u2019Etat charg\u00e9s de missions vari\u00e9es : encadrement et animation d\u2019\u00e9quipes, conduite de projets ou expertise dans les diff\u00e9rentes politiques publiques de l\u2019Etat, ainsi que dans les domaines des ressources humaines, des questions juridiques, \u00e9conomiques et sociales, budg\u00e9taires et financi\u00e8res, [&hellip;]<\/p>\n","protected":false},"author":1,"featured_media":0,"parent":0,"menu_order":0,"comment_status":"closed","ping_status":"closed","template":"","meta":{"_et_pb_use_builder":"on","_et_pb_old_content":"","_et_gb_content_width":"","footnotes":""},"class_list":["post-17","page","type-page","status-publish","hentry"],"_links":{"self":[{"href":"https:\/\/www.ira-nantes.gouv.fr\/index.php\/wp-json\/wp\/v2\/pages\/17","targetHints":{"allow":["GET"]}}],"collection":[{"href":"https:\/\/www.ira-nantes.gouv.fr\/index.php\/wp-json\/wp\/v2\/pages"}],"about":[{"href":"https:\/\/www.ira-nantes.gouv.fr\/index.php\/wp-json\/wp\/v2\/types\/page"}],"author":[{"embeddable":true,"href":"https:\/\/www.ira-nantes.gouv.fr\/index.php\/wp-json\/wp\/v2\/users\/1"}],"replies":[{"embeddable":true,"href":"https:\/\/www.ira-nantes.gouv.fr\/index.php\/wp-json\/wp\/v2\/comments?post=17"}],"version-history":[{"count":11,"href":"https:\/\/www.ira-nantes.gouv.fr\/index.php\/wp-json\/wp\/v2\/pages\/17\/revisions"}],"predecessor-version":[{"id":11193,"href":"https:\/\/www.ira-nantes.gouv.fr\/index.php\/wp-json\/wp\/v2\/pages\/17\/revisions\/11193"}],"wp:attachment":[{"href":"https:\/\/www.ira-nantes.gouv.fr\/index.php\/wp-json\/wp\/v2\/media?parent=17"}],"curies":[{"name":"wp","href":"https:\/\/api.w.org\/{rel}","templated":true}]}}