{"id":160,"date":"2019-04-01T16:47:13","date_gmt":"2019-04-01T14:47:13","guid":{"rendered":"https:\/\/www.ira-nantes.gouv.fr\/?page_id=160"},"modified":"2026-01-21T16:37:31","modified_gmt":"2026-01-21T15:37:31","slug":"promotions","status":"publish","type":"page","link":"https:\/\/www.ira-nantes.gouv.fr\/index.php\/promotions\/","title":{"rendered":"Promotions"},"content":{"rendered":"<p>[et_pb_section fb_built=\u00a0\u00bb1&Prime; _builder_version=\u00a0\u00bb4.16&Prime; module_alignment=\u00a0\u00bbleft\u00a0\u00bb custom_padding=\u00a0\u00bb0|0px|50px|0px|false|false\u00a0\u00bb global_colors_info=\u00a0\u00bb{}\u00a0\u00bb][et_pb_row column_structure=\u00a0\u00bb3_5,2_5&Prime; _builder_version=\u00a0\u00bb4.16&Prime; width=\u00a0\u00bb85%\u00a0\u00bb max_width=\u00a0\u00bb85%\u00a0\u00bb custom_padding=\u00a0\u00bb88px|0px|0|0|false|false\u00a0\u00bb use_custom_width=\u00a0\u00bbon\u00a0\u00bb width_unit=\u00a0\u00bboff\u00a0\u00bb custom_width_percent=\u00a0\u00bb85%\u00a0\u00bb global_colors_info=\u00a0\u00bb{}\u00a0\u00bb][et_pb_column type=\u00a0\u00bb3_5&Prime; _builder_version=\u00a0\u00bb4.16&Prime; custom_padding=\u00a0\u00bb|||\u00a0\u00bb global_colors_info=\u00a0\u00bb{}\u00a0\u00bb custom_padding__hover=\u00a0\u00bb|||\u00a0\u00bb][et_pb_text _builder_version=\u00a0\u00bb4.27.4&Prime; text_font=\u00a0\u00bb||||||||\u00a0\u00bb text_text_color=\u00a0\u00bb#ffd700&Prime; text_font_size=\u00a0\u00bb1.57em\u00a0\u00bb global_colors_info=\u00a0\u00bb{}\u00a0\u00bb]<\/p>\n<h2 style=\"text-align: left;\"><span style=\"color: #3366ff;\"><strong>Promotion 2025-2<\/strong><\/span><\/h2>\n<p>[\/et_pb_text][et_pb_text _builder_version=\u00a0\u00bb4.27.4&Prime; text_font=\u00a0\u00bb||||||||\u00a0\u00bb text_font_size=\u00a0\u00bb1em\u00a0\u00bb global_colors_info=\u00a0\u00bb{}\u00a0\u00bb]<\/p>\n<p><strong>Une histoire de courage et de libert\u00e9 : la 58\u1d49 promotion de l\u2019IRA de Nantes rend hommage \u00e0 Pauline VILLENEUVE<\/strong><\/p>\n<p>La 58\u1d49 promotion de l\u2019Institut r\u00e9gional d\u2019administration de Nantes a choisi de porter le nom de <strong>Pauline Villeneuve<\/strong>, une femme dont le destin a crois\u00e9 l\u2019histoire de Nantes et celle de la libert\u00e9.<\/p>\n<p>N\u00e9e esclave en Guadeloupe, Pauline Villeneuve a marqu\u00e9 l\u2019histoire de France en obtenant sa libert\u00e9 \u00e0 Nantes au XVIII\u1d49 si\u00e8cle, \u00e0 l\u2019issue d\u2019un combat juridique exemplaire.<br \/>S\u2019appuyant sur son courage et sa connaissance du droit, elle a su identifier une faille dans le syst\u00e8me juridique qui lui a permis d\u2019inverser son destin et de faire reconna\u00eetre sa dignit\u00e9.<\/p>\n<p>Devenue religieuse sous le nom de s\u0153ur Pauline Rose de Sainte-Th\u00e9r\u00e8se, elle a poursuivi une vie consacr\u00e9e au service des autres, incarnant les valeurs de libert\u00e9, de justice et d\u2019\u00e9mancipation.<\/p>\n<p>En choisissant de porter son nom, les \u00e9l\u00e8ves de la 58\u1d49 promotion souhaitent rendre hommage \u00e0 une figure locale m\u00e9connue, symbole de libert\u00e9, de justice et d\u2019\u00e9galit\u00e9. Ce choix illustre \u00e9galement leur volont\u00e9 de mettre en lumi\u00e8re les h\u00e9ritages oubli\u00e9s et d\u2019incarner, dans leur futur parcours au sein du service public, les valeurs que Pauline Villeneuve a port\u00e9es haut :<\/p>\n<ul>\n<li>la recherche de la libert\u00e9,<\/li>\n<li>la protection des plus vuln\u00e9rables,<\/li>\n<li>l\u2019\u00e9galit\u00e9 de tous devant la loi,<\/li>\n<li>le respect de la dignit\u00e9 humaine,<\/li>\n<li>et la non-discrimination.<\/li>\n<\/ul>\n<p style=\"text-align: justify;\">\u00c0 travers ce nom, les \u00e9l\u00e8ves-attach\u00e9s r\u00e9affirment leur engagement \u00e0 construire une administration inclusive, humaine et consciente de son histoire, au service d\u2019un avenir plus juste et plus \u00e9galitaire.<\/p>\n<p>&nbsp;<\/p>\n<p>[\/et_pb_text][\/et_pb_column][et_pb_column type=\u00a0\u00bb2_5&Prime; _builder_version=\u00a0\u00bb4.16&Prime; custom_padding=\u00a0\u00bb|||\u00a0\u00bb global_colors_info=\u00a0\u00bb{}\u00a0\u00bb custom_padding__hover=\u00a0\u00bb|||\u00a0\u00bb][et_pb_image align_tablet=\u00a0\u00bbcenter\u00a0\u00bb align_phone=\u00a0\u00bbcenter\u00a0\u00bb align_last_edited=\u00a0\u00bbon|desktop\u00a0\u00bb _builder_version=\u00a0\u00bb4.16&Prime; max_width=\u00a0\u00bb58%\u00a0\u00bb global_colors_info=\u00a0\u00bb{}\u00a0\u00bb][\/et_pb_image][et_pb_image src=\u00a0\u00bbhttps:\/\/www.ira-nantes.gouv.fr\/wp-content\/uploads\/2025\/10\/Instagram-Template-1-Cadre-blanc.png\u00a0\u00bb title_text=\u00a0\u00bbInstagram Template-1-Cadre blanc\u00a0\u00bb align_tablet=\u00a0\u00bbcenter\u00a0\u00bb align_phone=\u00a0\u00bbcenter\u00a0\u00bb align_last_edited=\u00a0\u00bbon|desktop\u00a0\u00bb _builder_version=\u00a0\u00bb4.27.4&Prime; width=\u00a0\u00bb50%\u00a0\u00bb custom_padding=\u00a0\u00bb|0px||||\u00a0\u00bb global_colors_info=\u00a0\u00bb{}\u00a0\u00bb][\/et_pb_image][et_pb_text _builder_version=\u00a0\u00bb4.27.4&Prime; global_colors_info=\u00a0\u00bb{}\u00a0\u00bb]<\/p>\n<blockquote>\n<p><em>\u00a9Fondation pour la M\u00e9moire de l&rsquo;Esclavage\u00a0<span>\u00a9\u00a0Juliette Raynaud &#8211; teamcolibri.org<\/span><\/em><\/p>\n<\/blockquote>\n<p>[\/et_pb_text][\/et_pb_column][\/et_pb_row][et_pb_row column_structure=\u00a0\u00bb1_2,1_2&Prime; _builder_version=\u00a0\u00bb4.16&Prime; width=\u00a0\u00bb85%\u00a0\u00bb max_width=\u00a0\u00bb85%\u00a0\u00bb custom_padding=\u00a0\u00bb27px|0px|0|0|false|false\u00a0\u00bb use_custom_width=\u00a0\u00bbon\u00a0\u00bb width_unit=\u00a0\u00bboff\u00a0\u00bb custom_width_percent=\u00a0\u00bb85%\u00a0\u00bb global_colors_info=\u00a0\u00bb{}\u00a0\u00bb][et_pb_column type=\u00a0\u00bb1_2&Prime; _builder_version=\u00a0\u00bb4.16&Prime; custom_padding=\u00a0\u00bb|||\u00a0\u00bb global_colors_info=\u00a0\u00bb{}\u00a0\u00bb custom_padding__hover=\u00a0\u00bb|||\u00a0\u00bb][et_pb_cta title=\u00a0\u00bbListe des postes propos\u00e9s aux promotions pr\u00e9c\u00e9dentes\u00a0\u00bb _builder_version=\u00a0\u00bb4.27.4&Prime; header_font=\u00a0\u00bb|800|||||||\u00a0\u00bb body_font=\u00a0\u00bb|600|||||||\u00a0\u00bb body_font_size=\u00a0\u00bb4px\u00a0\u00bb background_color=\u00a0\u00bb#60ccee\u00a0\u00bb text_orientation=\u00a0\u00bbleft\u00a0\u00bb max_width=\u00a0\u00bb99%\u00a0\u00bb custom_margin=\u00a0\u00bb|0px||0px\u00a0\u00bb custom_padding=\u00a0\u00bb|35px|0px|30px\u00a0\u00bb hover_enabled=\u00a0\u00bb0&Prime; global_colors_info=\u00a0\u00bb{}\u00a0\u00bb sticky_enabled=\u00a0\u00bb0&Prime;]<\/p>\n<p><span size=\"3\"><a style=\"width: 100%; border-color: transparent; background-color: #ffd700;\" class=\"et_pb_button et_pb_custom_button_icon  et_pb_bg_layout_dark\" target=\"_blank\" href=\"https:\/\/www.ira-nantes.gouv.fr\/wp-content\/uploads\/2026\/01\/PROMO-57.pdf\" rel=\"noopener noreferrer\">Promotion \u00ab\u00a0Pauline KERGOMARD\u00a0\u00bb 2025-1 <img decoding=\"async\" src=\"\/wp-content\/uploads\/2019\/05\/IRA_download_white.png\" style=\"width: 35px; vertical-align: -32%;\" \/><\/a><\/span><\/p>\n<p><span size=\"3\"><a style=\"width: 100%; border-color: transparent; background-color: #ffd700;\" class=\"et_pb_button et_pb_custom_button_icon  et_pb_bg_layout_dark\" target=\"_blank\" href=\"https:\/\/www.ira-nantes.gouv.fr\/wp-content\/uploads\/2024\/09\/PROMO-56.pdf\" rel=\"noopener noreferrer\">Promotion \u00ab\u00a0Olga BANCIC\u00a0\u00bb 2024 <img decoding=\"async\" src=\"\/wp-content\/uploads\/2019\/05\/IRA_download_white.png\" style=\"width: 35px; vertical-align: -32%;\" \/><\/a><\/span><\/p>\n<p><span size=\"3\"><\/span><a style=\"width: 100%; border-color: transparent; background-color: #ffd700;\" class=\"et_pb_button et_pb_custom_button_icon  et_pb_bg_layout_dark\" target=\"_blank\" href=\"https:\/\/www.ira-nantes.gouv.fr\/wp-content\/uploads\/2024\/06\/PROMO-55.pdf\" rel=\"noopener noreferrer\">Promotion \u00ab\u00a0Nadia MURAD\u00a0\u00bb 2023-2 <img decoding=\"async\" src=\"\/wp-content\/uploads\/2019\/05\/IRA_download_white.png\" style=\"width: 35px; vertical-align: -32%;\" \/><\/a><\/p>\n<p><span size=\"3\"><\/span><a style=\"width: 100%; border-color: transparent; background-color: #ffd700;\" class=\"et_pb_button et_pb_custom_button_icon  et_pb_bg_layout_dark\" target=\"_blank\" href=\"https:\/\/www.ira-nantes.gouv.fr\/wp-content\/uploads\/2024\/06\/PROMO-54.pdf\" rel=\"noopener noreferrer\">Promotion \u00ab\u00a0Jeanne BARRET\u00a0\u00bb 2023-1 <img decoding=\"async\" src=\"\/wp-content\/uploads\/2019\/05\/IRA_download_white.png\" style=\"width: 35px; vertical-align: -32%;\" \/><\/a><\/p>\n<p><span size=\"3\"><\/span><a style=\"width: 100%; border-color: transparent; background-color: #ffd700;\" class=\"et_pb_button et_pb_custom_button_icon  et_pb_bg_layout_dark\" target=\"_blank\" href=\"https:\/\/www.ira-nantes.gouv.fr\/wp-content\/uploads\/2024\/06\/PROMO-53.pdf\" rel=\"noopener noreferrer\">Promotion \u00ab\u00a0Belem\u00a0\u00bb 2022-2 <img decoding=\"async\" src=\"\/wp-content\/uploads\/2019\/05\/IRA_download_white.png\" style=\"width: 35px; vertical-align: -32%;\" \/><\/a><\/p>\n<p><span size=\"3\"><\/span><a style=\"width: 100%; border-color: transparent; background-color: #ffd700;\" class=\"et_pb_button et_pb_custom_button_icon  et_pb_bg_layout_dark\" target=\"_blank\" href=\"https:\/\/www.ira-nantes.gouv.fr\/wp-content\/uploads\/2022\/10\/Postes-P52.pdf\" rel=\"noopener noreferrer\">Promotion \u00ab\u00a0Hubertine AUCLERT\u00a0\u00bb 2022-1 <img decoding=\"async\" src=\"\/wp-content\/uploads\/2019\/05\/IRA_download_white.png\" style=\"width: 35px; vertical-align: -32%;\" \/><\/a><\/p>\n<p><span size=\"3\"><\/span><a style=\"width: 100%; border-color: transparent; background-color: #ffd700;\" class=\"et_pb_button et_pb_custom_button_icon  et_pb_bg_layout_dark\" target=\"_blank\" href=\"https:\/\/www.ira-nantes.gouv.fr\/wp-content\/uploads\/2022\/10\/Postes-P51.pdf\" rel=\"noopener noreferrer\">Promotion \u00ab\u00a0Odys\u00e9e\u00a0\u00bb 2021-2 <img decoding=\"async\" src=\"\/wp-content\/uploads\/2019\/05\/IRA_download_white.png\" style=\"width: 35px; vertical-align: -32%;\" \/><\/a><\/p>\n<p><span size=\"3\"><\/span><a style=\"width: 100%; border-color: transparent; background-color: #ffd700;\" class=\"et_pb_button et_pb_custom_button_icon  et_pb_bg_layout_dark\" target=\"_blank\" href=\"https:\/\/www.ira-nantes.gouv.fr\/wp-content\/uploads\/2022\/05\/P50.pdf\" rel=\"noopener noreferrer\">Promotion \u00ab\u00a0Pers\u00e9v\u00e9rance\u00a0\u00bb 2021-1 <img decoding=\"async\" src=\"\/wp-content\/uploads\/2019\/05\/IRA_download_white.png\" style=\"width: 35px; vertical-align: -32%;\" \/><\/a><\/p>\n<p><span size=\"3\"><\/span><a style=\"width: 100%; border-color: transparent; background-color: #ffd700;\" class=\"et_pb_button et_pb_custom_button_icon  et_pb_bg_layout_dark\" target=\"_blank\" href=\"https:\/\/www.ira-nantes.gouv.fr\/wp-content\/uploads\/2022\/02\/P49-RE.pdf\" rel=\"noopener noreferrer\">Promotion \u00ab\u00a0Rapha\u00ebl \u00c9LIZ\u00c9\u00a0\u00bb 2020-2 <img decoding=\"async\" src=\"\/wp-content\/uploads\/2019\/05\/IRA_download_white.png\" style=\"width: 35px; vertical-align: -32%;\" \/><\/a><\/p>\n<p><span size=\"3\"><\/span><a style=\"width: 100%; border-color: transparent; background-color: #ffd700;\" class=\"et_pb_button et_pb_custom_button_icon  et_pb_bg_layout_dark\" target=\"_blank\" href=\"https:\/\/www.ira-nantes.gouv.fr\/wp-content\/uploads\/2021\/05\/Poste-AV.pdf\" rel=\"noopener noreferrer\">Promotion \u00ab\u00a0Agn\u00e8s VARDA\u00a0\u00bb 2020-1 <img decoding=\"async\" src=\"\/wp-content\/uploads\/2019\/05\/IRA_download_white.png\" style=\"width: 35px; vertical-align: -32%;\" \/><\/a><\/p>\n<p><span size=\"3\"><\/span><a style=\"width: 100%; border-color: transparent; background-color: #ffd700;\" class=\"et_pb_button et_pb_custom_button_icon  et_pb_bg_layout_dark\" target=\"_blank\" href=\"https:\/\/www.ira-nantes.gouv.fr\/wp-content\/uploads\/2022\/05\/P47-Michel-SERRES.pdf\" rel=\"noopener noreferrer\">Promotion \u00ab\u00a0Michel SERRES\u00a0\u00bb 2019 <img decoding=\"async\" src=\"\/wp-content\/uploads\/2019\/05\/IRA_download_white.png\" style=\"width: 35px; vertical-align: -32%;\" \/><\/a><\/p>\n<p>[\/et_pb_cta][\/et_pb_column][et_pb_column type=\u00a0\u00bb1_2&Prime; _builder_version=\u00a0\u00bb4.16&Prime; custom_padding=\u00a0\u00bb|||\u00a0\u00bb global_colors_info=\u00a0\u00bb{}\u00a0\u00bb custom_padding__hover=\u00a0\u00bb|||\u00a0\u00bb][et_pb_sidebar area=\u00a0\u00bbsidebar-1&Prime; _builder_version=\u00a0\u00bb4.16&Prime; global_colors_info=\u00a0\u00bb{}\u00a0\u00bb][\/et_pb_sidebar][\/et_pb_column][\/et_pb_row][\/et_pb_section]<\/p>\n","protected":false},"excerpt":{"rendered":"<p>Promotion 2025-2Une histoire de courage et de libert\u00e9 : la 58\u1d49 promotion de l\u2019IRA de Nantes rend hommage \u00e0 Pauline VILLENEUVE La 58\u1d49 promotion de l\u2019Institut r\u00e9gional d\u2019administration de Nantes a choisi de porter le nom de Pauline Villeneuve, une femme dont le destin a crois\u00e9 l\u2019histoire de Nantes et celle de la libert\u00e9. N\u00e9e [&hellip;]<\/p>\n","protected":false},"author":1,"featured_media":0,"parent":0,"menu_order":0,"comment_status":"closed","ping_status":"closed","template":"","meta":{"_et_pb_use_builder":"on","_et_pb_old_content":"","_et_gb_content_width":"","footnotes":""},"class_list":["post-160","page","type-page","status-publish","hentry"],"_links":{"self":[{"href":"https:\/\/www.ira-nantes.gouv.fr\/index.php\/wp-json\/wp\/v2\/pages\/160","targetHints":{"allow":["GET"]}}],"collection":[{"href":"https:\/\/www.ira-nantes.gouv.fr\/index.php\/wp-json\/wp\/v2\/pages"}],"about":[{"href":"https:\/\/www.ira-nantes.gouv.fr\/index.php\/wp-json\/wp\/v2\/types\/page"}],"author":[{"embeddable":true,"href":"https:\/\/www.ira-nantes.gouv.fr\/index.php\/wp-json\/wp\/v2\/users\/1"}],"replies":[{"embeddable":true,"href":"https:\/\/www.ira-nantes.gouv.fr\/index.php\/wp-json\/wp\/v2\/comments?post=160"}],"version-history":[{"count":10,"href":"https:\/\/www.ira-nantes.gouv.fr\/index.php\/wp-json\/wp\/v2\/pages\/160\/revisions"}],"predecessor-version":[{"id":12048,"href":"https:\/\/www.ira-nantes.gouv.fr\/index.php\/wp-json\/wp\/v2\/pages\/160\/revisions\/12048"}],"wp:attachment":[{"href":"https:\/\/www.ira-nantes.gouv.fr\/index.php\/wp-json\/wp\/v2\/media?parent=160"}],"curies":[{"name":"wp","href":"https:\/\/api.w.org\/{rel}","templated":true}]}}