{"id":144,"date":"2019-04-01T16:46:32","date_gmt":"2019-04-01T14:46:32","guid":{"rendered":"https:\/\/www.ira-nantes.gouv.fr\/?page_id=144"},"modified":"2025-02-09T11:09:05","modified_gmt":"2025-02-09T10:09:05","slug":"partenaires","status":"publish","type":"page","link":"https:\/\/www.ira-nantes.gouv.fr\/index.php\/partenaires\/","title":{"rendered":"Partenaires"},"content":{"rendered":"<p>[et_pb_section fb_built=\u00a0\u00bb1&Prime; _builder_version=\u00a0\u00bb4.16&Prime; custom_padding=\u00a0\u00bb0|0px|0px|0px|false|false\u00a0\u00bb global_colors_info=\u00a0\u00bb{}\u00a0\u00bb][et_pb_row column_structure=\u00a0\u00bb1_2,1_2&Prime; _builder_version=\u00a0\u00bb4.25.0&Prime; width=\u00a0\u00bb85%\u00a0\u00bb max_width=\u00a0\u00bb85%\u00a0\u00bb custom_margin=\u00a0\u00bb|||150px|false|false\u00a0\u00bb custom_margin_tablet=\u00a0\u00bb|||0px|false|false\u00a0\u00bb custom_margin_phone=\u00a0\u00bb|||0px|false|false\u00a0\u00bb custom_margin_last_edited=\u00a0\u00bbon|desktop\u00a0\u00bb custom_padding=\u00a0\u00bb0px|0px|0px|0px|false|false\u00a0\u00bb use_custom_width=\u00a0\u00bbon\u00a0\u00bb width_unit=\u00a0\u00bboff\u00a0\u00bb custom_width_percent=\u00a0\u00bb85%\u00a0\u00bb global_colors_info=\u00a0\u00bb{}\u00a0\u00bb][et_pb_column type=\u00a0\u00bb1_2&Prime; _builder_version=\u00a0\u00bb4.16&Prime; custom_padding=\u00a0\u00bb|||\u00a0\u00bb global_colors_info=\u00a0\u00bb{}\u00a0\u00bb custom_padding__hover=\u00a0\u00bb|||\u00a0\u00bb][et_pb_text _builder_version=\u00a0\u00bb4.25.0&Prime; background_color=\u00a0\u00bb#f7ad00&Prime; custom_padding=\u00a0\u00bb20px|20px|20px|20px\u00a0\u00bb global_colors_info=\u00a0\u00bb{}\u00a0\u00bb]<\/p>\n<h2 style=\"color: #fff; font-weight: 900;\">L&rsquo;IRA et le CNFPT : Un partenariat vivant<\/h2>\n<p>&nbsp;<\/p>\n<h2 style=\"color: #fff; font-weight: 900;\"><strong>Actualit\u00e9s<\/strong><\/h2>\n<p style=\"color: #fff;\"><span style=\"color: #666666;\"><img loading=\"lazy\" decoding=\"async\" src=\"https:\/\/www.ira-nantes.gouv.fr\/wp-content\/uploads\/2019\/07\/logo_cnfpt_-300x225.jpg\" alt=\"\" class=\"wp-image-4361 alignnone size-medium\" style=\"float: right;\" width=\"139\" height=\"104\" \/><\/span><\/p>\n<p style=\"color: #fff;\"><span style=\"color: #666666;\">L\u2019Institut national sp\u00e9cialis\u00e9 d&rsquo;\u00e9tudes territoriales (ou INSET ; appel\u00e9 \u00c9cole nationale d&rsquo;application des cadres territoriaux ou ENACT jusqu&rsquo;en 2010) est un \u00e9tablissement d&rsquo;enseignement sup\u00e9rieur qui forme les cadres territoriaux.<\/span><\/p>\n<p>Les INSET font partie avec l&rsquo;Institut national des \u00e9tudes territoriales (INET) de Strasbourg<a class=\"shover\" target=\"blank\" href=\"https:\/\/fr.wikipedia.org\/wiki\/Strasbourg\" rel=\"noopener noreferrer\"><\/a> du r\u00e9seau des instituts du Centre national de la fonction publique territoriale (CNFPT).<\/p>\n<p>Ces instituts sont au nombre de quatre sur le territoire fran\u00e7ais. Ces instituts ont une vocation territoriale, puisqu\u2019ils rayonnent chacun sur une partie du territoire national mais aussi th\u00e9matique, puisque chaque institut d\u00e9veloppe \u00e0 l\u2019\u00e9chelle nationale une expertise sur un grand champ de l\u2019action publique locale\u00a0:<\/p>\n<ul>\n<li>INSET de Montpellier\u00a0: services techniques urbains et infrastructures publiques.<\/li>\n<li>INSET de Dunkerque<a class=\"shover\" target=\"blank \" href=\"https:\/\/fr.wikipedia.org\/wiki\/Institut_national_sp%C3%A9cialis%C3%A9_d%27%C3%A9tudes_territoriales_de_Dunkerque\" rel=\"noopener noreferrer\"><\/a>\u00a0: am\u00e9nagement et d\u00e9veloppement durable des territoires.<\/li>\n<li>INSET de Nancy<a class=\"shover\" target=\"blank\" href=\"https:\/\/fr.wikipedia.org\/wiki\/Institut_national_sp%C3%A9cialis%C3%A9_d%27%C3%A9tudes_territoriales_de_Nancy\" rel=\"noopener noreferrer\"><\/a>\u00a0: action \u00e9ducative, sant\u00e9, culture et citoyennet\u00e9.<\/li>\n<li>INSET d\u2019Angers, partenaire de l\u2019IRA de Nantes\u00a0: solidarit\u00e9, coh\u00e9sion sociale et enfance.<\/li>\n<\/ul>\n<h2 style=\"color: #fff; font-weight: 900;\"><\/h2>\n<h2><strong><span style=\"color: #ffffff;\">Les missions des INSET<\/span><\/strong><\/h2>\n<p>Les missions des instituts sont de produire une offre de formation statutaire en direction des cat\u00e9gories A (formations d\u2019int\u00e9gration, formations de professionnalisation au titre de la prise de poste \u00e0 responsabilit\u00e9 ou de l\u2019expertise).<\/p>\n<p>Une convention entre l&rsquo;INSET d&rsquo;Angers et l&rsquo;IRA est conclue chaque ann\u00e9e afin, d&rsquo;une part, de proposer des formations crois\u00e9es aux fonctionnaires d&rsquo;Etat et territoriaux, et d&rsquo;autre part, d&rsquo;organiser des \u00e9v\u00e8nements communs. La nouvelle convention met l&rsquo;accent cette ann\u00e9e sur le partage d&rsquo;actions de formations de formateurs notamment en utilisant les nouvelles p\u00e9dagogies.<\/p>\n<p>&nbsp;<\/p>\n<h2><strong><span style=\"color: #ffffff;\">Les IPAG<\/span><\/strong><\/h2>\n<p>Les IPAG ont \u00e9galement pour mission de contribuer \u00e0 la formation g\u00e9n\u00e9rale initiale et continue des agents de l&rsquo;Etat. L&rsquo;article 5 du d\u00e9cret n\u00b0 85-368 du 22 mars 1985 relatif aux IPAG\u00a0pr\u00e9cise ainsi que\u00a0: \u00ab\u00a0les administrations et les \u00e9tablissements public d&rsquo;Etat, les collectivit\u00e9s territoriales et leurs \u00e9tablissements publics peuvent en outre passer des conventions avec les Universit\u00e9s (pour le compte de l&rsquo;IPAG) en vue de r\u00e9aliser des actions de formation particuli\u00e8re au b\u00e9n\u00e9fice de leurs personnels\u00a0\u00bb. A la demande des Administrations,\u00a0les IPAG r\u00e9alisent donc des formations pr\u00e9parant les agents publics aux concours internes ou actualisant leurs connaissances dans des champs disciplinaires divers (Droit public, finances publiques, m\u00e9thodologie de l&rsquo;expression \u00e9crite et orale).<\/p>\n<p>Les IPAG rel\u00e8vent, comme d&rsquo;autres instituts et \u00e9coles, de l&rsquo;article 33 de la loi du 26 janvier 1984 relative \u00e0 l&rsquo;enseignement sup\u00e9rieur. Il y a normalement un IPAG par acad\u00e9mie.<\/p>\n<p>L\u2019IRA de Nantes travaille en partenariat avec les IPAG de Nantes, Brest et Limoges dans le cadre de la pr\u00e9paration Concours et de la classe pr\u00e9paratoire int\u00e9gr\u00e9e.<\/p>\n<h2 style=\"color: #ffffff; font-weight: 900; text-align: center;\"><\/h2>\n<p>[\/et_pb_text][\/et_pb_column][et_pb_column type=\u00a0\u00bb1_2&Prime; _builder_version=\u00a0\u00bb4.16&Prime; custom_padding=\u00a0\u00bb|||\u00a0\u00bb global_colors_info=\u00a0\u00bb{}\u00a0\u00bb custom_padding__hover=\u00a0\u00bb|||\u00a0\u00bb][et_pb_text _builder_version=\u00a0\u00bb4.27.4&Prime; text_font=\u00a0\u00bb||||||||\u00a0\u00bb text_text_color=\u00a0\u00bb#ffffff\u00a0\u00bb background_color=\u00a0\u00bb#ff5b00&Prime; custom_margin=\u00a0\u00bb|1px||\u00a0\u00bb custom_padding=\u00a0\u00bb20px|23px|26px|20px\u00a0\u00bb hover_enabled=\u00a0\u00bb0&Prime; global_colors_info=\u00a0\u00bb{}\u00a0\u00bb link_option_url=\u00a0\u00bbhttps:\/\/www.resp-fr.org\/\u00a0\u00bb link_option_url_new_window=\u00a0\u00bbon\u00a0\u00bb sticky_enabled=\u00a0\u00bb0&Prime;]<\/p>\n<h2 style=\"color: #fff; font-weight: 900;\">L&rsquo;IRA, membre du RESP<\/h2>\n<h2 style=\"color: #ffffff; font-weight: 900; text-align: center;\"><img loading=\"lazy\" decoding=\"async\" src=\"https:\/\/www.ira-nantes.gouv.fr\/wp-content\/uploads\/2019\/05\/RESP_Logo-2018-300x131.png\" alt=\"\" class=\"wp-image-3991 alignnone size-medium\" style=\"float: right;\" width=\"188\" height=\"82\" \/><\/h2>\n<p>Le RESP a \u00e9t\u00e9 fond\u00e9 en 1995 par plusieurs \u00e9coles du service public afin\u00a0d&rsquo;\u00e9tendre leur coop\u00e9ration dans diff\u00e9rents domaines. La d\u00e9claration commune fondant le r\u00e9seau est sign\u00e9e en 1996 \u00e0 l&rsquo;Ecole Nationale de la Sant\u00e9 Publique.<br \/>39 \u00e9coles,\u00a0membres du R\u00e9seau des \u00e9coles de service public, participent \u00e0 la promotion de la culture de service public.<\/p>\n<p>[\/et_pb_text][\/et_pb_column][\/et_pb_row][\/et_pb_section]<\/p>\n","protected":false},"excerpt":{"rendered":"<p>L&rsquo;IRA et le CNFPT : Un partenariat vivant &nbsp; Actualit\u00e9s L\u2019Institut national sp\u00e9cialis\u00e9 d&rsquo;\u00e9tudes territoriales (ou INSET ; appel\u00e9 \u00c9cole nationale d&rsquo;application des cadres territoriaux ou ENACT jusqu&rsquo;en 2010) est un \u00e9tablissement d&rsquo;enseignement sup\u00e9rieur qui forme les cadres territoriaux. Les INSET font partie avec l&rsquo;Institut national des \u00e9tudes territoriales (INET) de Strasbourg du r\u00e9seau des [&hellip;]<\/p>\n","protected":false},"author":1,"featured_media":0,"parent":0,"menu_order":0,"comment_status":"closed","ping_status":"closed","template":"","meta":{"_et_pb_use_builder":"on","_et_pb_old_content":"","_et_gb_content_width":"","footnotes":""},"class_list":["post-144","page","type-page","status-publish","hentry"],"_links":{"self":[{"href":"https:\/\/www.ira-nantes.gouv.fr\/index.php\/wp-json\/wp\/v2\/pages\/144","targetHints":{"allow":["GET"]}}],"collection":[{"href":"https:\/\/www.ira-nantes.gouv.fr\/index.php\/wp-json\/wp\/v2\/pages"}],"about":[{"href":"https:\/\/www.ira-nantes.gouv.fr\/index.php\/wp-json\/wp\/v2\/types\/page"}],"author":[{"embeddable":true,"href":"https:\/\/www.ira-nantes.gouv.fr\/index.php\/wp-json\/wp\/v2\/users\/1"}],"replies":[{"embeddable":true,"href":"https:\/\/www.ira-nantes.gouv.fr\/index.php\/wp-json\/wp\/v2\/comments?post=144"}],"version-history":[{"count":1,"href":"https:\/\/www.ira-nantes.gouv.fr\/index.php\/wp-json\/wp\/v2\/pages\/144\/revisions"}],"predecessor-version":[{"id":11351,"href":"https:\/\/www.ira-nantes.gouv.fr\/index.php\/wp-json\/wp\/v2\/pages\/144\/revisions\/11351"}],"wp:attachment":[{"href":"https:\/\/www.ira-nantes.gouv.fr\/index.php\/wp-json\/wp\/v2\/media?parent=144"}],"curies":[{"name":"wp","href":"https:\/\/api.w.org\/{rel}","templated":true}]}}