{"id":140,"date":"2019-04-01T16:46:26","date_gmt":"2019-04-01T14:46:26","guid":{"rendered":"https:\/\/www.ira-nantes.gouv.fr\/?page_id=140"},"modified":"2025-02-10T16:43:16","modified_gmt":"2025-02-10T15:43:16","slug":"les-missions","status":"publish","type":"page","link":"https:\/\/www.ira-nantes.gouv.fr\/index.php\/les-missions\/","title":{"rendered":"PR\u00c9SENTATION DE L\u2019INSTITUT"},"content":{"rendered":"<p>[et_pb_section fb_built=\u00a0\u00bb1&Prime; _builder_version=\u00a0\u00bb4.16&Prime; module_alignment=\u00a0\u00bbleft\u00a0\u00bb custom_padding=\u00a0\u00bb0|0px|0|0px|false|false\u00a0\u00bb global_colors_info=\u00a0\u00bb{}\u00a0\u00bb][et_pb_row column_structure=\u00a0\u00bb1_2,1_2&Prime; _builder_version=\u00a0\u00bb4.25.0&Prime; width=\u00a0\u00bb85%\u00a0\u00bb max_width=\u00a0\u00bb85%\u00a0\u00bb custom_margin=\u00a0\u00bb|||150px|false|false\u00a0\u00bb custom_margin_tablet=\u00a0\u00bb|||0px|false|false\u00a0\u00bb custom_margin_phone=\u00a0\u00bb|||0px|false|false\u00a0\u00bb custom_margin_last_edited=\u00a0\u00bbon|desktop\u00a0\u00bb custom_padding=\u00a0\u00bb0px|0px|36px|0px|false|false\u00a0\u00bb use_custom_width=\u00a0\u00bbon\u00a0\u00bb width_unit=\u00a0\u00bboff\u00a0\u00bb custom_width_percent=\u00a0\u00bb85%\u00a0\u00bb global_colors_info=\u00a0\u00bb{}\u00a0\u00bb][et_pb_column type=\u00a0\u00bb1_2&Prime; _builder_version=\u00a0\u00bb4.16&Prime; custom_padding=\u00a0\u00bb|||\u00a0\u00bb global_colors_info=\u00a0\u00bb{}\u00a0\u00bb custom_padding__hover=\u00a0\u00bb|||\u00a0\u00bb][et_pb_button button_text=\u00a0\u00bbL&rsquo;institut\u00a0\u00bb _builder_version=\u00a0\u00bb4.27.4&Prime; custom_button=\u00a0\u00bbon\u00a0\u00bb button_text_size=\u00a0\u00bb1.65em\u00a0\u00bb button_text_color=\u00a0\u00bb#FFFFFF\u00a0\u00bb button_bg_color=\u00a0\u00bb#0C71C3&Prime; button_border_radius=\u00a0\u00bb0px\u00a0\u00bb button_font=\u00a0\u00bb|700|||||||\u00a0\u00bb button_use_icon=\u00a0\u00bboff\u00a0\u00bb custom_margin=\u00a0\u00bb|||\u00a0\u00bb hover_enabled=\u00a0\u00bb0&Prime; global_colors_info=\u00a0\u00bb{}\u00a0\u00bb button_bg_enable_color=\u00a0\u00bbon\u00a0\u00bb button_border_color=\u00a0\u00bb#0C71C3&Prime; sticky_enabled=\u00a0\u00bb0&Prime;][\/et_pb_button][et_pb_text _builder_version=\u00a0\u00bb4.27.4&Prime; text_font=\u00a0\u00bb|800|||||||\u00a0\u00bb text_text_color=\u00a0\u00bb#ff9f00&Prime; text_font_size=\u00a0\u00bb1.57em\u00a0\u00bb hover_enabled=\u00a0\u00bb0&Prime; global_colors_info=\u00a0\u00bb{}\u00a0\u00bb sticky_enabled=\u00a0\u00bb0&Prime;]<\/p>\n<p><span style=\"color: #0000ff;\"><strong>L\u2019IRA de Nantes : une \u00e9cole de service public pour les cadres et les agents de l\u2019Etat<\/strong><\/span><\/p>\n<p>[\/et_pb_text][et_pb_text _builder_version=\u00a0\u00bb4.27.4&Prime; text_font=\u00a0\u00bb||||||||\u00a0\u00bb text_font_size=\u00a0\u00bb1em\u00a0\u00bb global_colors_info=\u00a0\u00bb{}\u00a0\u00bb]<\/p>\n<p>L&rsquo;institut r\u00e9gional d&rsquo;administration (IRA) de Nantes est une \u00e9cole de service public qui recrute et qui forme les cadres et les agents de la fonction publique d&rsquo;Etat.<br \/>Institut de formation \u00e0 vocation interminist\u00e9rielle, il a pour missions principales :<br \/>\u2022 Le recrutement par concours et la formation initiale des cadres g\u00e9n\u00e9ralistes de l\u2019Etat : les attach\u00e9s d\u2019administration de l\u2019Etat ;<br \/>\u2022 La formation professionnelle tout au long de la vie et l\u2019accompagnement des parcours des agents de l\u2019Etat, et plus largement du service public ;<br \/>Le p\u00e9rim\u00e8tre d&rsquo;intervention de l&rsquo;IRA de Nantes concerne l&rsquo;ensemble du territoire du Grand Ouest (Bretagne, Centre Val de Loire, Pays de la Loire, Nouvelle Aquitaine) ainsi que la R\u00e9gion Parisienne.<br \/>Il existe 4 autres IRA implant\u00e9s \u00e0 Bastia, Lille, Lyon et Metz.<\/p>\n<p>[\/et_pb_text][et_pb_text _builder_version=\u00a0\u00bb4.27.4&Prime; text_font=\u00a0\u00bb|800|||||||\u00a0\u00bb text_text_color=\u00a0\u00bb#ff9f00&Prime; text_font_size=\u00a0\u00bb1.57em\u00a0\u00bb hover_enabled=\u00a0\u00bb0&Prime; global_colors_info=\u00a0\u00bb{}\u00a0\u00bb sticky_enabled=\u00a0\u00bb0&Prime;]<\/p>\n<p><span style=\"color: #0000ff;\"><strong>L\u2019IRA de Nantes : une \u00e9cole de r\u00e9f\u00e9rence pour recruter et former les futurs cadres de l\u2019Etat<\/strong><\/span><\/p>\n<p>[\/et_pb_text][et_pb_text _builder_version=\u00a0\u00bb4.27.4&Prime; text_font=\u00a0\u00bb||||||||\u00a0\u00bb text_font_size=\u00a0\u00bb1em\u00a0\u00bb global_colors_info=\u00a0\u00bb{}\u00a0\u00bb]<\/p>\n<p>Les cadres que l\u2019IRA de Nantes recrute (par concours) et forme sont les attach\u00e9s d\u2019administration de l\u2019Etat.<br \/>Ce sont des cadres polyvalents, \u00e0 vocation interminist\u00e9rielle, qui pourront occuper tout au long de leur carri\u00e8re des postes et des m\u00e9tiers tr\u00e8s diff\u00e9rents, dans des domaines aussi vari\u00e9s que l\u2019environnement, l\u2019\u00e9conomie, l\u2019\u00e9ducation nationale, la s\u00e9curit\u00e9 publique, la coh\u00e9sion sociale ou par exemple la justice. <br \/>Des m\u00e9tiers porteurs de sens, qui contribuent \u00e0 am\u00e9liorer concr\u00e8tement la vie de nos concitoyens.<br \/>L\u2019ambition de l\u2019IRA de Nantes est de former les cadres d\u2019une administration moderne, plus proche des gens, plus efficace, plus ouverte, et plus innovante.<br \/>Des cadres, engag\u00e9s et responsables, qui contribuent \u00e0 la mise en \u0153uvre des politiques publiques, et \u00e0 la transformation de nos administrations, pour r\u00e9pondre au mieux aux attentes de nos concitoyens et aux \u00e9volutions de la soci\u00e9t\u00e9.<br \/>Depuis sa cr\u00e9ation en 1973, l\u2019IRA de Nantes a form\u00e9 plus de 5000 cadres ! <br \/>Plus de 50 ans d\u2019engagement plein et entier au service d\u2019une formation exigeante et reconnue, en pleine ad\u00e9quation avec les besoins des futurs cadres et des administrations qui les emploient.<br \/>Fort de cette solide exp\u00e9rience, le r\u00e9seau des 5 IRA constitue encore et toujours les \u00e9coles de r\u00e9f\u00e9rence des cadres administratifs de l\u2019Etat.<\/p>\n<p>[\/et_pb_text][et_pb_text _builder_version=\u00a0\u00bb4.27.4&Prime; _module_preset=\u00a0\u00bbdefault\u00a0\u00bb text_text_color=\u00a0\u00bb#ff9f00&Prime; text_font_size=\u00a0\u00bb1.57em\u00a0\u00bb hover_enabled=\u00a0\u00bb0&Prime; global_colors_info=\u00a0\u00bb{}\u00a0\u00bb sticky_enabled=\u00a0\u00bb0&Prime;]<\/p>\n<p><span style=\"color: #0000ff;\"><strong>L\u2019IRA de Nantes : l\u2019institut qui forme tout au long de leur vie les agents du service public<\/strong><\/span><\/p>\n<p>[\/et_pb_text][et_pb_text _builder_version=\u00a0\u00bb4.27.4&Prime; _module_preset=\u00a0\u00bbdefault\u00a0\u00bb global_colors_info=\u00a0\u00bb{}\u00a0\u00bb]<\/p>\n<h2>L\u2019IRA de Nantes : l\u2019institut qui forme tout au long de leur vie les agents du service public<\/h2>\n<p>[\/et_pb_text][et_pb_text _builder_version=\u00a0\u00bb4.27.4&Prime; _module_preset=\u00a0\u00bbdefault\u00a0\u00bb text_text_color=\u00a0\u00bb#ff9f00&Prime; global_colors_info=\u00a0\u00bb{}\u00a0\u00bb]<\/p>\n<p>L\u2019IRA de Nantes : l\u2019institut qui forme tout au long de leur vie les agents du service public<\/p>\n<p>[\/et_pb_text][et_pb_text _builder_version=\u00a0\u00bb4.27.4&Prime; _module_preset=\u00a0\u00bbdefault\u00a0\u00bb global_colors_info=\u00a0\u00bb{}\u00a0\u00bb]<\/p>\n<p>Fort de son expertise, l\u2019IRA est un op\u00e9rateur de formation reconnu et ancr\u00e9 dans la r\u00e9alit\u00e9 du service public :<br \/>\u2022 Nous accompagnons l\u2019ensemble des agents de l\u2019Etat tout au long de leur vie dans le d\u00e9veloppement de leurs comp\u00e9tences transverses et dans leur parcours professionnel, selon une approche interminist\u00e9rielle ;<br \/>\u2022 Nous accompagnons les administrations des 3 versants de la fonction publique dans la conception et l\u2019organisation de formations sp\u00e9cifiques, adapt\u00e9es \u00e0 leurs besoins et \u00e0 leurs publics.<br \/>Notre mission ? R\u00e9pondre aux besoins du service public d\u2019aujourd\u2019hui et de demain, dans un souci permanent d\u2019ad\u00e9quation avec les nouveaux enjeux de soci\u00e9t\u00e9 et avec l\u2019\u00e9volution des services. <br \/>Son offre de formation s\u2019adapte aux attentes des agents et des citoyens, tout comme aux exigences d\u2019efficience des administrations du service public.<\/p>\n<p>[\/et_pb_text][\/et_pb_column][et_pb_column type=\u00a0\u00bb1_2&Prime; _builder_version=\u00a0\u00bb4.16&Prime; custom_padding=\u00a0\u00bb|||\u00a0\u00bb global_colors_info=\u00a0\u00bb{}\u00a0\u00bb custom_padding__hover=\u00a0\u00bb|||\u00a0\u00bb][et_pb_button button_url=\u00a0\u00bb\/index.php\/presentation-formation-initiale\/\u00a0\u00bb button_text=\u00a0\u00bbUne formation \u00e0 triple vocation\u00a0\u00bb _builder_version=\u00a0\u00bb4.27.4&Prime; custom_button=\u00a0\u00bbon\u00a0\u00bb button_text_size=\u00a0\u00bb1.65em\u00a0\u00bb button_text_color=\u00a0\u00bb#FFFFFF\u00a0\u00bb button_bg_color=\u00a0\u00bb#0C71C3&Prime; button_border_radius=\u00a0\u00bb0px\u00a0\u00bb button_font=\u00a0\u00bb|700|||||||\u00a0\u00bb button_use_icon=\u00a0\u00bboff\u00a0\u00bb custom_margin=\u00a0\u00bb|||\u00a0\u00bb hover_enabled=\u00a0\u00bb0&Prime; global_colors_info=\u00a0\u00bb{}\u00a0\u00bb sticky_enabled=\u00a0\u00bb0&Prime; button_bg_enable_color=\u00a0\u00bbon\u00a0\u00bb button_border_color=\u00a0\u00bb#0C71C3&Prime;][\/et_pb_button][et_pb_text _builder_version=\u00a0\u00bb4.27.4&Prime; text_font=\u00a0\u00bb|800|||||||\u00a0\u00bb text_text_color=\u00a0\u00bb#ff9f00&Prime; text_font_size=\u00a0\u00bb1.57em\u00a0\u00bb hover_enabled=\u00a0\u00bb0&Prime; global_colors_info=\u00a0\u00bb{}\u00a0\u00bb custom_padding=\u00a0\u00bb||0px|||\u00a0\u00bb sticky_enabled=\u00a0\u00bb0&Prime;]<\/p>\n<p><span style=\"color: #0000ff;\"><strong>Une \u00e9cole d&rsquo;application :<\/strong><\/span><br \/><span style=\"color: #3366ff;\">La formation initiale<\/span><\/p>\n<p>[\/et_pb_text][et_pb_button button_url=\u00a0\u00bbhttps:\/\/www.ira-nantes.gouv.fr\/index.php\/devenir-cadre-de-letat\/\u00a0\u00bb button_text=\u00a0\u00bbDevenir Attach\u00e9 d\u2019administration de l\u2019Etat : on vous explique tout !\u00a0\u00bb button_text_tablet=\u00a0\u00bbDevenir Attach\u00e9 d\u2019administration de l\u2019Etat : on vous explique tout !\u00a0\u00bb button_text_phone=\u00a0\u00bbDevenir Attach\u00e9 d\u2019administration de l\u2019Etat : on vous explique tout !\u00a0\u00bb button_text_last_edited=\u00a0\u00bbon|desktop\u00a0\u00bb _builder_version=\u00a0\u00bb4.27.4&Prime; _module_preset=\u00a0\u00bbdefault\u00a0\u00bb custom_button=\u00a0\u00bbon\u00a0\u00bb button_text_color=\u00a0\u00bb#FFFFFF\u00a0\u00bb button_font=\u00a0\u00bbArial|700|||||||\u00a0\u00bb button_icon=\u00a0\u00bb&#xe0f0;||divi||400&Prime; hover_enabled=\u00a0\u00bb0&Prime; button_text_shadow_style=\u00a0\u00bbpreset1&Prime; global_colors_info=\u00a0\u00bb{}\u00a0\u00bb sticky_enabled=\u00a0\u00bb0&Prime; button_bg_color=\u00a0\u00bb#0C71C3&Prime; button_bg_enable_color=\u00a0\u00bbon\u00a0\u00bb button_border_color=\u00a0\u00bb#0C71C3&Prime;][\/et_pb_button][et_pb_text _builder_version=\u00a0\u00bb4.16&Prime; text_font=\u00a0\u00bb||||||||\u00a0\u00bb text_font_size=\u00a0\u00bb1em\u00a0\u00bb global_colors_info=\u00a0\u00bb{}\u00a0\u00bb]<\/p>\n<p>L&rsquo;institut dispense une formation professionnelle,<br \/> post-universitaire et interminist\u00e9rielle aux futurs cadres de l\u2019\u00c9tat, <br \/>afin qu&rsquo;ils soient en mesure d&rsquo;exercer diff\u00e9rents m\u00e9tiers, <br \/>quelle que soit leur administration d&rsquo;affectation.<\/p>\n<p>Les missions li\u00e9es \u00e0 la formation initiale :<\/p>\n<p><span style=\"color: #ff9f00; font-size: 15.33px;\"><span>\u2713 <\/span><\/span>Mise en \u0153uvre de la formation initiale des attach\u00e9s stagiaires<\/p>\n<p><span style=\"color: #ff9f00; font-size: 15.33px;\"><span>\u2713<\/span><\/span> Gestion du centre de ressources documentaires<\/p>\n<p><span style=\"color: #ff9f00; font-size: 15.33px;\"><span>\u2713<\/span><\/span> Gestion de la Classe <strong>\u00ab\u00a0Pr\u00e9pas talents du service public\u00a0\u00bb<\/strong><\/p>\n<p>&nbsp;<\/p>\n<p>[\/et_pb_text][et_pb_code _builder_version=\u00a0\u00bb4.25.0&Prime; global_colors_info=\u00a0\u00bb{}\u00a0\u00bb]<a style=\"background-color:#ffb200\" class=\"et_pb_button et_pb_custom_button_icon et_pb_bg_layout_dark\" target=\"blank\"href=\"index.php\/presentation-cpt-jlg\/\" rel=\"noopener noreferrer\">+ d&rsquo;informations sur la Pr\u00e9pa Talents <img decoding=\"async\" src=\"\/wp-content\/uploads\/2019\/05\/IRA_consulter_white.png\" style=\"width: 35px;<!-- [et_pb_line_break_holder] -->    vertical-align: -32%;\u00a0\u00bb><\/a>[\/et_pb_code][et_pb_text _builder_version=\u00a0\u00bb4.27.4&Prime; text_font=\u00a0\u00bb|800|||||||\u00a0\u00bb text_text_color=\u00a0\u00bb#ff9f00&Prime; text_font_size=\u00a0\u00bb1.57em\u00a0\u00bb hover_enabled=\u00a0\u00bb0&Prime; global_colors_info=\u00a0\u00bb{}\u00a0\u00bb sticky_enabled=\u00a0\u00bb0&Prime;]<\/p>\n<p><span style=\"color: #0000ff;\"><strong>Une \u00e9cole de formation professionnelle :<\/strong><\/span><br \/><span style=\"color: #3366ff;\">La formation tout au long de la vie<\/span><strong><\/strong><\/p>\n<p>[\/et_pb_text][et_pb_text _builder_version=\u00a0\u00bb4.16&Prime; text_font=\u00a0\u00bb||||||||\u00a0\u00bb text_font_size=\u00a0\u00bb1em\u00a0\u00bb global_colors_info=\u00a0\u00bb{}\u00a0\u00bb]<\/p>\n<p>L&rsquo;IRA de Nantes accueille des fonctionnaires d\u00e9j\u00e0 en<br \/>poste, pour des formations, \u00e0 la demande de leur<br \/>administration ou sur catalogue, leur permettant ainsi<br \/>de se perfectionner \u00e0 tout moment dans leur carri\u00e8re.<\/p>\n<p>[\/et_pb_text][et_pb_code _builder_version=\u00a0\u00bb4.25.0&Prime; global_colors_info=\u00a0\u00bb{}\u00a0\u00bb]  <a style=\"background-color:#ffb200\" class=\"et_pb_button et_pb_custom_button_icon et_pb_bg_layout_dark\" target=\"blank\"href=\"\/index.php\/notre-offre\/\" rel=\"noopener noreferrer\">Notre offre de formation continue <img decoding=\"async\" src=\"\/wp-content\/uploads\/2019\/05\/IRA_consulter_white.png\" style=\"width: 35px;<!-- [et_pb_line_break_holder] -->    vertical-align: -32%;\u00a0\u00bb><\/a>[\/et_pb_code][et_pb_text _builder_version=\u00a0\u00bb4.27.4&Prime; text_font=\u00a0\u00bb|800|||||||\u00a0\u00bb text_text_color=\u00a0\u00bb#ff9f00&Prime; text_font_size=\u00a0\u00bb1.57em\u00a0\u00bb hover_enabled=\u00a0\u00bb0&Prime; global_colors_info=\u00a0\u00bb{}\u00a0\u00bb sticky_enabled=\u00a0\u00bb0&Prime;]<\/p>\n<p><span style=\"color: #0000ff;\"><strong>Une \u00e9cole ouverte sur le monde :<\/strong><\/span><br \/><span style=\"color: #3366ff;\">La coop\u00e9ration administrative internationale<\/span><\/p>\n<p>[\/et_pb_text][et_pb_text _builder_version=\u00a0\u00bb4.16&Prime; text_font=\u00a0\u00bb||||||||\u00a0\u00bb text_font_size=\u00a0\u00bb1em\u00a0\u00bb global_colors_info=\u00a0\u00bb{}\u00a0\u00bb]<\/p>\n<p>L&rsquo;institut re\u00e7oit des hauts fonctionnaires \u00e9trangers qui<br \/> viennent s&rsquo;informer sur l&rsquo;organisation de l&rsquo;administration<br \/> fran\u00e7aise, la fonction publique et la formation des<br \/> fonctionnaires, ou envoie des experts fran\u00e7ais \u00e0<br \/> l&rsquo;\u00e9tranger.<\/p>\n<p>Par ailleurs, \u00e0 l&rsquo;occasion d&rsquo;une convention pass\u00e9e<br \/> entre la France et le gouvernement d&rsquo;un autre pays, un<br \/> ou deux auditeurs \u00e9trangers peuvent \u00eatre int\u00e9gr\u00e9s \u00e0 la<br \/> promotion en cours, et suivre l&rsquo;int\u00e9gralit\u00e9 de la<br \/> formation des attach\u00e9s stagiaires.<\/p>\n<p>[\/et_pb_text][\/et_pb_column][\/et_pb_row][\/et_pb_section]<\/p>\n","protected":false},"excerpt":{"rendered":"<p>L\u2019IRA de Nantes : une \u00e9cole de service public pour les cadres et les agents de l\u2019EtatL&rsquo;institut r\u00e9gional d&rsquo;administration (IRA) de Nantes est une \u00e9cole de service public qui recrute et qui forme les cadres et les agents de la fonction publique d&rsquo;Etat.Institut de formation \u00e0 vocation interminist\u00e9rielle, il a pour missions principales :\u2022 Le [&hellip;]<\/p>\n","protected":false},"author":1,"featured_media":0,"parent":0,"menu_order":0,"comment_status":"closed","ping_status":"closed","template":"","meta":{"_et_pb_use_builder":"on","_et_pb_old_content":"","_et_gb_content_width":"","footnotes":""},"class_list":["post-140","page","type-page","status-publish","hentry"],"_links":{"self":[{"href":"https:\/\/www.ira-nantes.gouv.fr\/index.php\/wp-json\/wp\/v2\/pages\/140","targetHints":{"allow":["GET"]}}],"collection":[{"href":"https:\/\/www.ira-nantes.gouv.fr\/index.php\/wp-json\/wp\/v2\/pages"}],"about":[{"href":"https:\/\/www.ira-nantes.gouv.fr\/index.php\/wp-json\/wp\/v2\/types\/page"}],"author":[{"embeddable":true,"href":"https:\/\/www.ira-nantes.gouv.fr\/index.php\/wp-json\/wp\/v2\/users\/1"}],"replies":[{"embeddable":true,"href":"https:\/\/www.ira-nantes.gouv.fr\/index.php\/wp-json\/wp\/v2\/comments?post=140"}],"version-history":[{"count":14,"href":"https:\/\/www.ira-nantes.gouv.fr\/index.php\/wp-json\/wp\/v2\/pages\/140\/revisions"}],"predecessor-version":[{"id":11419,"href":"https:\/\/www.ira-nantes.gouv.fr\/index.php\/wp-json\/wp\/v2\/pages\/140\/revisions\/11419"}],"wp:attachment":[{"href":"https:\/\/www.ira-nantes.gouv.fr\/index.php\/wp-json\/wp\/v2\/media?parent=140"}],"curies":[{"name":"wp","href":"https:\/\/api.w.org\/{rel}","templated":true}]}}