{"id":11397,"date":"2025-02-10T14:59:04","date_gmt":"2025-02-10T13:59:04","guid":{"rendered":"https:\/\/www.ira-nantes.gouv.fr\/?page_id=11397"},"modified":"2025-03-05T16:34:30","modified_gmt":"2025-03-05T15:34:30","slug":"debouches","status":"publish","type":"page","link":"https:\/\/www.ira-nantes.gouv.fr\/index.php\/debouches\/","title":{"rendered":"D\u00e9bouch\u00e9s"},"content":{"rendered":"<p>[et_pb_section fb_built=\u00a0\u00bb1&Prime; _builder_version=\u00a0\u00bb4.27.4&Prime; _module_preset=\u00a0\u00bbdefault\u00a0\u00bb global_colors_info=\u00a0\u00bb{}\u00a0\u00bb][et_pb_row _builder_version=\u00a0\u00bb4.27.4&Prime; _module_preset=\u00a0\u00bbdefault\u00a0\u00bb global_colors_info=\u00a0\u00bb{}\u00a0\u00bb][et_pb_column type=\u00a0\u00bb4_4&Prime; _builder_version=\u00a0\u00bb4.27.4&Prime; _module_preset=\u00a0\u00bbdefault\u00a0\u00bb global_colors_info=\u00a0\u00bb{}\u00a0\u00bb][et_pb_text _builder_version=\u00a0\u00bb4.27.4&Prime; _module_preset=\u00a0\u00bbdefault\u00a0\u00bb global_colors_info=\u00a0\u00bb{}\u00a0\u00bb]<\/p>\n<h1><strong>D\u00e9bouch\u00e9s<\/strong><\/h1>\n<p>[\/et_pb_text][et_pb_image src=\u00a0\u00bbhttps:\/\/www.ira-nantes.gouv.fr\/wp-content\/uploads\/2025\/03\/Frise.png\u00a0\u00bb title_text=\u00a0\u00bbFrise\u00a0\u00bb align=\u00a0\u00bbcenter\u00a0\u00bb _builder_version=\u00a0\u00bb4.27.4&Prime; _module_preset=\u00a0\u00bbdefault\u00a0\u00bb hover_enabled=\u00a0\u00bb0&Prime; global_colors_info=\u00a0\u00bb{}\u00a0\u00bb sticky_enabled=\u00a0\u00bb0&Prime;][\/et_pb_image][et_pb_text _builder_version=\u00a0\u00bb4.27.4&Prime; _module_preset=\u00a0\u00bbdefault\u00a0\u00bb global_colors_info=\u00a0\u00bb{}\u00a0\u00bb]<\/p>\n<p>A l\u2019issue des 8 mois de formation r\u00e9mun\u00e9r\u00e9e au sein de l\u2019institut, vous occuperez un premier poste dans le Grand Ouest ou en R\u00e9gion Parisienne.<\/p>\n<p>Le choix du poste se fera en fonction de votre classement \u00e0 l\u2019issue des \u00e9preuves de scolarit\u00e9. Vous effectuerez votre choix au sein d\u2019une liste de postes d\u00e9di\u00e9s aux \u00e9l\u00e8ves sortant de l\u2019IRA de Nantes.<\/p>\n<p>Les postes propos\u00e9s concernent tous les minist\u00e8res, en administration centrale, en services d\u00e9concentr\u00e9s, en \u00e9tablissements publics locaux d\u2019enseignement, ou au sein de certains op\u00e9rateurs de l\u2019Etat.<\/p>\n<p>Ils sont localis\u00e9s en r\u00e9gion parisienne ou dans le Grand Ouest (Pays de la Loire, Bretagne, Centre-Val-de-Loire, Nouvelle Aquitaine). Quelques postes peuvent \u00e9galement \u00eatre propos\u00e9s dans les DROM-COM. A la marge, certains postes peuvent ponctuellement \u00eatre localis\u00e9s en Normandie, r\u00e9gion de la comp\u00e9tence g\u00e9ographique principale de l\u2019IRA de Lille\u00a0<\/p>\n<p>La liste des postes propos\u00e9s couvre une tr\u00e8s grande vari\u00e9t\u00e9 de m\u00e9tiers, qui peuvent \u00eatre li\u00e9s \u00e0 des comp\u00e9tences transverses (gestion des ressources humaines, gestion budg\u00e9taire, communication, droit, etc.) ou \u00e0 la conduite de politiques publiques, dans des domaines aussi vari\u00e9s que la transition \u00e9cologique, l\u2019\u00e9conomie, la culture, la s\u00e9curit\u00e9 et bien d\u2019autres encore.<\/p>\n<p>Durant les 6 premiers mois de votre affectation sur le poste ainsi choisi, vous aurez le statut d\u2019attach\u00e9s stagiaires.<\/p>\n<p>A l\u2019issue de ces 6 mois de stage statutaire, votre employeur d\u00e9cidera de votre titularisation en tant qu\u2019attach\u00e9 d\u2019administration de l\u2019Etat.<\/p>\n<p>D\u00e8s lors, un parcours professionnel ouvert et diversifi\u00e9 s\u2019offre \u00e0 vous !<\/p>\n<p>[\/et_pb_text][et_pb_button button_url=\u00a0\u00bbhttps:\/\/www.ira-nantes.gouv.fr\/index.php\/devenir-cadre-de-letat\/\u00a0\u00bb button_text=\u00a0\u00bbDevenir cadre de l&rsquo;Etat : on vous explique tout !\u00a0\u00bb _builder_version=\u00a0\u00bb4.27.4&Prime; _module_preset=\u00a0\u00bbdefault\u00a0\u00bb custom_button=\u00a0\u00bbon\u00a0\u00bb button_font=\u00a0\u00bb|700|||||||\u00a0\u00bb global_colors_info=\u00a0\u00bb{}\u00a0\u00bb][\/et_pb_button][et_pb_text _builder_version=\u00a0\u00bb4.27.4&Prime; _module_preset=\u00a0\u00bbdefault\u00a0\u00bb global_colors_info=\u00a0\u00bb{}\u00a0\u00bb]<\/p>\n<h2><strong>Postes par promotion<\/strong><\/h2>\n<p>[\/et_pb_text][et_pb_text _builder_version=\u00a0\u00bb4.27.4&Prime; _module_preset=\u00a0\u00bbdefault\u00a0\u00bb global_colors_info=\u00a0\u00bb{}\u00a0\u00bb]<\/p>\n<p><span size=\"3\"><a style=\"width: 100%; border-color: transparent; background-color: #ffd700;\" class=\"et_pb_button et_pb_custom_button_icon  et_pb_bg_layout_dark\" target=\"_blank\" href=\"https:\/\/www.ira-nantes.gouv.fr\/wp-content\/uploads\/2024\/09\/PROMO-56.pdf\" rel=\"noopener noreferrer\">Promotion \u00ab\u00a0Olga BANCIC\u00a0\u00bb 2024 <img decoding=\"async\" src=\"\/wp-content\/uploads\/2019\/05\/IRA_download_white.png\" style=\"width: 35px; vertical-align: -32%;\" \/><\/a><\/span><\/p>\n<p><span size=\"3\"><\/span><a style=\"width: 100%; border-color: transparent; background-color: #ffd700;\" class=\"et_pb_button et_pb_custom_button_icon  et_pb_bg_layout_dark\" target=\"_blank\" href=\"https:\/\/www.ira-nantes.gouv.fr\/wp-content\/uploads\/2024\/06\/PROMO-55.pdf\" rel=\"noopener noreferrer\">Promotion \u00ab\u00a0Nadia MURAD\u00a0\u00bb 2023-2 <img decoding=\"async\" src=\"\/wp-content\/uploads\/2019\/05\/IRA_download_white.png\" style=\"width: 35px; vertical-align: -32%;\" \/><\/a><\/p>\n<p><span size=\"3\"><\/span><a style=\"width: 100%; border-color: transparent; background-color: #ffd700;\" class=\"et_pb_button et_pb_custom_button_icon  et_pb_bg_layout_dark\" target=\"_blank\" href=\"https:\/\/www.ira-nantes.gouv.fr\/wp-content\/uploads\/2024\/06\/PROMO-54.pdf\" rel=\"noopener noreferrer\">Promotion \u00ab\u00a0Jeanne BARRET\u00a0\u00bb 2023-1 <img decoding=\"async\" src=\"\/wp-content\/uploads\/2019\/05\/IRA_download_white.png\" style=\"width: 35px; vertical-align: -32%;\" \/><\/a><\/p>\n<p><span size=\"3\"><\/span><a style=\"width: 100%; border-color: transparent; background-color: #ffd700;\" class=\"et_pb_button et_pb_custom_button_icon  et_pb_bg_layout_dark\" target=\"_blank\" href=\"https:\/\/www.ira-nantes.gouv.fr\/wp-content\/uploads\/2024\/06\/PROMO-53.pdf\" rel=\"noopener noreferrer\">Promotion \u00ab\u00a0Belem\u00a0\u00bb 2022-2 <img decoding=\"async\" src=\"\/wp-content\/uploads\/2019\/05\/IRA_download_white.png\" style=\"width: 35px; vertical-align: -32%;\" \/><\/a><\/p>\n<p><span size=\"3\"><\/span><a style=\"width: 100%; border-color: transparent; background-color: #ffd700;\" class=\"et_pb_button et_pb_custom_button_icon  et_pb_bg_layout_dark\" target=\"_blank\" href=\"https:\/\/www.ira-nantes.gouv.fr\/wp-content\/uploads\/2022\/10\/Postes-P52.pdf\" rel=\"noopener noreferrer\">Promotion \u00ab\u00a0Hubertine AUCLERT\u00a0\u00bb 2022-1 <img decoding=\"async\" src=\"\/wp-content\/uploads\/2019\/05\/IRA_download_white.png\" style=\"width: 35px; vertical-align: -32%;\" \/><\/a><\/p>\n<p><span size=\"3\"><\/span><a style=\"width: 100%; border-color: transparent; background-color: #ffd700;\" class=\"et_pb_button et_pb_custom_button_icon  et_pb_bg_layout_dark\" target=\"_blank\" href=\"https:\/\/www.ira-nantes.gouv.fr\/wp-content\/uploads\/2022\/10\/Postes-P51.pdf\" rel=\"noopener noreferrer\">Promotion \u00ab\u00a0Odys\u00e9e\u00a0\u00bb 2021-2 <img decoding=\"async\" src=\"\/wp-content\/uploads\/2019\/05\/IRA_download_white.png\" style=\"width: 35px; vertical-align: -32%;\" \/><\/a><\/p>\n<p><span size=\"3\"><\/span><a style=\"width: 100%; border-color: transparent; background-color: #ffd700;\" class=\"et_pb_button et_pb_custom_button_icon  et_pb_bg_layout_dark\" target=\"_blank\" href=\"https:\/\/www.ira-nantes.gouv.fr\/wp-content\/uploads\/2022\/05\/P50.pdf\" rel=\"noopener noreferrer\">Promotion \u00ab\u00a0Pers\u00e9v\u00e9rance\u00a0\u00bb 2021-1 <img decoding=\"async\" src=\"\/wp-content\/uploads\/2019\/05\/IRA_download_white.png\" style=\"width: 35px; vertical-align: -32%;\" \/><\/a><\/p>\n<p><span size=\"3\"><\/span><a style=\"width: 100%; border-color: transparent; background-color: #ffd700;\" class=\"et_pb_button et_pb_custom_button_icon  et_pb_bg_layout_dark\" target=\"_blank\" href=\"https:\/\/www.ira-nantes.gouv.fr\/wp-content\/uploads\/2022\/02\/P49-RE.pdf\" rel=\"noopener noreferrer\">Promotion \u00ab\u00a0Rapha\u00ebl \u00c9LIZ\u00c9\u00a0\u00bb 2020-2 <img decoding=\"async\" src=\"\/wp-content\/uploads\/2019\/05\/IRA_download_white.png\" style=\"width: 35px; vertical-align: -32%;\" \/><\/a><\/p>\n<p><span size=\"3\"><\/span><a style=\"width: 100%; border-color: transparent; background-color: #ffd700;\" class=\"et_pb_button et_pb_custom_button_icon  et_pb_bg_layout_dark\" target=\"_blank\" href=\"https:\/\/www.ira-nantes.gouv.fr\/wp-content\/uploads\/2021\/05\/Poste-AV.pdf\" rel=\"noopener noreferrer\">Promotion \u00ab\u00a0Agn\u00e8s VARDA\u00a0\u00bb 2020-1 <img decoding=\"async\" src=\"\/wp-content\/uploads\/2019\/05\/IRA_download_white.png\" style=\"width: 35px; vertical-align: -32%;\" \/><\/a><\/p>\n<p><span size=\"3\"><\/span><a style=\"width: 100%; border-color: transparent; background-color: #ffd700;\" class=\"et_pb_button et_pb_custom_button_icon  et_pb_bg_layout_dark\" target=\"_blank\" href=\"https:\/\/www.ira-nantes.gouv.fr\/wp-content\/uploads\/2022\/05\/P47-Michel-SERRES.pdf\" rel=\"noopener noreferrer\">Promotion \u00ab\u00a0Michel SERRES\u00a0\u00bb 2019 <img decoding=\"async\" src=\"\/wp-content\/uploads\/2019\/05\/IRA_download_white.png\" style=\"width: 35px; vertical-align: -32%;\" \/><\/a><\/p>\n<p>[\/et_pb_text][\/et_pb_column][\/et_pb_row][\/et_pb_section]<\/p>\n","protected":false},"excerpt":{"rendered":"<p>D\u00e9bouch\u00e9sA l\u2019issue des 8 mois de formation r\u00e9mun\u00e9r\u00e9e au sein de l\u2019institut, vous occuperez un premier poste dans le Grand Ouest ou en R\u00e9gion Parisienne. Le choix du poste se fera en fonction de votre classement \u00e0 l\u2019issue des \u00e9preuves de scolarit\u00e9. Vous effectuerez votre choix au sein d\u2019une liste de postes d\u00e9di\u00e9s aux \u00e9l\u00e8ves [&hellip;]<\/p>\n","protected":false},"author":1,"featured_media":0,"parent":0,"menu_order":0,"comment_status":"closed","ping_status":"closed","template":"","meta":{"_et_pb_use_builder":"on","_et_pb_old_content":"","_et_gb_content_width":"","footnotes":""},"class_list":["post-11397","page","type-page","status-publish","hentry"],"_links":{"self":[{"href":"https:\/\/www.ira-nantes.gouv.fr\/index.php\/wp-json\/wp\/v2\/pages\/11397","targetHints":{"allow":["GET"]}}],"collection":[{"href":"https:\/\/www.ira-nantes.gouv.fr\/index.php\/wp-json\/wp\/v2\/pages"}],"about":[{"href":"https:\/\/www.ira-nantes.gouv.fr\/index.php\/wp-json\/wp\/v2\/types\/page"}],"author":[{"embeddable":true,"href":"https:\/\/www.ira-nantes.gouv.fr\/index.php\/wp-json\/wp\/v2\/users\/1"}],"replies":[{"embeddable":true,"href":"https:\/\/www.ira-nantes.gouv.fr\/index.php\/wp-json\/wp\/v2\/comments?post=11397"}],"version-history":[{"count":8,"href":"https:\/\/www.ira-nantes.gouv.fr\/index.php\/wp-json\/wp\/v2\/pages\/11397\/revisions"}],"predecessor-version":[{"id":11573,"href":"https:\/\/www.ira-nantes.gouv.fr\/index.php\/wp-json\/wp\/v2\/pages\/11397\/revisions\/11573"}],"wp:attachment":[{"href":"https:\/\/www.ira-nantes.gouv.fr\/index.php\/wp-json\/wp\/v2\/media?parent=11397"}],"curies":[{"name":"wp","href":"https:\/\/api.w.org\/{rel}","templated":true}]}}